{"id":206,"date":"2023-10-03T13:46:06","date_gmt":"2023-10-03T11:46:06","guid":{"rendered":"https:\/\/www.lareserve-gerardmer.fr\/mentions-legales\/"},"modified":"2023-11-30T17:10:48","modified_gmt":"2023-11-30T16:10:48","slug":"legal-notice","status":"publish","type":"page","link":"https:\/\/www.lareserve-gerardmer.fr\/en\/legal-notice\/","title":{"rendered":"Legal notice"},"content":{"rendered":"<h2 style=\"text-align: center;\">Propri\u00e9taire :<\/h2>\n<p style=\"text-align: center;\">SAS La R\u00e9serve<br \/>\nEsplanade du Lac<br \/>\n2 Avenue du 19 Novembre<br \/>\n88400 G\u00e9rardmer<br \/>\n03 29 63 21 60<br \/>\n<a href=\"mailto:contact@lareserve-gerardmer.fr\">contact@lareserve-gerardmer.fr<br \/>\n<\/a><a href=\"http:\/\/www.lareserve-geradmer.fr\">www.lareserve-geradmer.fr<\/a><br \/>\nSIRET : 50363135000017<\/p>\n<h2 style=\"text-align: center;\">Conception et r\u00e9alisation du site :<\/h2>\n<p style=\"text-align: center;\">La Soci\u00e9t\u00e9 D-EDGE<br \/>\nADRESSE : 66, rue des Archives<br \/>\n\u00e0 PARIS (75003)<br \/>\nRCS PARIS N\u00b0 431 513 852<br \/>\nRegistre du Commerce et des Soci\u00e9t\u00e9s n\u00b0RCS<br \/>\nPARIS 431 513 852<br \/>\nCapital: 12 700 298.40\u20ac\u200b<\/p>\n<h2 style=\"text-align: center;\">H\u00e9bergement :<\/h2>\n<p style=\"text-align: center;\">WPEngine, Inc. Irongate House,<br \/>\nAdresse : 22-30 Duke\u2019s Place Londres, EC3A 7LP,<br \/>\nRoyaume-Uni<br \/>\nT\u00e9l\u00e9phone : 08 00 50 53 049<\/p>\n<h2 style=\"text-align: center;\">Donn\u00e9es personnelles :<\/h2>\n<p style=\"text-align: center;\">L\u2019h\u00f4tel, en tant que responsable du traitement, collecte et traite les donn\u00e9es \u00e0 caract\u00e8re personnel \u00e0 des fins de gestion des r\u00e9servations et des clients, pour les besoins de la facturation et des paiements et pour mener ses actions commerciales et enqu\u00eates de satisfaction. Les donn\u00e9es sont destin\u00e9es \u00e0 l\u2019h\u00f4tel et \u00e0 ses prestataires. Vous disposez d&#8217;un droit d&#8217;acc\u00e8s, de rectification et de suppression des donn\u00e9es \u00e0 caract\u00e8re personnel qui vous concernent et vous pouvez vous opposer au traitement de vos donn\u00e9es. Pour exercer ces droits, il vous suffit d\u2019\u00e9crire \u00e0 l\u2019h\u00f4tel.<\/p>\n","protected":false},"excerpt":{"rendered":"<p>Propri\u00e9taire : SAS La R\u00e9serve Esplanade du Lac 2 Avenue du 19 Novembre 88400 G\u00e9rardmer 03 29 63 21 60 contact@lareserve-gerardmer.fr www.lareserve-geradmer.fr SIRET : 50363135000017 Conception et r\u00e9alisation du site : La Soci\u00e9t\u00e9 D-EDGE ADRESSE : 66, rue des Archives \u00e0 PARIS (75003) RCS PARIS N\u00b0 431 513 852 Registre du Commerce et des Soci\u00e9t\u00e9s [&hellip;]<\/p>\n","protected":false},"author":16,"featured_media":0,"parent":0,"menu_order":90,"comment_status":"closed","ping_status":"closed","template":"","meta":{"footnotes":""},"class_list":["post-206","page","type-page","status-publish","hentry"],"yoast_head":"<!-- This site is optimized with the Yoast SEO plugin v27.3 - https:\/\/yoast.com\/product\/yoast-seo-wordpress\/ -->\n<title>Mentions l\u00e9gales | H\u00f4tel La R\u00e9serve G\u00e9rardmer<\/title>\n<meta name=\"description\" content=\"Find here the legal notices of the Hotel La R\u00e9serve in G\u00e9rardmer.\" \/>\n<meta name=\"robots\" content=\"index, follow, max-snippet:-1, max-image-preview:large, max-video-preview:-1\" \/>\n<link rel=\"canonical\" href=\"https:\/\/www.lareserve-gerardmer.fr\/en\/legal-notice\/\" \/>\n<meta property=\"og:locale\" content=\"en_US\" \/>\n<meta property=\"og:type\" content=\"article\" \/>\n<meta property=\"og:title\" content=\"Mentions l\u00e9gales | H\u00f4tel La R\u00e9serve G\u00e9rardmer\" \/>\n<meta property=\"og:description\" content=\"Find here the legal notices of the Hotel La R\u00e9serve in G\u00e9rardmer.\" \/>\n<meta property=\"og:url\" content=\"https:\/\/www.lareserve-gerardmer.fr\/en\/legal-notice\/\" \/>\n<meta property=\"og:site_name\" content=\"La R\u00e9serve Gerardmer\" \/>\n<meta property=\"article:modified_time\" content=\"2023-11-30T16:10:48+00:00\" \/>\n<meta name=\"twitter:card\" content=\"summary_large_image\" \/>\n<meta name=\"twitter:label1\" content=\"Est. reading time\" \/>\n\t<meta name=\"twitter:data1\" content=\"1 minute\" \/>\n<script type=\"application\/ld+json\" class=\"yoast-schema-graph\">{\"@context\":\"https:\\\/\\\/schema.org\",\"@graph\":[{\"@type\":\"WebPage\",\"@id\":\"https:\\\/\\\/www.lareserve-gerardmer.fr\\\/en\\\/legal-notice\\\/\",\"url\":\"https:\\\/\\\/www.lareserve-gerardmer.fr\\\/en\\\/legal-notice\\\/\",\"name\":\"Mentions l\u00e9gales | H\u00f4tel La R\u00e9serve G\u00e9rardmer\",\"isPartOf\":{\"@id\":\"https:\\\/\\\/www.lareserve-gerardmer.fr\\\/en\\\/#website\"},\"datePublished\":\"2023-10-03T11:46:06+00:00\",\"dateModified\":\"2023-11-30T16:10:48+00:00\",\"description\":\"Find here the legal notices of the Hotel La R\u00e9serve in G\u00e9rardmer.\",\"breadcrumb\":{\"@id\":\"https:\\\/\\\/www.lareserve-gerardmer.fr\\\/en\\\/legal-notice\\\/#breadcrumb\"},\"inLanguage\":\"en-US\",\"potentialAction\":[{\"@type\":\"ReadAction\",\"target\":[\"https:\\\/\\\/www.lareserve-gerardmer.fr\\\/en\\\/legal-notice\\\/\"]}]},{\"@type\":\"BreadcrumbList\",\"@id\":\"https:\\\/\\\/www.lareserve-gerardmer.fr\\\/en\\\/legal-notice\\\/#breadcrumb\",\"itemListElement\":[{\"@type\":\"ListItem\",\"position\":1,\"name\":\"Accueil\",\"item\":\"https:\\\/\\\/www.lareserve-gerardmer.fr\\\/en\\\/\"},{\"@type\":\"ListItem\",\"position\":2,\"name\":\"Legal notice\"}]},{\"@type\":\"WebSite\",\"@id\":\"https:\\\/\\\/www.lareserve-gerardmer.fr\\\/en\\\/#website\",\"url\":\"https:\\\/\\\/www.lareserve-gerardmer.fr\\\/en\\\/\",\"name\":\"La R\u00e9serve Gerardmer\",\"description\":\"\",\"potentialAction\":[{\"@type\":\"SearchAction\",\"target\":{\"@type\":\"EntryPoint\",\"urlTemplate\":\"https:\\\/\\\/www.lareserve-gerardmer.fr\\\/en\\\/?s={search_term_string}\"},\"query-input\":{\"@type\":\"PropertyValueSpecification\",\"valueRequired\":true,\"valueName\":\"search_term_string\"}}],\"inLanguage\":\"en-US\"}]}<\/script>\n<!-- \/ Yoast SEO plugin. -->","yoast_head_json":{"title":"Mentions l\u00e9gales | H\u00f4tel La R\u00e9serve G\u00e9rardmer","description":"Find here the legal notices of the Hotel La R\u00e9serve in G\u00e9rardmer.","robots":{"index":"index","follow":"follow","max-snippet":"max-snippet:-1","max-image-preview":"max-image-preview:large","max-video-preview":"max-video-preview:-1"},"canonical":"https:\/\/www.lareserve-gerardmer.fr\/en\/legal-notice\/","og_locale":"en_US","og_type":"article","og_title":"Mentions l\u00e9gales | H\u00f4tel La R\u00e9serve G\u00e9rardmer","og_description":"Find here the legal notices of the Hotel La R\u00e9serve in G\u00e9rardmer.","og_url":"https:\/\/www.lareserve-gerardmer.fr\/en\/legal-notice\/","og_site_name":"La R\u00e9serve Gerardmer","article_modified_time":"2023-11-30T16:10:48+00:00","twitter_card":"summary_large_image","twitter_misc":{"Est. reading time":"1 minute"},"schema":{"@context":"https:\/\/schema.org","@graph":[{"@type":"WebPage","@id":"https:\/\/www.lareserve-gerardmer.fr\/en\/legal-notice\/","url":"https:\/\/www.lareserve-gerardmer.fr\/en\/legal-notice\/","name":"Mentions l\u00e9gales | H\u00f4tel La R\u00e9serve G\u00e9rardmer","isPartOf":{"@id":"https:\/\/www.lareserve-gerardmer.fr\/en\/#website"},"datePublished":"2023-10-03T11:46:06+00:00","dateModified":"2023-11-30T16:10:48+00:00","description":"Find here the legal notices of the Hotel La R\u00e9serve in G\u00e9rardmer.","breadcrumb":{"@id":"https:\/\/www.lareserve-gerardmer.fr\/en\/legal-notice\/#breadcrumb"},"inLanguage":"en-US","potentialAction":[{"@type":"ReadAction","target":["https:\/\/www.lareserve-gerardmer.fr\/en\/legal-notice\/"]}]},{"@type":"BreadcrumbList","@id":"https:\/\/www.lareserve-gerardmer.fr\/en\/legal-notice\/#breadcrumb","itemListElement":[{"@type":"ListItem","position":1,"name":"Accueil","item":"https:\/\/www.lareserve-gerardmer.fr\/en\/"},{"@type":"ListItem","position":2,"name":"Legal notice"}]},{"@type":"WebSite","@id":"https:\/\/www.lareserve-gerardmer.fr\/en\/#website","url":"https:\/\/www.lareserve-gerardmer.fr\/en\/","name":"La R\u00e9serve Gerardmer","description":"","potentialAction":[{"@type":"SearchAction","target":{"@type":"EntryPoint","urlTemplate":"https:\/\/www.lareserve-gerardmer.fr\/en\/?s={search_term_string}"},"query-input":{"@type":"PropertyValueSpecification","valueRequired":true,"valueName":"search_term_string"}}],"inLanguage":"en-US"}]}},"acf":[],"_links":{"self":[{"href":"https:\/\/www.lareserve-gerardmer.fr\/en\/wp-json\/wp\/v2\/pages\/206","targetHints":{"allow":["GET"]}}],"collection":[{"href":"https:\/\/www.lareserve-gerardmer.fr\/en\/wp-json\/wp\/v2\/pages"}],"about":[{"href":"https:\/\/www.lareserve-gerardmer.fr\/en\/wp-json\/wp\/v2\/types\/page"}],"author":[{"embeddable":true,"href":"https:\/\/www.lareserve-gerardmer.fr\/en\/wp-json\/wp\/v2\/users\/16"}],"replies":[{"embeddable":true,"href":"https:\/\/www.lareserve-gerardmer.fr\/en\/wp-json\/wp\/v2\/comments?post=206"}],"version-history":[{"count":0,"href":"https:\/\/www.lareserve-gerardmer.fr\/en\/wp-json\/wp\/v2\/pages\/206\/revisions"}],"wp:attachment":[{"href":"https:\/\/www.lareserve-gerardmer.fr\/en\/wp-json\/wp\/v2\/media?parent=206"}],"curies":[{"name":"wp","href":"https:\/\/api.w.org\/{rel}","templated":true}]}}