{"id":202,"date":"2023-10-03T13:44:19","date_gmt":"2023-10-03T11:44:19","guid":{"rendered":"https:\/\/www.lareserve-gerardmer.fr\/comment-nous-trouver-gerardmer-et-ses-alentours\/"},"modified":"2024-04-25T16:33:56","modified_gmt":"2024-04-25T14:33:56","slug":"how-to-find-us-gerardmer-and-its-surroundings","status":"publish","type":"page","link":"https:\/\/www.lareserve-gerardmer.fr\/en\/how-to-find-us-gerardmer-and-its-surroundings\/","title":{"rendered":"How to find us &#8211; G\u00e9rardmer and its surroundings"},"content":{"rendered":"<p style=\"text-align: center\"><span style=\"font-weight: 400\">La R\u00e9serve hotel enjoys an ideal location on the shores of Gerardmer lake and in the city center. Therefore, it is easily accessible regardless of the mode of transport and the place of departure.<\/span><\/p>\n<p style=\"text-align: center\"><span style=\"font-weight: 400\">The main towns of the Vosges are very close! And getting to G\u00e9rardmer is easy from the SNCF stations of Epinal, Saint-Di\u00e9 des Vosges, Remiremont and Colmar. Access is also very simple from the airports of Strasbourg, Mulhouse, Nancy-Metz, Epinal-Mirecourt and Colmar. By train or plane, you can reach G\u00e9rardmer. Our establishment is finally just a 5-minute walk from the bus station.<\/span><\/p>\n<p style=\"text-align: center\"><strong>Once in G\u00e9rardmer, how to reach the hotel?<\/strong> <span style=\"font-weight: 400\">The hotel is located in the city center, and is indicated on all GPS; it very easy to access it in a short time, by car, and on foot when you get off the bus!<\/span><\/p>\n","protected":false},"excerpt":{"rendered":"<p>La R\u00e9serve hotel enjoys an ideal location on the shores of Gerardmer lake and in the city center. Therefore, it is easily accessible regardless of the mode of transport and the place of departure. The main towns of the Vosges are very close! And getting to G\u00e9rardmer is easy from the SNCF stations of Epinal, [&hellip;]<\/p>\n","protected":false},"author":16,"featured_media":461,"parent":0,"menu_order":50,"comment_status":"closed","ping_status":"closed","template":"template-location.php","meta":{"footnotes":""},"class_list":["post-202","page","type-page","status-publish","has-post-thumbnail","hentry"],"yoast_head":"<!-- This site is optimized with the Yoast SEO plugin v27.3 - https:\/\/yoast.com\/product\/yoast-seo-wordpress\/ -->\n<title>La R\u00e9serve Hotel and the G\u00e9rardmer lake in the Vosges | La R\u00e9serve<\/title>\n<meta name=\"description\" content=\"Nancy, La Bresse, Epinal, Munster\u2026 are the mains cities to visit at the crossroad of Lorraine and Alsace.\" \/>\n<meta name=\"robots\" content=\"index, follow, max-snippet:-1, max-image-preview:large, max-video-preview:-1\" \/>\n<link rel=\"canonical\" href=\"https:\/\/www.lareserve-gerardmer.fr\/en\/how-to-find-us-gerardmer-and-its-surroundings\/\" \/>\n<meta property=\"og:locale\" content=\"en_US\" \/>\n<meta property=\"og:type\" content=\"article\" \/>\n<meta property=\"og:title\" content=\"La R\u00e9serve Hotel and the G\u00e9rardmer lake in the Vosges | La R\u00e9serve\" \/>\n<meta property=\"og:description\" content=\"Nancy, La Bresse, Epinal, Munster\u2026 are the mains cities to visit at the crossroad of Lorraine and Alsace.\" \/>\n<meta property=\"og:url\" content=\"https:\/\/www.lareserve-gerardmer.fr\/en\/how-to-find-us-gerardmer-and-its-surroundings\/\" \/>\n<meta property=\"og:site_name\" content=\"La R\u00e9serve Gerardmer\" \/>\n<meta property=\"article:modified_time\" content=\"2024-04-25T14:33:56+00:00\" \/>\n<meta property=\"og:image\" content=\"https:\/\/www.lareserve-gerardmer.fr\/wp-content\/uploads\/sites\/69\/2024\/04\/440768750_1108021827120207_6526067807771992559_n.jpg\" \/>\n\t<meta property=\"og:image:width\" content=\"1600\" \/>\n\t<meta property=\"og:image:height\" content=\"1200\" \/>\n\t<meta property=\"og:image:type\" content=\"image\/jpeg\" \/>\n<meta name=\"twitter:card\" content=\"summary_large_image\" \/>\n<meta name=\"twitter:label1\" content=\"Est. reading time\" \/>\n\t<meta name=\"twitter:data1\" content=\"1 minute\" \/>\n<script type=\"application\/ld+json\" class=\"yoast-schema-graph\">{\"@context\":\"https:\\\/\\\/schema.org\",\"@graph\":[{\"@type\":\"WebPage\",\"@id\":\"https:\\\/\\\/www.lareserve-gerardmer.fr\\\/en\\\/how-to-find-us-gerardmer-and-its-surroundings\\\/\",\"url\":\"https:\\\/\\\/www.lareserve-gerardmer.fr\\\/en\\\/how-to-find-us-gerardmer-and-its-surroundings\\\/\",\"name\":\"La R\u00e9serve Hotel and the G\u00e9rardmer lake in the Vosges | La R\u00e9serve\",\"isPartOf\":{\"@id\":\"https:\\\/\\\/www.lareserve-gerardmer.fr\\\/en\\\/#website\"},\"primaryImageOfPage\":{\"@id\":\"https:\\\/\\\/www.lareserve-gerardmer.fr\\\/en\\\/how-to-find-us-gerardmer-and-its-surroundings\\\/#primaryimage\"},\"image\":{\"@id\":\"https:\\\/\\\/www.lareserve-gerardmer.fr\\\/en\\\/how-to-find-us-gerardmer-and-its-surroundings\\\/#primaryimage\"},\"thumbnailUrl\":\"https:\\\/\\\/www.lareserve-gerardmer.fr\\\/wp-content\\\/uploads\\\/sites\\\/69\\\/2024\\\/04\\\/440768750_1108021827120207_6526067807771992559_n.jpg\",\"datePublished\":\"2023-10-03T11:44:19+00:00\",\"dateModified\":\"2024-04-25T14:33:56+00:00\",\"description\":\"Nancy, La Bresse, Epinal, Munster\u2026 are the mains cities to visit at the crossroad of Lorraine and Alsace.\",\"breadcrumb\":{\"@id\":\"https:\\\/\\\/www.lareserve-gerardmer.fr\\\/en\\\/how-to-find-us-gerardmer-and-its-surroundings\\\/#breadcrumb\"},\"inLanguage\":\"en-US\",\"potentialAction\":[{\"@type\":\"ReadAction\",\"target\":[\"https:\\\/\\\/www.lareserve-gerardmer.fr\\\/en\\\/how-to-find-us-gerardmer-and-its-surroundings\\\/\"]}]},{\"@type\":\"ImageObject\",\"inLanguage\":\"en-US\",\"@id\":\"https:\\\/\\\/www.lareserve-gerardmer.fr\\\/en\\\/how-to-find-us-gerardmer-and-its-surroundings\\\/#primaryimage\",\"url\":\"https:\\\/\\\/www.lareserve-gerardmer.fr\\\/wp-content\\\/uploads\\\/sites\\\/69\\\/2024\\\/04\\\/440768750_1108021827120207_6526067807771992559_n.jpg\",\"contentUrl\":\"https:\\\/\\\/www.lareserve-gerardmer.fr\\\/wp-content\\\/uploads\\\/sites\\\/69\\\/2024\\\/04\\\/440768750_1108021827120207_6526067807771992559_n.jpg\",\"width\":1600,\"height\":1200},{\"@type\":\"BreadcrumbList\",\"@id\":\"https:\\\/\\\/www.lareserve-gerardmer.fr\\\/en\\\/how-to-find-us-gerardmer-and-its-surroundings\\\/#breadcrumb\",\"itemListElement\":[{\"@type\":\"ListItem\",\"position\":1,\"name\":\"Accueil\",\"item\":\"https:\\\/\\\/www.lareserve-gerardmer.fr\\\/en\\\/\"},{\"@type\":\"ListItem\",\"position\":2,\"name\":\"How to find us &#8211; G\u00e9rardmer and its surroundings\"}]},{\"@type\":\"WebSite\",\"@id\":\"https:\\\/\\\/www.lareserve-gerardmer.fr\\\/en\\\/#website\",\"url\":\"https:\\\/\\\/www.lareserve-gerardmer.fr\\\/en\\\/\",\"name\":\"La R\u00e9serve Gerardmer\",\"description\":\"\",\"potentialAction\":[{\"@type\":\"SearchAction\",\"target\":{\"@type\":\"EntryPoint\",\"urlTemplate\":\"https:\\\/\\\/www.lareserve-gerardmer.fr\\\/en\\\/?s={search_term_string}\"},\"query-input\":{\"@type\":\"PropertyValueSpecification\",\"valueRequired\":true,\"valueName\":\"search_term_string\"}}],\"inLanguage\":\"en-US\"}]}<\/script>\n<!-- \/ Yoast SEO plugin. -->","yoast_head_json":{"title":"La R\u00e9serve Hotel and the G\u00e9rardmer lake in the Vosges | La R\u00e9serve","description":"Nancy, La Bresse, Epinal, Munster\u2026 are the mains cities to visit at the crossroad of Lorraine and Alsace.","robots":{"index":"index","follow":"follow","max-snippet":"max-snippet:-1","max-image-preview":"max-image-preview:large","max-video-preview":"max-video-preview:-1"},"canonical":"https:\/\/www.lareserve-gerardmer.fr\/en\/how-to-find-us-gerardmer-and-its-surroundings\/","og_locale":"en_US","og_type":"article","og_title":"La R\u00e9serve Hotel and the G\u00e9rardmer lake in the Vosges | La R\u00e9serve","og_description":"Nancy, La Bresse, Epinal, Munster\u2026 are the mains cities to visit at the crossroad of Lorraine and Alsace.","og_url":"https:\/\/www.lareserve-gerardmer.fr\/en\/how-to-find-us-gerardmer-and-its-surroundings\/","og_site_name":"La R\u00e9serve Gerardmer","article_modified_time":"2024-04-25T14:33:56+00:00","og_image":[{"width":1600,"height":1200,"url":"https:\/\/www.lareserve-gerardmer.fr\/wp-content\/uploads\/sites\/69\/2024\/04\/440768750_1108021827120207_6526067807771992559_n.jpg","type":"image\/jpeg"}],"twitter_card":"summary_large_image","twitter_misc":{"Est. reading time":"1 minute"},"schema":{"@context":"https:\/\/schema.org","@graph":[{"@type":"WebPage","@id":"https:\/\/www.lareserve-gerardmer.fr\/en\/how-to-find-us-gerardmer-and-its-surroundings\/","url":"https:\/\/www.lareserve-gerardmer.fr\/en\/how-to-find-us-gerardmer-and-its-surroundings\/","name":"La R\u00e9serve Hotel and the G\u00e9rardmer lake in the Vosges | La R\u00e9serve","isPartOf":{"@id":"https:\/\/www.lareserve-gerardmer.fr\/en\/#website"},"primaryImageOfPage":{"@id":"https:\/\/www.lareserve-gerardmer.fr\/en\/how-to-find-us-gerardmer-and-its-surroundings\/#primaryimage"},"image":{"@id":"https:\/\/www.lareserve-gerardmer.fr\/en\/how-to-find-us-gerardmer-and-its-surroundings\/#primaryimage"},"thumbnailUrl":"https:\/\/www.lareserve-gerardmer.fr\/wp-content\/uploads\/sites\/69\/2024\/04\/440768750_1108021827120207_6526067807771992559_n.jpg","datePublished":"2023-10-03T11:44:19+00:00","dateModified":"2024-04-25T14:33:56+00:00","description":"Nancy, La Bresse, Epinal, Munster\u2026 are the mains cities to visit at the crossroad of Lorraine and Alsace.","breadcrumb":{"@id":"https:\/\/www.lareserve-gerardmer.fr\/en\/how-to-find-us-gerardmer-and-its-surroundings\/#breadcrumb"},"inLanguage":"en-US","potentialAction":[{"@type":"ReadAction","target":["https:\/\/www.lareserve-gerardmer.fr\/en\/how-to-find-us-gerardmer-and-its-surroundings\/"]}]},{"@type":"ImageObject","inLanguage":"en-US","@id":"https:\/\/www.lareserve-gerardmer.fr\/en\/how-to-find-us-gerardmer-and-its-surroundings\/#primaryimage","url":"https:\/\/www.lareserve-gerardmer.fr\/wp-content\/uploads\/sites\/69\/2024\/04\/440768750_1108021827120207_6526067807771992559_n.jpg","contentUrl":"https:\/\/www.lareserve-gerardmer.fr\/wp-content\/uploads\/sites\/69\/2024\/04\/440768750_1108021827120207_6526067807771992559_n.jpg","width":1600,"height":1200},{"@type":"BreadcrumbList","@id":"https:\/\/www.lareserve-gerardmer.fr\/en\/how-to-find-us-gerardmer-and-its-surroundings\/#breadcrumb","itemListElement":[{"@type":"ListItem","position":1,"name":"Accueil","item":"https:\/\/www.lareserve-gerardmer.fr\/en\/"},{"@type":"ListItem","position":2,"name":"How to find us &#8211; G\u00e9rardmer and its surroundings"}]},{"@type":"WebSite","@id":"https:\/\/www.lareserve-gerardmer.fr\/en\/#website","url":"https:\/\/www.lareserve-gerardmer.fr\/en\/","name":"La R\u00e9serve Gerardmer","description":"","potentialAction":[{"@type":"SearchAction","target":{"@type":"EntryPoint","urlTemplate":"https:\/\/www.lareserve-gerardmer.fr\/en\/?s={search_term_string}"},"query-input":{"@type":"PropertyValueSpecification","valueRequired":true,"valueName":"search_term_string"}}],"inLanguage":"en-US"}]}},"acf":[],"_links":{"self":[{"href":"https:\/\/www.lareserve-gerardmer.fr\/en\/wp-json\/wp\/v2\/pages\/202","targetHints":{"allow":["GET"]}}],"collection":[{"href":"https:\/\/www.lareserve-gerardmer.fr\/en\/wp-json\/wp\/v2\/pages"}],"about":[{"href":"https:\/\/www.lareserve-gerardmer.fr\/en\/wp-json\/wp\/v2\/types\/page"}],"author":[{"embeddable":true,"href":"https:\/\/www.lareserve-gerardmer.fr\/en\/wp-json\/wp\/v2\/users\/16"}],"replies":[{"embeddable":true,"href":"https:\/\/www.lareserve-gerardmer.fr\/en\/wp-json\/wp\/v2\/comments?post=202"}],"version-history":[{"count":0,"href":"https:\/\/www.lareserve-gerardmer.fr\/en\/wp-json\/wp\/v2\/pages\/202\/revisions"}],"wp:featuredmedia":[{"embeddable":true,"href":"https:\/\/www.lareserve-gerardmer.fr\/en\/wp-json\/wp\/v2\/media\/461"}],"wp:attachment":[{"href":"https:\/\/www.lareserve-gerardmer.fr\/en\/wp-json\/wp\/v2\/media?parent=202"}],"curies":[{"name":"wp","href":"https:\/\/api.w.org\/{rel}","templated":true}]}}