{"id":197,"date":"2023-10-03T13:43:48","date_gmt":"2023-10-03T11:43:48","guid":{"rendered":"https:\/\/www.lareserve-gerardmer.fr\/activites-a-gerardmer-et-aux-alentours\/"},"modified":"2024-04-25T16:28:23","modified_gmt":"2024-04-25T14:28:23","slug":"various-activities-in-gerardmer-and-its-region","status":"publish","type":"page","link":"https:\/\/www.lareserve-gerardmer.fr\/en\/various-activities-in-gerardmer-and-its-region\/","title":{"rendered":"Various activities in Gerardmer and its region"},"content":{"rendered":"<p style=\"text-align: center\"><span style=\"font-weight: 400\">La R\u00e9serve hotel is located near the shores of the lake of G\u00e9rardmer, in the heart of the city and the Vosges Massif. We benefit from an ideal location to explore the city and its surroundings, in terms of activities, leisure, visits the region offers.<\/span><\/p>\n<p style=\"text-align: center\"><span style=\"font-weight: 400\">There is of course the lake, the jewel of the region and the Vosges mountains, and the various activities in nature, the walks and the beach. <\/span><\/p>\n<p style=\"text-align: center\"><span style=\"font-weight: 400\">The Massif offers multiple opportunities to enjoy nature and sports. Plenty of outdoor activities are possible both during summer and winter. The ski resort, for example, is very close.<\/span><\/p>\n<p style=\"text-align: center\"><span style=\"font-weight: 400\">The Vosges Natural Park is the scene of a multitude of trails and hiking trails, from the Saut de la Bourrique to the Tour de Merelle, including the discovery of Alsatian and Lorraine jewels. You can also discover the nearby Acro-sphere to enjoy our nature. Finally, the hotel is located on the Alsace Wine Route and our team will not fail to share with you its knowledge of the region&#8217;s wine growers.<\/span><\/p>\n","protected":false},"excerpt":{"rendered":"<p>La R\u00e9serve hotel is located near the shores of the lake of G\u00e9rardmer, in the heart of the city and the Vosges Massif. We benefit from an ideal location to explore the city and its surroundings, in terms of activities, leisure, visits the region offers. There is of course the lake, the jewel of the [&hellip;]<\/p>\n","protected":false},"author":16,"featured_media":431,"parent":0,"menu_order":40,"comment_status":"closed","ping_status":"closed","template":"template-surroundings.php","meta":{"footnotes":""},"yoast_head":"<!-- This site is optimized with the Yoast SEO plugin v22.3 - https:\/\/yoast.com\/wordpress\/plugins\/seo\/ -->\n<title>Activities in G\u00e9rardmer and its region | H\u00f4tel La R\u00e9serve<\/title>\n<meta name=\"description\" content=\"In the Vosges, by the lake of G\u00e9rardmer, you can discover many activities such as skiing, hiking trails, cycling routes\u2026 and in our region, the alsatian wine route.\" \/>\n<meta name=\"robots\" content=\"index, follow, max-snippet:-1, max-image-preview:large, max-video-preview:-1\" \/>\n<link rel=\"canonical\" href=\"https:\/\/www.lareserve-gerardmer.fr\/en\/various-activities-in-gerardmer-and-its-region\/\" \/>\n<meta property=\"og:locale\" content=\"en_US\" \/>\n<meta property=\"og:type\" content=\"article\" \/>\n<meta property=\"og:title\" content=\"Activities in G\u00e9rardmer and its region | H\u00f4tel La R\u00e9serve\" \/>\n<meta property=\"og:description\" content=\"In the Vosges, by the lake of G\u00e9rardmer, you can discover many activities such as skiing, hiking trails, cycling routes\u2026 and in our region, the alsatian wine route.\" \/>\n<meta property=\"og:url\" content=\"https:\/\/www.lareserve-gerardmer.fr\/en\/various-activities-in-gerardmer-and-its-region\/\" \/>\n<meta property=\"og:site_name\" content=\"La R\u00e9serve Gerardmer\" \/>\n<meta property=\"article:modified_time\" content=\"2024-04-25T14:28:23+00:00\" \/>\n<meta property=\"og:image\" content=\"https:\/\/www.lareserve-gerardmer.fr\/wp-content\/uploads\/sites\/69\/2024\/04\/439397963_784795196941367_577169914281874742_n.jpg\" \/>\n\t<meta property=\"og:image:width\" content=\"1600\" \/>\n\t<meta property=\"og:image:height\" content=\"1200\" \/>\n\t<meta property=\"og:image:type\" content=\"image\/jpeg\" \/>\n<meta name=\"twitter:card\" content=\"summary_large_image\" \/>\n<meta name=\"twitter:label1\" content=\"Est. reading time\" \/>\n\t<meta name=\"twitter:data1\" content=\"2 minutes\" \/>\n<script type=\"application\/ld+json\" class=\"yoast-schema-graph\">{\"@context\":\"https:\/\/schema.org\",\"@graph\":[{\"@type\":\"WebPage\",\"@id\":\"https:\/\/www.lareserve-gerardmer.fr\/en\/various-activities-in-gerardmer-and-its-region\/\",\"url\":\"https:\/\/www.lareserve-gerardmer.fr\/en\/various-activities-in-gerardmer-and-its-region\/\",\"name\":\"Activities in G\u00e9rardmer and its region | H\u00f4tel La R\u00e9serve\",\"isPartOf\":{\"@id\":\"https:\/\/www.lareserve-gerardmer.fr\/en\/#website\"},\"primaryImageOfPage\":{\"@id\":\"https:\/\/www.lareserve-gerardmer.fr\/en\/various-activities-in-gerardmer-and-its-region\/#primaryimage\"},\"image\":{\"@id\":\"https:\/\/www.lareserve-gerardmer.fr\/en\/various-activities-in-gerardmer-and-its-region\/#primaryimage\"},\"thumbnailUrl\":\"https:\/\/www.lareserve-gerardmer.fr\/wp-content\/uploads\/sites\/69\/2024\/04\/439397963_784795196941367_577169914281874742_n.jpg\",\"datePublished\":\"2023-10-03T11:43:48+00:00\",\"dateModified\":\"2024-04-25T14:28:23+00:00\",\"description\":\"In the Vosges, by the lake of G\u00e9rardmer, you can discover many activities such as skiing, hiking trails, cycling routes\u2026 and in our region, the alsatian wine route.\",\"breadcrumb\":{\"@id\":\"https:\/\/www.lareserve-gerardmer.fr\/en\/various-activities-in-gerardmer-and-its-region\/#breadcrumb\"},\"inLanguage\":\"en-US\",\"potentialAction\":[{\"@type\":\"ReadAction\",\"target\":[\"https:\/\/www.lareserve-gerardmer.fr\/en\/various-activities-in-gerardmer-and-its-region\/\"]}]},{\"@type\":\"ImageObject\",\"inLanguage\":\"en-US\",\"@id\":\"https:\/\/www.lareserve-gerardmer.fr\/en\/various-activities-in-gerardmer-and-its-region\/#primaryimage\",\"url\":\"https:\/\/www.lareserve-gerardmer.fr\/wp-content\/uploads\/sites\/69\/2024\/04\/439397963_784795196941367_577169914281874742_n.jpg\",\"contentUrl\":\"https:\/\/www.lareserve-gerardmer.fr\/wp-content\/uploads\/sites\/69\/2024\/04\/439397963_784795196941367_577169914281874742_n.jpg\",\"width\":1600,\"height\":1200},{\"@type\":\"BreadcrumbList\",\"@id\":\"https:\/\/www.lareserve-gerardmer.fr\/en\/various-activities-in-gerardmer-and-its-region\/#breadcrumb\",\"itemListElement\":[{\"@type\":\"ListItem\",\"position\":1,\"name\":\"Accueil\",\"item\":\"https:\/\/www.lareserve-gerardmer.fr\/en\/\"},{\"@type\":\"ListItem\",\"position\":2,\"name\":\"Various activities in Gerardmer and its region\"}]},{\"@type\":\"WebSite\",\"@id\":\"https:\/\/www.lareserve-gerardmer.fr\/en\/#website\",\"url\":\"https:\/\/www.lareserve-gerardmer.fr\/en\/\",\"name\":\"La R\u00e9serve Gerardmer\",\"description\":\"\",\"potentialAction\":[{\"@type\":\"SearchAction\",\"target\":{\"@type\":\"EntryPoint\",\"urlTemplate\":\"https:\/\/www.lareserve-gerardmer.fr\/en\/?s={search_term_string}\"},\"query-input\":\"required name=search_term_string\"}],\"inLanguage\":\"en-US\"}]}<\/script>\n<!-- \/ Yoast SEO plugin. -->","yoast_head_json":{"title":"Activities in G\u00e9rardmer and its region | H\u00f4tel La R\u00e9serve","description":"In the Vosges, by the lake of G\u00e9rardmer, you can discover many activities such as skiing, hiking trails, cycling routes\u2026 and in our region, the alsatian wine route.","robots":{"index":"index","follow":"follow","max-snippet":"max-snippet:-1","max-image-preview":"max-image-preview:large","max-video-preview":"max-video-preview:-1"},"canonical":"https:\/\/www.lareserve-gerardmer.fr\/en\/various-activities-in-gerardmer-and-its-region\/","og_locale":"en_US","og_type":"article","og_title":"Activities in G\u00e9rardmer and its region | H\u00f4tel La R\u00e9serve","og_description":"In the Vosges, by the lake of G\u00e9rardmer, you can discover many activities such as skiing, hiking trails, cycling routes\u2026 and in our region, the alsatian wine route.","og_url":"https:\/\/www.lareserve-gerardmer.fr\/en\/various-activities-in-gerardmer-and-its-region\/","og_site_name":"La R\u00e9serve Gerardmer","article_modified_time":"2024-04-25T14:28:23+00:00","og_image":[{"width":1600,"height":1200,"url":"https:\/\/www.lareserve-gerardmer.fr\/wp-content\/uploads\/sites\/69\/2024\/04\/439397963_784795196941367_577169914281874742_n.jpg","type":"image\/jpeg"}],"twitter_card":"summary_large_image","twitter_misc":{"Est. reading time":"2 minutes"},"schema":{"@context":"https:\/\/schema.org","@graph":[{"@type":"WebPage","@id":"https:\/\/www.lareserve-gerardmer.fr\/en\/various-activities-in-gerardmer-and-its-region\/","url":"https:\/\/www.lareserve-gerardmer.fr\/en\/various-activities-in-gerardmer-and-its-region\/","name":"Activities in G\u00e9rardmer and its region | H\u00f4tel La R\u00e9serve","isPartOf":{"@id":"https:\/\/www.lareserve-gerardmer.fr\/en\/#website"},"primaryImageOfPage":{"@id":"https:\/\/www.lareserve-gerardmer.fr\/en\/various-activities-in-gerardmer-and-its-region\/#primaryimage"},"image":{"@id":"https:\/\/www.lareserve-gerardmer.fr\/en\/various-activities-in-gerardmer-and-its-region\/#primaryimage"},"thumbnailUrl":"https:\/\/www.lareserve-gerardmer.fr\/wp-content\/uploads\/sites\/69\/2024\/04\/439397963_784795196941367_577169914281874742_n.jpg","datePublished":"2023-10-03T11:43:48+00:00","dateModified":"2024-04-25T14:28:23+00:00","description":"In the Vosges, by the lake of G\u00e9rardmer, you can discover many activities such as skiing, hiking trails, cycling routes\u2026 and in our region, the alsatian wine route.","breadcrumb":{"@id":"https:\/\/www.lareserve-gerardmer.fr\/en\/various-activities-in-gerardmer-and-its-region\/#breadcrumb"},"inLanguage":"en-US","potentialAction":[{"@type":"ReadAction","target":["https:\/\/www.lareserve-gerardmer.fr\/en\/various-activities-in-gerardmer-and-its-region\/"]}]},{"@type":"ImageObject","inLanguage":"en-US","@id":"https:\/\/www.lareserve-gerardmer.fr\/en\/various-activities-in-gerardmer-and-its-region\/#primaryimage","url":"https:\/\/www.lareserve-gerardmer.fr\/wp-content\/uploads\/sites\/69\/2024\/04\/439397963_784795196941367_577169914281874742_n.jpg","contentUrl":"https:\/\/www.lareserve-gerardmer.fr\/wp-content\/uploads\/sites\/69\/2024\/04\/439397963_784795196941367_577169914281874742_n.jpg","width":1600,"height":1200},{"@type":"BreadcrumbList","@id":"https:\/\/www.lareserve-gerardmer.fr\/en\/various-activities-in-gerardmer-and-its-region\/#breadcrumb","itemListElement":[{"@type":"ListItem","position":1,"name":"Accueil","item":"https:\/\/www.lareserve-gerardmer.fr\/en\/"},{"@type":"ListItem","position":2,"name":"Various activities in Gerardmer and its region"}]},{"@type":"WebSite","@id":"https:\/\/www.lareserve-gerardmer.fr\/en\/#website","url":"https:\/\/www.lareserve-gerardmer.fr\/en\/","name":"La R\u00e9serve Gerardmer","description":"","potentialAction":[{"@type":"SearchAction","target":{"@type":"EntryPoint","urlTemplate":"https:\/\/www.lareserve-gerardmer.fr\/en\/?s={search_term_string}"},"query-input":"required name=search_term_string"}],"inLanguage":"en-US"}]}},"acf":[],"_links":{"self":[{"href":"https:\/\/www.lareserve-gerardmer.fr\/en\/wp-json\/wp\/v2\/pages\/197"}],"collection":[{"href":"https:\/\/www.lareserve-gerardmer.fr\/en\/wp-json\/wp\/v2\/pages"}],"about":[{"href":"https:\/\/www.lareserve-gerardmer.fr\/en\/wp-json\/wp\/v2\/types\/page"}],"author":[{"embeddable":true,"href":"https:\/\/www.lareserve-gerardmer.fr\/en\/wp-json\/wp\/v2\/users\/16"}],"replies":[{"embeddable":true,"href":"https:\/\/www.lareserve-gerardmer.fr\/en\/wp-json\/wp\/v2\/comments?post=197"}],"version-history":[{"count":0,"href":"https:\/\/www.lareserve-gerardmer.fr\/en\/wp-json\/wp\/v2\/pages\/197\/revisions"}],"wp:featuredmedia":[{"embeddable":true,"href":"https:\/\/www.lareserve-gerardmer.fr\/en\/wp-json\/wp\/v2\/media\/431"}],"wp:attachment":[{"href":"https:\/\/www.lareserve-gerardmer.fr\/en\/wp-json\/wp\/v2\/media?parent=197"}],"curies":[{"name":"wp","href":"https:\/\/api.w.org\/{rel}","templated":true}]}}