{"id":193,"date":"2023-10-03T13:41:21","date_gmt":"2023-10-03T11:41:21","guid":{"rendered":"https:\/\/www.lareserve-gerardmer.fr\/nos-chambres-de-charme-au-design-contemporain\/chambres-quadruple-confort-avec-vue-sur-le-lac\/"},"modified":"2024-04-25T17:22:37","modified_gmt":"2024-04-25T15:22:37","slug":"comfort-quadruple-rooms","status":"publish","type":"page","link":"https:\/\/www.lareserve-gerardmer.fr\/en\/our-charming-rooms-with-contemporary-design\/comfort-quadruple-rooms\/","title":{"rendered":"Family room from 1 to 4 persons"},"content":{"rendered":"<p style=\"text-align: center\"><span style=\"font-weight: 400\">We offer you these 30m\u00b2 Family rooms located on the 1st and 2nd floor of the hotel, ideal whether you are traveling with family or friends. Tastefully furnished in a designer and contemporary style, they are the ideal solution for a relaxing and comfortable stay for several people. For 1 to 4 persons.\u00a0<\/span><\/p>\n<p style=\"text-align: center\"><span style=\"font-weight: 400\">These spacious rooms are equipped with a 180cm double bed and two 90cm single beds, a desk, and a private bathroom with bathtub and\/or shower. The flat-screen TV and free Wi-Fi connection complete this relaxing atmosphere and functional layout.<\/span><\/p>\n<p style=\"text-align: center\"><span style=\"font-weight: 400\">Thanks to its modern layout adapted to the number of travelers, the Quadruple room is ideal for a comfortable stay in our hotel.<\/span><\/p>\n<p style=\"text-align: center\"><span style=\"font-weight: 400\"><strong>The little extras:<\/strong> some have a view of Lake G\u00e9rardmer and a private balcony.<\/span><\/p>\n","protected":false},"excerpt":{"rendered":"<p>We offer you these 30m\u00b2 Family rooms located on the 1st and 2nd floor of the hotel, ideal whether you are traveling with family or friends. Tastefully furnished in a designer and contemporary style, they are the ideal solution for a relaxing and comfortable stay for several people. For 1 to 4 persons.\u00a0 These spacious [&hellip;]<\/p>\n","protected":false},"author":16,"featured_media":443,"parent":187,"menu_order":260,"comment_status":"closed","ping_status":"closed","template":"template-single-room.php","meta":{"footnotes":""},"class_list":["post-193","page","type-page","status-publish","has-post-thumbnail","hentry"],"yoast_head":"<!-- This site is optimized with the Yoast SEO plugin v27.3 - https:\/\/yoast.com\/product\/yoast-seo-wordpress\/ -->\n<title>Quadruple family room by the G\u00e9rardmer lakeside | H\u00f4tel La R\u00e9serve<\/title>\n<meta name=\"description\" content=\"Whether you travel with family or friends, discover our quadruple rooms, some of them with a view of the lake. Book online or by calling us.\" \/>\n<meta name=\"robots\" content=\"index, follow, max-snippet:-1, max-image-preview:large, max-video-preview:-1\" \/>\n<link rel=\"canonical\" href=\"https:\/\/www.lareserve-gerardmer.fr\/en\/our-charming-rooms-with-contemporary-design\/comfort-quadruple-rooms\/\" \/>\n<meta property=\"og:locale\" content=\"en_US\" \/>\n<meta property=\"og:type\" content=\"article\" \/>\n<meta property=\"og:title\" content=\"Quadruple family room by the G\u00e9rardmer lakeside | H\u00f4tel La R\u00e9serve\" \/>\n<meta property=\"og:description\" content=\"Whether you travel with family or friends, discover our quadruple rooms, some of them with a view of the lake. Book online or by calling us.\" \/>\n<meta property=\"og:url\" content=\"https:\/\/www.lareserve-gerardmer.fr\/en\/our-charming-rooms-with-contemporary-design\/comfort-quadruple-rooms\/\" \/>\n<meta property=\"og:site_name\" content=\"La R\u00e9serve Gerardmer\" \/>\n<meta property=\"article:modified_time\" content=\"2024-04-25T15:22:37+00:00\" \/>\n<meta property=\"og:image\" content=\"https:\/\/www.lareserve-gerardmer.fr\/wp-content\/uploads\/sites\/69\/2024\/04\/412704031_395719142966773_416445313010532451_n.jpg\" \/>\n\t<meta property=\"og:image:width\" content=\"1600\" \/>\n\t<meta property=\"og:image:height\" content=\"1200\" \/>\n\t<meta property=\"og:image:type\" content=\"image\/jpeg\" \/>\n<meta name=\"twitter:card\" content=\"summary_large_image\" \/>\n<meta name=\"twitter:label1\" content=\"Est. reading time\" \/>\n\t<meta name=\"twitter:data1\" content=\"1 minute\" \/>\n<script type=\"application\/ld+json\" class=\"yoast-schema-graph\">{\"@context\":\"https:\\\/\\\/schema.org\",\"@graph\":[{\"@type\":\"WebPage\",\"@id\":\"https:\\\/\\\/www.lareserve-gerardmer.fr\\\/en\\\/our-charming-rooms-with-contemporary-design\\\/comfort-quadruple-rooms\\\/\",\"url\":\"https:\\\/\\\/www.lareserve-gerardmer.fr\\\/en\\\/our-charming-rooms-with-contemporary-design\\\/comfort-quadruple-rooms\\\/\",\"name\":\"Quadruple family room by the G\u00e9rardmer lakeside | H\u00f4tel La R\u00e9serve\",\"isPartOf\":{\"@id\":\"https:\\\/\\\/www.lareserve-gerardmer.fr\\\/en\\\/#website\"},\"primaryImageOfPage\":{\"@id\":\"https:\\\/\\\/www.lareserve-gerardmer.fr\\\/en\\\/our-charming-rooms-with-contemporary-design\\\/comfort-quadruple-rooms\\\/#primaryimage\"},\"image\":{\"@id\":\"https:\\\/\\\/www.lareserve-gerardmer.fr\\\/en\\\/our-charming-rooms-with-contemporary-design\\\/comfort-quadruple-rooms\\\/#primaryimage\"},\"thumbnailUrl\":\"https:\\\/\\\/www.lareserve-gerardmer.fr\\\/wp-content\\\/uploads\\\/sites\\\/69\\\/2024\\\/04\\\/412704031_395719142966773_416445313010532451_n.jpg\",\"datePublished\":\"2023-10-03T11:41:21+00:00\",\"dateModified\":\"2024-04-25T15:22:37+00:00\",\"description\":\"Whether you travel with family or friends, discover our quadruple rooms, some of them with a view of the lake. Book online or by calling us.\",\"breadcrumb\":{\"@id\":\"https:\\\/\\\/www.lareserve-gerardmer.fr\\\/en\\\/our-charming-rooms-with-contemporary-design\\\/comfort-quadruple-rooms\\\/#breadcrumb\"},\"inLanguage\":\"en-US\",\"potentialAction\":[{\"@type\":\"ReadAction\",\"target\":[\"https:\\\/\\\/www.lareserve-gerardmer.fr\\\/en\\\/our-charming-rooms-with-contemporary-design\\\/comfort-quadruple-rooms\\\/\"]}]},{\"@type\":\"ImageObject\",\"inLanguage\":\"en-US\",\"@id\":\"https:\\\/\\\/www.lareserve-gerardmer.fr\\\/en\\\/our-charming-rooms-with-contemporary-design\\\/comfort-quadruple-rooms\\\/#primaryimage\",\"url\":\"https:\\\/\\\/www.lareserve-gerardmer.fr\\\/wp-content\\\/uploads\\\/sites\\\/69\\\/2024\\\/04\\\/412704031_395719142966773_416445313010532451_n.jpg\",\"contentUrl\":\"https:\\\/\\\/www.lareserve-gerardmer.fr\\\/wp-content\\\/uploads\\\/sites\\\/69\\\/2024\\\/04\\\/412704031_395719142966773_416445313010532451_n.jpg\",\"width\":1600,\"height\":1200},{\"@type\":\"BreadcrumbList\",\"@id\":\"https:\\\/\\\/www.lareserve-gerardmer.fr\\\/en\\\/our-charming-rooms-with-contemporary-design\\\/comfort-quadruple-rooms\\\/#breadcrumb\",\"itemListElement\":[{\"@type\":\"ListItem\",\"position\":1,\"name\":\"Accueil\",\"item\":\"https:\\\/\\\/www.lareserve-gerardmer.fr\\\/en\\\/\"},{\"@type\":\"ListItem\",\"position\":2,\"name\":\"Our charming rooms with contemporary design\",\"item\":\"https:\\\/\\\/www.lareserve-gerardmer.fr\\\/en\\\/our-charming-rooms-with-contemporary-design\\\/\"},{\"@type\":\"ListItem\",\"position\":3,\"name\":\"Family room from 1 to 4 persons\"}]},{\"@type\":\"WebSite\",\"@id\":\"https:\\\/\\\/www.lareserve-gerardmer.fr\\\/en\\\/#website\",\"url\":\"https:\\\/\\\/www.lareserve-gerardmer.fr\\\/en\\\/\",\"name\":\"La R\u00e9serve Gerardmer\",\"description\":\"\",\"potentialAction\":[{\"@type\":\"SearchAction\",\"target\":{\"@type\":\"EntryPoint\",\"urlTemplate\":\"https:\\\/\\\/www.lareserve-gerardmer.fr\\\/en\\\/?s={search_term_string}\"},\"query-input\":{\"@type\":\"PropertyValueSpecification\",\"valueRequired\":true,\"valueName\":\"search_term_string\"}}],\"inLanguage\":\"en-US\"}]}<\/script>\n<!-- \/ Yoast SEO plugin. -->","yoast_head_json":{"title":"Quadruple family room by the G\u00e9rardmer lakeside | H\u00f4tel La R\u00e9serve","description":"Whether you travel with family or friends, discover our quadruple rooms, some of them with a view of the lake. Book online or by calling us.","robots":{"index":"index","follow":"follow","max-snippet":"max-snippet:-1","max-image-preview":"max-image-preview:large","max-video-preview":"max-video-preview:-1"},"canonical":"https:\/\/www.lareserve-gerardmer.fr\/en\/our-charming-rooms-with-contemporary-design\/comfort-quadruple-rooms\/","og_locale":"en_US","og_type":"article","og_title":"Quadruple family room by the G\u00e9rardmer lakeside | H\u00f4tel La R\u00e9serve","og_description":"Whether you travel with family or friends, discover our quadruple rooms, some of them with a view of the lake. Book online or by calling us.","og_url":"https:\/\/www.lareserve-gerardmer.fr\/en\/our-charming-rooms-with-contemporary-design\/comfort-quadruple-rooms\/","og_site_name":"La R\u00e9serve Gerardmer","article_modified_time":"2024-04-25T15:22:37+00:00","og_image":[{"width":1600,"height":1200,"url":"https:\/\/www.lareserve-gerardmer.fr\/wp-content\/uploads\/sites\/69\/2024\/04\/412704031_395719142966773_416445313010532451_n.jpg","type":"image\/jpeg"}],"twitter_card":"summary_large_image","twitter_misc":{"Est. reading time":"1 minute"},"schema":{"@context":"https:\/\/schema.org","@graph":[{"@type":"WebPage","@id":"https:\/\/www.lareserve-gerardmer.fr\/en\/our-charming-rooms-with-contemporary-design\/comfort-quadruple-rooms\/","url":"https:\/\/www.lareserve-gerardmer.fr\/en\/our-charming-rooms-with-contemporary-design\/comfort-quadruple-rooms\/","name":"Quadruple family room by the G\u00e9rardmer lakeside | H\u00f4tel La R\u00e9serve","isPartOf":{"@id":"https:\/\/www.lareserve-gerardmer.fr\/en\/#website"},"primaryImageOfPage":{"@id":"https:\/\/www.lareserve-gerardmer.fr\/en\/our-charming-rooms-with-contemporary-design\/comfort-quadruple-rooms\/#primaryimage"},"image":{"@id":"https:\/\/www.lareserve-gerardmer.fr\/en\/our-charming-rooms-with-contemporary-design\/comfort-quadruple-rooms\/#primaryimage"},"thumbnailUrl":"https:\/\/www.lareserve-gerardmer.fr\/wp-content\/uploads\/sites\/69\/2024\/04\/412704031_395719142966773_416445313010532451_n.jpg","datePublished":"2023-10-03T11:41:21+00:00","dateModified":"2024-04-25T15:22:37+00:00","description":"Whether you travel with family or friends, discover our quadruple rooms, some of them with a view of the lake. Book online or by calling us.","breadcrumb":{"@id":"https:\/\/www.lareserve-gerardmer.fr\/en\/our-charming-rooms-with-contemporary-design\/comfort-quadruple-rooms\/#breadcrumb"},"inLanguage":"en-US","potentialAction":[{"@type":"ReadAction","target":["https:\/\/www.lareserve-gerardmer.fr\/en\/our-charming-rooms-with-contemporary-design\/comfort-quadruple-rooms\/"]}]},{"@type":"ImageObject","inLanguage":"en-US","@id":"https:\/\/www.lareserve-gerardmer.fr\/en\/our-charming-rooms-with-contemporary-design\/comfort-quadruple-rooms\/#primaryimage","url":"https:\/\/www.lareserve-gerardmer.fr\/wp-content\/uploads\/sites\/69\/2024\/04\/412704031_395719142966773_416445313010532451_n.jpg","contentUrl":"https:\/\/www.lareserve-gerardmer.fr\/wp-content\/uploads\/sites\/69\/2024\/04\/412704031_395719142966773_416445313010532451_n.jpg","width":1600,"height":1200},{"@type":"BreadcrumbList","@id":"https:\/\/www.lareserve-gerardmer.fr\/en\/our-charming-rooms-with-contemporary-design\/comfort-quadruple-rooms\/#breadcrumb","itemListElement":[{"@type":"ListItem","position":1,"name":"Accueil","item":"https:\/\/www.lareserve-gerardmer.fr\/en\/"},{"@type":"ListItem","position":2,"name":"Our charming rooms with contemporary design","item":"https:\/\/www.lareserve-gerardmer.fr\/en\/our-charming-rooms-with-contemporary-design\/"},{"@type":"ListItem","position":3,"name":"Family room from 1 to 4 persons"}]},{"@type":"WebSite","@id":"https:\/\/www.lareserve-gerardmer.fr\/en\/#website","url":"https:\/\/www.lareserve-gerardmer.fr\/en\/","name":"La R\u00e9serve Gerardmer","description":"","potentialAction":[{"@type":"SearchAction","target":{"@type":"EntryPoint","urlTemplate":"https:\/\/www.lareserve-gerardmer.fr\/en\/?s={search_term_string}"},"query-input":{"@type":"PropertyValueSpecification","valueRequired":true,"valueName":"search_term_string"}}],"inLanguage":"en-US"}]}},"acf":[],"_links":{"self":[{"href":"https:\/\/www.lareserve-gerardmer.fr\/en\/wp-json\/wp\/v2\/pages\/193","targetHints":{"allow":["GET"]}}],"collection":[{"href":"https:\/\/www.lareserve-gerardmer.fr\/en\/wp-json\/wp\/v2\/pages"}],"about":[{"href":"https:\/\/www.lareserve-gerardmer.fr\/en\/wp-json\/wp\/v2\/types\/page"}],"author":[{"embeddable":true,"href":"https:\/\/www.lareserve-gerardmer.fr\/en\/wp-json\/wp\/v2\/users\/16"}],"replies":[{"embeddable":true,"href":"https:\/\/www.lareserve-gerardmer.fr\/en\/wp-json\/wp\/v2\/comments?post=193"}],"version-history":[{"count":0,"href":"https:\/\/www.lareserve-gerardmer.fr\/en\/wp-json\/wp\/v2\/pages\/193\/revisions"}],"up":[{"embeddable":true,"href":"https:\/\/www.lareserve-gerardmer.fr\/en\/wp-json\/wp\/v2\/pages\/187"}],"wp:featuredmedia":[{"embeddable":true,"href":"https:\/\/www.lareserve-gerardmer.fr\/en\/wp-json\/wp\/v2\/media\/443"}],"wp:attachment":[{"href":"https:\/\/www.lareserve-gerardmer.fr\/en\/wp-json\/wp\/v2\/media?parent=193"}],"curies":[{"name":"wp","href":"https:\/\/api.w.org\/{rel}","templated":true}]}}