{"id":190,"date":"2023-10-03T13:40:30","date_gmt":"2023-10-03T11:40:30","guid":{"rendered":"https:\/\/www.lareserve-gerardmer.fr\/nos-chambres-de-charme-au-design-contemporain\/chambres-double-confort-avec-vue-sur-le-lac\/"},"modified":"2024-04-25T15:57:44","modified_gmt":"2024-04-25T13:57:44","slug":"comfort-double-rooms-with-lake-view","status":"publish","type":"page","link":"https:\/\/www.lareserve-gerardmer.fr\/en\/our-charming-rooms-with-contemporary-design\/comfort-double-rooms-with-lake-view\/","title":{"rendered":"Comfort Double Rooms with lake view"},"content":{"rendered":"<p style=\"text-align: center\"><span style=\"font-weight: 400\">Ideal for a stay for two or for a business trip, our Double Comfort rooms offer you a unique experience of relaxation and well-being.<\/span><\/p>\n<p style=\"text-align: center\"><span style=\"font-weight: 400\">Spacious, they offer a living space of 21 to 30 m\u00b2 furnished in a modern style. The rooms in this category are located on the 1st and 2nd floor of the hotel which are served by an elevator, and all of them have a breathtaking view of the lake.<\/span><\/p>\n<p style=\"text-align: center\"><span style=\"font-weight: 400\">Each room is equipped with excellent quality 160 or 180cm bedding, a desk and a private bathroom with bathtub and\/or shower for greater comfort. Flat screen TV, free Wi-Fi connection, we offer you a space conducive to relaxation and tranquility.<\/span><\/p>\n<p style=\"text-align: center\"><span style=\"font-weight: 400\"><strong>The little extras:<\/strong> the view of Lake G\u00e9rardmer, the surface area of \u200b\u200b21 to 30 m\u00b2.<\/span><\/p>\n","protected":false},"excerpt":{"rendered":"<p>Ideal for a stay for two or for a business trip, our Double Comfort rooms offer you a unique experience of relaxation and well-being. Spacious, they offer a living space of 21 to 30 m\u00b2 furnished in a modern style. The rooms in this category are located on the 1st and 2nd floor of the [&hellip;]<\/p>\n","protected":false},"author":16,"featured_media":428,"parent":187,"menu_order":230,"comment_status":"closed","ping_status":"closed","template":"template-single-room.php","meta":{"footnotes":""},"class_list":["post-190","page","type-page","status-publish","has-post-thumbnail","hentry"],"yoast_head":"<!-- This site is optimized with the Yoast SEO plugin v27.3 - https:\/\/yoast.com\/product\/yoast-seo-wordpress\/ -->\n<title>Double comfort room with a view of the G\u00e9rardmer lake | H\u00f4tel La R\u00e9serve<\/title>\n<meta name=\"description\" content=\"Charming contemporary designed double comfort rooms with a view of the lake. Book online or by calling us.\" \/>\n<meta name=\"robots\" content=\"index, follow, max-snippet:-1, max-image-preview:large, max-video-preview:-1\" \/>\n<link rel=\"canonical\" href=\"https:\/\/www.lareserve-gerardmer.fr\/en\/our-charming-rooms-with-contemporary-design\/comfort-double-rooms-with-lake-view\/\" \/>\n<meta property=\"og:locale\" content=\"en_US\" \/>\n<meta property=\"og:type\" content=\"article\" \/>\n<meta property=\"og:title\" content=\"Double comfort room with a view of the G\u00e9rardmer lake | H\u00f4tel La R\u00e9serve\" \/>\n<meta property=\"og:description\" content=\"Charming contemporary designed double comfort rooms with a view of the lake. Book online or by calling us.\" \/>\n<meta property=\"og:url\" content=\"https:\/\/www.lareserve-gerardmer.fr\/en\/our-charming-rooms-with-contemporary-design\/comfort-double-rooms-with-lake-view\/\" \/>\n<meta property=\"og:site_name\" content=\"La R\u00e9serve Gerardmer\" \/>\n<meta property=\"article:modified_time\" content=\"2024-04-25T13:57:44+00:00\" \/>\n<meta property=\"og:image\" content=\"https:\/\/www.lareserve-gerardmer.fr\/wp-content\/uploads\/sites\/69\/2024\/04\/439632345_1398288074388407_9176713800251393370_n.jpg\" \/>\n\t<meta property=\"og:image:width\" content=\"1600\" \/>\n\t<meta property=\"og:image:height\" content=\"1200\" \/>\n\t<meta property=\"og:image:type\" content=\"image\/jpeg\" \/>\n<meta name=\"twitter:card\" content=\"summary_large_image\" \/>\n<meta name=\"twitter:label1\" content=\"Est. reading time\" \/>\n\t<meta name=\"twitter:data1\" content=\"1 minute\" \/>\n<script type=\"application\/ld+json\" class=\"yoast-schema-graph\">{\"@context\":\"https:\\\/\\\/schema.org\",\"@graph\":[{\"@type\":\"WebPage\",\"@id\":\"https:\\\/\\\/www.lareserve-gerardmer.fr\\\/en\\\/our-charming-rooms-with-contemporary-design\\\/comfort-double-rooms-with-lake-view\\\/\",\"url\":\"https:\\\/\\\/www.lareserve-gerardmer.fr\\\/en\\\/our-charming-rooms-with-contemporary-design\\\/comfort-double-rooms-with-lake-view\\\/\",\"name\":\"Double comfort room with a view of the G\u00e9rardmer lake | H\u00f4tel La R\u00e9serve\",\"isPartOf\":{\"@id\":\"https:\\\/\\\/www.lareserve-gerardmer.fr\\\/en\\\/#website\"},\"primaryImageOfPage\":{\"@id\":\"https:\\\/\\\/www.lareserve-gerardmer.fr\\\/en\\\/our-charming-rooms-with-contemporary-design\\\/comfort-double-rooms-with-lake-view\\\/#primaryimage\"},\"image\":{\"@id\":\"https:\\\/\\\/www.lareserve-gerardmer.fr\\\/en\\\/our-charming-rooms-with-contemporary-design\\\/comfort-double-rooms-with-lake-view\\\/#primaryimage\"},\"thumbnailUrl\":\"https:\\\/\\\/www.lareserve-gerardmer.fr\\\/wp-content\\\/uploads\\\/sites\\\/69\\\/2024\\\/04\\\/439632345_1398288074388407_9176713800251393370_n.jpg\",\"datePublished\":\"2023-10-03T11:40:30+00:00\",\"dateModified\":\"2024-04-25T13:57:44+00:00\",\"description\":\"Charming contemporary designed double comfort rooms with a view of the lake. Book online or by calling us.\",\"breadcrumb\":{\"@id\":\"https:\\\/\\\/www.lareserve-gerardmer.fr\\\/en\\\/our-charming-rooms-with-contemporary-design\\\/comfort-double-rooms-with-lake-view\\\/#breadcrumb\"},\"inLanguage\":\"en-US\",\"potentialAction\":[{\"@type\":\"ReadAction\",\"target\":[\"https:\\\/\\\/www.lareserve-gerardmer.fr\\\/en\\\/our-charming-rooms-with-contemporary-design\\\/comfort-double-rooms-with-lake-view\\\/\"]}]},{\"@type\":\"ImageObject\",\"inLanguage\":\"en-US\",\"@id\":\"https:\\\/\\\/www.lareserve-gerardmer.fr\\\/en\\\/our-charming-rooms-with-contemporary-design\\\/comfort-double-rooms-with-lake-view\\\/#primaryimage\",\"url\":\"https:\\\/\\\/www.lareserve-gerardmer.fr\\\/wp-content\\\/uploads\\\/sites\\\/69\\\/2024\\\/04\\\/439632345_1398288074388407_9176713800251393370_n.jpg\",\"contentUrl\":\"https:\\\/\\\/www.lareserve-gerardmer.fr\\\/wp-content\\\/uploads\\\/sites\\\/69\\\/2024\\\/04\\\/439632345_1398288074388407_9176713800251393370_n.jpg\",\"width\":1600,\"height\":1200},{\"@type\":\"BreadcrumbList\",\"@id\":\"https:\\\/\\\/www.lareserve-gerardmer.fr\\\/en\\\/our-charming-rooms-with-contemporary-design\\\/comfort-double-rooms-with-lake-view\\\/#breadcrumb\",\"itemListElement\":[{\"@type\":\"ListItem\",\"position\":1,\"name\":\"Accueil\",\"item\":\"https:\\\/\\\/www.lareserve-gerardmer.fr\\\/en\\\/\"},{\"@type\":\"ListItem\",\"position\":2,\"name\":\"Our charming rooms with contemporary design\",\"item\":\"https:\\\/\\\/www.lareserve-gerardmer.fr\\\/en\\\/our-charming-rooms-with-contemporary-design\\\/\"},{\"@type\":\"ListItem\",\"position\":3,\"name\":\"Comfort Double Rooms with lake view\"}]},{\"@type\":\"WebSite\",\"@id\":\"https:\\\/\\\/www.lareserve-gerardmer.fr\\\/en\\\/#website\",\"url\":\"https:\\\/\\\/www.lareserve-gerardmer.fr\\\/en\\\/\",\"name\":\"La R\u00e9serve Gerardmer\",\"description\":\"\",\"potentialAction\":[{\"@type\":\"SearchAction\",\"target\":{\"@type\":\"EntryPoint\",\"urlTemplate\":\"https:\\\/\\\/www.lareserve-gerardmer.fr\\\/en\\\/?s={search_term_string}\"},\"query-input\":{\"@type\":\"PropertyValueSpecification\",\"valueRequired\":true,\"valueName\":\"search_term_string\"}}],\"inLanguage\":\"en-US\"}]}<\/script>\n<!-- \/ Yoast SEO plugin. -->","yoast_head_json":{"title":"Double comfort room with a view of the G\u00e9rardmer lake | H\u00f4tel La R\u00e9serve","description":"Charming contemporary designed double comfort rooms with a view of the lake. Book online or by calling us.","robots":{"index":"index","follow":"follow","max-snippet":"max-snippet:-1","max-image-preview":"max-image-preview:large","max-video-preview":"max-video-preview:-1"},"canonical":"https:\/\/www.lareserve-gerardmer.fr\/en\/our-charming-rooms-with-contemporary-design\/comfort-double-rooms-with-lake-view\/","og_locale":"en_US","og_type":"article","og_title":"Double comfort room with a view of the G\u00e9rardmer lake | H\u00f4tel La R\u00e9serve","og_description":"Charming contemporary designed double comfort rooms with a view of the lake. Book online or by calling us.","og_url":"https:\/\/www.lareserve-gerardmer.fr\/en\/our-charming-rooms-with-contemporary-design\/comfort-double-rooms-with-lake-view\/","og_site_name":"La R\u00e9serve Gerardmer","article_modified_time":"2024-04-25T13:57:44+00:00","og_image":[{"width":1600,"height":1200,"url":"https:\/\/www.lareserve-gerardmer.fr\/wp-content\/uploads\/sites\/69\/2024\/04\/439632345_1398288074388407_9176713800251393370_n.jpg","type":"image\/jpeg"}],"twitter_card":"summary_large_image","twitter_misc":{"Est. reading time":"1 minute"},"schema":{"@context":"https:\/\/schema.org","@graph":[{"@type":"WebPage","@id":"https:\/\/www.lareserve-gerardmer.fr\/en\/our-charming-rooms-with-contemporary-design\/comfort-double-rooms-with-lake-view\/","url":"https:\/\/www.lareserve-gerardmer.fr\/en\/our-charming-rooms-with-contemporary-design\/comfort-double-rooms-with-lake-view\/","name":"Double comfort room with a view of the G\u00e9rardmer lake | H\u00f4tel La R\u00e9serve","isPartOf":{"@id":"https:\/\/www.lareserve-gerardmer.fr\/en\/#website"},"primaryImageOfPage":{"@id":"https:\/\/www.lareserve-gerardmer.fr\/en\/our-charming-rooms-with-contemporary-design\/comfort-double-rooms-with-lake-view\/#primaryimage"},"image":{"@id":"https:\/\/www.lareserve-gerardmer.fr\/en\/our-charming-rooms-with-contemporary-design\/comfort-double-rooms-with-lake-view\/#primaryimage"},"thumbnailUrl":"https:\/\/www.lareserve-gerardmer.fr\/wp-content\/uploads\/sites\/69\/2024\/04\/439632345_1398288074388407_9176713800251393370_n.jpg","datePublished":"2023-10-03T11:40:30+00:00","dateModified":"2024-04-25T13:57:44+00:00","description":"Charming contemporary designed double comfort rooms with a view of the lake. Book online or by calling us.","breadcrumb":{"@id":"https:\/\/www.lareserve-gerardmer.fr\/en\/our-charming-rooms-with-contemporary-design\/comfort-double-rooms-with-lake-view\/#breadcrumb"},"inLanguage":"en-US","potentialAction":[{"@type":"ReadAction","target":["https:\/\/www.lareserve-gerardmer.fr\/en\/our-charming-rooms-with-contemporary-design\/comfort-double-rooms-with-lake-view\/"]}]},{"@type":"ImageObject","inLanguage":"en-US","@id":"https:\/\/www.lareserve-gerardmer.fr\/en\/our-charming-rooms-with-contemporary-design\/comfort-double-rooms-with-lake-view\/#primaryimage","url":"https:\/\/www.lareserve-gerardmer.fr\/wp-content\/uploads\/sites\/69\/2024\/04\/439632345_1398288074388407_9176713800251393370_n.jpg","contentUrl":"https:\/\/www.lareserve-gerardmer.fr\/wp-content\/uploads\/sites\/69\/2024\/04\/439632345_1398288074388407_9176713800251393370_n.jpg","width":1600,"height":1200},{"@type":"BreadcrumbList","@id":"https:\/\/www.lareserve-gerardmer.fr\/en\/our-charming-rooms-with-contemporary-design\/comfort-double-rooms-with-lake-view\/#breadcrumb","itemListElement":[{"@type":"ListItem","position":1,"name":"Accueil","item":"https:\/\/www.lareserve-gerardmer.fr\/en\/"},{"@type":"ListItem","position":2,"name":"Our charming rooms with contemporary design","item":"https:\/\/www.lareserve-gerardmer.fr\/en\/our-charming-rooms-with-contemporary-design\/"},{"@type":"ListItem","position":3,"name":"Comfort Double Rooms with lake view"}]},{"@type":"WebSite","@id":"https:\/\/www.lareserve-gerardmer.fr\/en\/#website","url":"https:\/\/www.lareserve-gerardmer.fr\/en\/","name":"La R\u00e9serve Gerardmer","description":"","potentialAction":[{"@type":"SearchAction","target":{"@type":"EntryPoint","urlTemplate":"https:\/\/www.lareserve-gerardmer.fr\/en\/?s={search_term_string}"},"query-input":{"@type":"PropertyValueSpecification","valueRequired":true,"valueName":"search_term_string"}}],"inLanguage":"en-US"}]}},"acf":[],"_links":{"self":[{"href":"https:\/\/www.lareserve-gerardmer.fr\/en\/wp-json\/wp\/v2\/pages\/190","targetHints":{"allow":["GET"]}}],"collection":[{"href":"https:\/\/www.lareserve-gerardmer.fr\/en\/wp-json\/wp\/v2\/pages"}],"about":[{"href":"https:\/\/www.lareserve-gerardmer.fr\/en\/wp-json\/wp\/v2\/types\/page"}],"author":[{"embeddable":true,"href":"https:\/\/www.lareserve-gerardmer.fr\/en\/wp-json\/wp\/v2\/users\/16"}],"replies":[{"embeddable":true,"href":"https:\/\/www.lareserve-gerardmer.fr\/en\/wp-json\/wp\/v2\/comments?post=190"}],"version-history":[{"count":0,"href":"https:\/\/www.lareserve-gerardmer.fr\/en\/wp-json\/wp\/v2\/pages\/190\/revisions"}],"up":[{"embeddable":true,"href":"https:\/\/www.lareserve-gerardmer.fr\/en\/wp-json\/wp\/v2\/pages\/187"}],"wp:featuredmedia":[{"embeddable":true,"href":"https:\/\/www.lareserve-gerardmer.fr\/en\/wp-json\/wp\/v2\/media\/428"}],"wp:attachment":[{"href":"https:\/\/www.lareserve-gerardmer.fr\/en\/wp-json\/wp\/v2\/media?parent=190"}],"curies":[{"name":"wp","href":"https:\/\/api.w.org\/{rel}","templated":true}]}}