{"id":186,"date":"2023-10-03T13:04:00","date_gmt":"2023-10-03T11:04:00","guid":{"rendered":"https:\/\/www.lareserve-gerardmer.fr\/page-d-exemple\/"},"modified":"2024-04-25T16:49:13","modified_gmt":"2024-04-25T14:49:13","slug":"page-d-exemple","status":"publish","type":"page","link":"https:\/\/www.lareserve-gerardmer.fr\/en\/","title":{"rendered":"H\u00f4tel La R\u00e9serve &#8211; Lac de G\u00e9rardmer"},"content":{"rendered":"<p style=\"text-align: center\">Ideally located in front of the Gerardmer lake for a delighful and relaxing stay. La R\u00e9serve Hotel welcomes you in a marvelous place where timeless elegance meets our deeply rooted traditions. Our standards are high to make sure your holidays are unforgettable and our team is eager to greet you all year long.<\/p>\n","protected":false},"excerpt":{"rendered":"<p>Ideally located in front of the Gerardmer lake for a delighful and relaxing stay. La R\u00e9serve Hotel welcomes you in a marvelous place where timeless elegance meets our deeply rooted traditions. Our standards are high to make sure your holidays are unforgettable and our team is eager to greet you all year long.<\/p>\n","protected":false},"author":76,"featured_media":431,"parent":0,"menu_order":10,"comment_status":"closed","ping_status":"closed","template":"","meta":{"footnotes":""},"class_list":["post-186","page","type-page","status-publish","has-post-thumbnail","hentry"],"yoast_head":"<!-- This site is optimized with the Yoast SEO plugin v27.3 - https:\/\/yoast.com\/product\/yoast-seo-wordpress\/ -->\n<title>Charming hotel next to the G\u00e9rardmer Lake | H\u00f4tel La R\u00e9serve<\/title>\n<meta name=\"description\" content=\"Discover La R\u00e9serve, a charming hotel by the lakeside and the great outdoors of G\u00e9rardmer. 22 rooms near the city center, the ski slopes and the various activities the Vosges have to offer.\" \/>\n<meta name=\"robots\" content=\"index, follow, max-snippet:-1, max-image-preview:large, max-video-preview:-1\" \/>\n<link rel=\"canonical\" href=\"https:\/\/www.lareserve-gerardmer.fr\/en\/\" \/>\n<meta property=\"og:locale\" content=\"en_US\" \/>\n<meta property=\"og:type\" content=\"article\" \/>\n<meta property=\"og:title\" content=\"Charming hotel next to the G\u00e9rardmer Lake | H\u00f4tel La R\u00e9serve\" \/>\n<meta property=\"og:description\" content=\"Discover La R\u00e9serve, a charming hotel by the lakeside and the great outdoors of G\u00e9rardmer. 22 rooms near the city center, the ski slopes and the various activities the Vosges have to offer.\" \/>\n<meta property=\"og:url\" content=\"https:\/\/www.lareserve-gerardmer.fr\/en\/\" \/>\n<meta property=\"og:site_name\" content=\"La R\u00e9serve Gerardmer\" \/>\n<meta property=\"article:modified_time\" content=\"2024-04-25T14:49:13+00:00\" \/>\n<meta property=\"og:image\" content=\"https:\/\/www.lareserve-gerardmer.fr\/wp-content\/uploads\/sites\/69\/2024\/04\/439397963_784795196941367_577169914281874742_n.jpg\" \/>\n\t<meta property=\"og:image:width\" content=\"1600\" \/>\n\t<meta property=\"og:image:height\" content=\"1200\" \/>\n\t<meta property=\"og:image:type\" content=\"image\/jpeg\" \/>\n<meta name=\"twitter:card\" content=\"summary_large_image\" \/>\n<meta name=\"twitter:label1\" content=\"Est. reading time\" \/>\n\t<meta name=\"twitter:data1\" content=\"1 minute\" \/>\n<script type=\"application\/ld+json\" class=\"yoast-schema-graph\">{\"@context\":\"https:\\\/\\\/schema.org\",\"@graph\":[{\"@type\":\"WebPage\",\"@id\":\"https:\\\/\\\/www.lareserve-gerardmer.fr\\\/en\\\/\",\"url\":\"https:\\\/\\\/www.lareserve-gerardmer.fr\\\/en\\\/\",\"name\":\"Charming hotel next to the G\u00e9rardmer Lake | H\u00f4tel La R\u00e9serve\",\"isPartOf\":{\"@id\":\"https:\\\/\\\/www.lareserve-gerardmer.fr\\\/en\\\/#website\"},\"primaryImageOfPage\":{\"@id\":\"https:\\\/\\\/www.lareserve-gerardmer.fr\\\/en\\\/#primaryimage\"},\"image\":{\"@id\":\"https:\\\/\\\/www.lareserve-gerardmer.fr\\\/en\\\/#primaryimage\"},\"thumbnailUrl\":\"https:\\\/\\\/www.lareserve-gerardmer.fr\\\/wp-content\\\/uploads\\\/sites\\\/69\\\/2024\\\/04\\\/439397963_784795196941367_577169914281874742_n.jpg\",\"datePublished\":\"2023-10-03T11:04:00+00:00\",\"dateModified\":\"2024-04-25T14:49:13+00:00\",\"description\":\"Discover La R\u00e9serve, a charming hotel by the lakeside and the great outdoors of G\u00e9rardmer. 22 rooms near the city center, the ski slopes and the various activities the Vosges have to offer.\",\"breadcrumb\":{\"@id\":\"https:\\\/\\\/www.lareserve-gerardmer.fr\\\/en\\\/#breadcrumb\"},\"inLanguage\":\"en-US\",\"potentialAction\":[{\"@type\":\"ReadAction\",\"target\":[\"https:\\\/\\\/www.lareserve-gerardmer.fr\\\/en\\\/\"]}]},{\"@type\":\"ImageObject\",\"inLanguage\":\"en-US\",\"@id\":\"https:\\\/\\\/www.lareserve-gerardmer.fr\\\/en\\\/#primaryimage\",\"url\":\"https:\\\/\\\/www.lareserve-gerardmer.fr\\\/wp-content\\\/uploads\\\/sites\\\/69\\\/2024\\\/04\\\/439397963_784795196941367_577169914281874742_n.jpg\",\"contentUrl\":\"https:\\\/\\\/www.lareserve-gerardmer.fr\\\/wp-content\\\/uploads\\\/sites\\\/69\\\/2024\\\/04\\\/439397963_784795196941367_577169914281874742_n.jpg\",\"width\":1600,\"height\":1200},{\"@type\":\"BreadcrumbList\",\"@id\":\"https:\\\/\\\/www.lareserve-gerardmer.fr\\\/en\\\/#breadcrumb\",\"itemListElement\":[{\"@type\":\"ListItem\",\"position\":1,\"name\":\"Accueil\",\"item\":\"https:\\\/\\\/www.lareserve-gerardmer.fr\\\/en\\\/\"},{\"@type\":\"ListItem\",\"position\":2,\"name\":\"H\u00f4tel La R\u00e9serve &#8211; Lac de G\u00e9rardmer\"}]},{\"@type\":\"WebSite\",\"@id\":\"https:\\\/\\\/www.lareserve-gerardmer.fr\\\/en\\\/#website\",\"url\":\"https:\\\/\\\/www.lareserve-gerardmer.fr\\\/en\\\/\",\"name\":\"La R\u00e9serve Gerardmer\",\"description\":\"\",\"potentialAction\":[{\"@type\":\"SearchAction\",\"target\":{\"@type\":\"EntryPoint\",\"urlTemplate\":\"https:\\\/\\\/www.lareserve-gerardmer.fr\\\/en\\\/?s={search_term_string}\"},\"query-input\":{\"@type\":\"PropertyValueSpecification\",\"valueRequired\":true,\"valueName\":\"search_term_string\"}}],\"inLanguage\":\"en-US\"}]}<\/script>\n<!-- \/ Yoast SEO plugin. -->","yoast_head_json":{"title":"Charming hotel next to the G\u00e9rardmer Lake | H\u00f4tel La R\u00e9serve","description":"Discover La R\u00e9serve, a charming hotel by the lakeside and the great outdoors of G\u00e9rardmer. 22 rooms near the city center, the ski slopes and the various activities the Vosges have to offer.","robots":{"index":"index","follow":"follow","max-snippet":"max-snippet:-1","max-image-preview":"max-image-preview:large","max-video-preview":"max-video-preview:-1"},"canonical":"https:\/\/www.lareserve-gerardmer.fr\/en\/","og_locale":"en_US","og_type":"article","og_title":"Charming hotel next to the G\u00e9rardmer Lake | H\u00f4tel La R\u00e9serve","og_description":"Discover La R\u00e9serve, a charming hotel by the lakeside and the great outdoors of G\u00e9rardmer. 22 rooms near the city center, the ski slopes and the various activities the Vosges have to offer.","og_url":"https:\/\/www.lareserve-gerardmer.fr\/en\/","og_site_name":"La R\u00e9serve Gerardmer","article_modified_time":"2024-04-25T14:49:13+00:00","og_image":[{"width":1600,"height":1200,"url":"https:\/\/www.lareserve-gerardmer.fr\/wp-content\/uploads\/sites\/69\/2024\/04\/439397963_784795196941367_577169914281874742_n.jpg","type":"image\/jpeg"}],"twitter_card":"summary_large_image","twitter_misc":{"Est. reading time":"1 minute"},"schema":{"@context":"https:\/\/schema.org","@graph":[{"@type":"WebPage","@id":"https:\/\/www.lareserve-gerardmer.fr\/en\/","url":"https:\/\/www.lareserve-gerardmer.fr\/en\/","name":"Charming hotel next to the G\u00e9rardmer Lake | H\u00f4tel La R\u00e9serve","isPartOf":{"@id":"https:\/\/www.lareserve-gerardmer.fr\/en\/#website"},"primaryImageOfPage":{"@id":"https:\/\/www.lareserve-gerardmer.fr\/en\/#primaryimage"},"image":{"@id":"https:\/\/www.lareserve-gerardmer.fr\/en\/#primaryimage"},"thumbnailUrl":"https:\/\/www.lareserve-gerardmer.fr\/wp-content\/uploads\/sites\/69\/2024\/04\/439397963_784795196941367_577169914281874742_n.jpg","datePublished":"2023-10-03T11:04:00+00:00","dateModified":"2024-04-25T14:49:13+00:00","description":"Discover La R\u00e9serve, a charming hotel by the lakeside and the great outdoors of G\u00e9rardmer. 22 rooms near the city center, the ski slopes and the various activities the Vosges have to offer.","breadcrumb":{"@id":"https:\/\/www.lareserve-gerardmer.fr\/en\/#breadcrumb"},"inLanguage":"en-US","potentialAction":[{"@type":"ReadAction","target":["https:\/\/www.lareserve-gerardmer.fr\/en\/"]}]},{"@type":"ImageObject","inLanguage":"en-US","@id":"https:\/\/www.lareserve-gerardmer.fr\/en\/#primaryimage","url":"https:\/\/www.lareserve-gerardmer.fr\/wp-content\/uploads\/sites\/69\/2024\/04\/439397963_784795196941367_577169914281874742_n.jpg","contentUrl":"https:\/\/www.lareserve-gerardmer.fr\/wp-content\/uploads\/sites\/69\/2024\/04\/439397963_784795196941367_577169914281874742_n.jpg","width":1600,"height":1200},{"@type":"BreadcrumbList","@id":"https:\/\/www.lareserve-gerardmer.fr\/en\/#breadcrumb","itemListElement":[{"@type":"ListItem","position":1,"name":"Accueil","item":"https:\/\/www.lareserve-gerardmer.fr\/en\/"},{"@type":"ListItem","position":2,"name":"H\u00f4tel La R\u00e9serve &#8211; Lac de G\u00e9rardmer"}]},{"@type":"WebSite","@id":"https:\/\/www.lareserve-gerardmer.fr\/en\/#website","url":"https:\/\/www.lareserve-gerardmer.fr\/en\/","name":"La R\u00e9serve Gerardmer","description":"","potentialAction":[{"@type":"SearchAction","target":{"@type":"EntryPoint","urlTemplate":"https:\/\/www.lareserve-gerardmer.fr\/en\/?s={search_term_string}"},"query-input":{"@type":"PropertyValueSpecification","valueRequired":true,"valueName":"search_term_string"}}],"inLanguage":"en-US"}]}},"acf":[],"_links":{"self":[{"href":"https:\/\/www.lareserve-gerardmer.fr\/en\/wp-json\/wp\/v2\/pages\/186","targetHints":{"allow":["GET"]}}],"collection":[{"href":"https:\/\/www.lareserve-gerardmer.fr\/en\/wp-json\/wp\/v2\/pages"}],"about":[{"href":"https:\/\/www.lareserve-gerardmer.fr\/en\/wp-json\/wp\/v2\/types\/page"}],"author":[{"embeddable":true,"href":"https:\/\/www.lareserve-gerardmer.fr\/en\/wp-json\/wp\/v2\/users\/76"}],"replies":[{"embeddable":true,"href":"https:\/\/www.lareserve-gerardmer.fr\/en\/wp-json\/wp\/v2\/comments?post=186"}],"version-history":[{"count":0,"href":"https:\/\/www.lareserve-gerardmer.fr\/en\/wp-json\/wp\/v2\/pages\/186\/revisions"}],"wp:featuredmedia":[{"embeddable":true,"href":"https:\/\/www.lareserve-gerardmer.fr\/en\/wp-json\/wp\/v2\/media\/431"}],"wp:attachment":[{"href":"https:\/\/www.lareserve-gerardmer.fr\/en\/wp-json\/wp\/v2\/media?parent=186"}],"curies":[{"name":"wp","href":"https:\/\/api.w.org\/{rel}","templated":true}]}}