{"id":286,"date":"2023-10-03T13:44:19","date_gmt":"2023-10-03T11:44:19","guid":{"rendered":"https:\/\/www.lareserve-gerardmer.fr\/comment-nous-trouver-gerardmer-et-ses-alentours\/"},"modified":"2023-12-12T11:36:05","modified_gmt":"2023-12-12T10:36:05","slug":"wie-finden-sie-uns-gerardmer-und-umgebung","status":"publish","type":"page","link":"https:\/\/www.lareserve-gerardmer.fr\/de\/wie-finden-sie-uns-gerardmer-und-umgebung\/","title":{"rendered":"Wie finden Sie uns? &#8211; G\u00e9rardmer und Umgebung"},"content":{"rendered":"<p style=\"text-align: center;\"><span style=\"font-weight: 400;\">Das Hotel <\/span><span style=\"font-weight: 400;\">La R\u00e9serve<\/span><span style=\"font-weight: 400;\"> hat eine ideale Lage am Ufer des Sees von G\u00e9rardmer und im Stadtzentrum. Es ist daher mit jedem Verkehrsmittel und von jedem Ort aus leicht zu erreichen.<\/span><\/p>\n<p style=\"text-align: center;\"><span style=\"font-weight: 400;\">Die wichtigsten St\u00e4dte der Vogesen sind ganz in der N\u00e4he! Und von den SNCF-Bahnh\u00f6fen in \u00c9pinal, Saint-Di\u00e9 des Vosges, Remiremont und Colmar ist es einfach, nach G\u00e9rardmer zu gelangen. Auch von den Flugh\u00e4fen Stra\u00dfburg, Mulhouse, Nancy-Metz, \u00c9pinal-Mirecourt und Colmar ist die Anreise sehr einfach. Mit dem Zug oder dem Flugzeug werden Bustransfers nach G\u00e9rardmer angeboten. Unser Hotel befindet sich nur 5 Minuten zu Fu\u00df vom Busbahnhof entfernt, falls Sie mit dem Bus anreisen.<\/span><\/p>\n<p style=\"text-align: center;\"><strong><b>Wie erreiche ich das Hotel in G\u00e9rardmer?<\/b> <\/strong><span style=\"font-weight: 400;\">Das Hotel befindet sich im Stadtzentrum und ist auf allen GPS-Ger\u00e4ten verzeichnet, sodass Sie es schnell mit dem Auto oder zu Fu\u00df erreichen k\u00f6nnen.<\/span><\/p>\n","protected":false},"excerpt":{"rendered":"<p>Das Hotel La R\u00e9serve hat eine ideale Lage am Ufer des Sees von G\u00e9rardmer und im Stadtzentrum. Es ist daher mit jedem Verkehrsmittel und von jedem Ort aus leicht zu erreichen. Die wichtigsten St\u00e4dte der Vogesen sind ganz in der N\u00e4he! Und von den SNCF-Bahnh\u00f6fen in \u00c9pinal, Saint-Di\u00e9 des Vosges, Remiremont und Colmar ist es [&hellip;]<\/p>\n","protected":false},"author":16,"featured_media":0,"parent":0,"menu_order":50,"comment_status":"closed","ping_status":"closed","template":"template-location.php","meta":{"footnotes":""},"class_list":["post-286","page","type-page","status-publish","hentry"],"yoast_head":"<!-- This site is optimized with the Yoast SEO plugin v27.3 - https:\/\/yoast.com\/product\/yoast-seo-wordpress\/ -->\n<title>Hotel am Ufer des Sees von G\u00e9rardmer in den Vogesen | La R\u00e9serve<\/title>\n<meta name=\"description\" content=\"Entdecken Sie das Hotel La R\u00e9serve am Ufer des Sees von G\u00e9rardmer in den Vogesen, ganz in der N\u00e4he der wichtigsten els\u00e4ssischen und lothringischen St\u00e4dte: Nancy, La Bresse, \u00c9pinal, Munster...\" \/>\n<meta name=\"robots\" content=\"index, follow, max-snippet:-1, max-image-preview:large, max-video-preview:-1\" \/>\n<link rel=\"canonical\" href=\"https:\/\/www.lareserve-gerardmer.fr\/de\/wie-finden-sie-uns-gerardmer-und-umgebung\/\" \/>\n<meta property=\"og:locale\" content=\"de_DE\" \/>\n<meta property=\"og:type\" content=\"article\" \/>\n<meta property=\"og:title\" content=\"Hotel am Ufer des Sees von G\u00e9rardmer in den Vogesen | La R\u00e9serve\" \/>\n<meta property=\"og:description\" content=\"Entdecken Sie das Hotel La R\u00e9serve am Ufer des Sees von G\u00e9rardmer in den Vogesen, ganz in der N\u00e4he der wichtigsten els\u00e4ssischen und lothringischen St\u00e4dte: Nancy, La Bresse, \u00c9pinal, Munster...\" \/>\n<meta property=\"og:url\" content=\"https:\/\/www.lareserve-gerardmer.fr\/de\/wie-finden-sie-uns-gerardmer-und-umgebung\/\" \/>\n<meta property=\"og:site_name\" content=\"La R\u00e9serve Gerardmer\" \/>\n<meta property=\"article:modified_time\" content=\"2023-12-12T10:36:05+00:00\" \/>\n<meta name=\"twitter:card\" content=\"summary_large_image\" \/>\n<meta name=\"twitter:label1\" content=\"Gesch\u00e4tzte Lesezeit\" \/>\n\t<meta name=\"twitter:data1\" content=\"1 Minute\" \/>\n<script type=\"application\/ld+json\" class=\"yoast-schema-graph\">{\"@context\":\"https:\\\/\\\/schema.org\",\"@graph\":[{\"@type\":\"WebPage\",\"@id\":\"https:\\\/\\\/www.lareserve-gerardmer.fr\\\/de\\\/wie-finden-sie-uns-gerardmer-und-umgebung\\\/\",\"url\":\"https:\\\/\\\/www.lareserve-gerardmer.fr\\\/de\\\/wie-finden-sie-uns-gerardmer-und-umgebung\\\/\",\"name\":\"Hotel am Ufer des Sees von G\u00e9rardmer in den Vogesen | La R\u00e9serve\",\"isPartOf\":{\"@id\":\"https:\\\/\\\/www.lareserve-gerardmer.fr\\\/de\\\/#website\"},\"datePublished\":\"2023-10-03T11:44:19+00:00\",\"dateModified\":\"2023-12-12T10:36:05+00:00\",\"description\":\"Entdecken Sie das Hotel La R\u00e9serve am Ufer des Sees von G\u00e9rardmer in den Vogesen, ganz in der N\u00e4he der wichtigsten els\u00e4ssischen und lothringischen St\u00e4dte: Nancy, La Bresse, \u00c9pinal, Munster...\",\"breadcrumb\":{\"@id\":\"https:\\\/\\\/www.lareserve-gerardmer.fr\\\/de\\\/wie-finden-sie-uns-gerardmer-und-umgebung\\\/#breadcrumb\"},\"inLanguage\":\"de-DE\",\"potentialAction\":[{\"@type\":\"ReadAction\",\"target\":[\"https:\\\/\\\/www.lareserve-gerardmer.fr\\\/de\\\/wie-finden-sie-uns-gerardmer-und-umgebung\\\/\"]}]},{\"@type\":\"BreadcrumbList\",\"@id\":\"https:\\\/\\\/www.lareserve-gerardmer.fr\\\/de\\\/wie-finden-sie-uns-gerardmer-und-umgebung\\\/#breadcrumb\",\"itemListElement\":[{\"@type\":\"ListItem\",\"position\":1,\"name\":\"Accueil\",\"item\":\"https:\\\/\\\/www.lareserve-gerardmer.fr\\\/de\\\/\"},{\"@type\":\"ListItem\",\"position\":2,\"name\":\"Wie finden Sie uns? &#8211; G\u00e9rardmer und Umgebung\"}]},{\"@type\":\"WebSite\",\"@id\":\"https:\\\/\\\/www.lareserve-gerardmer.fr\\\/de\\\/#website\",\"url\":\"https:\\\/\\\/www.lareserve-gerardmer.fr\\\/de\\\/\",\"name\":\"La R\u00e9serve Gerardmer\",\"description\":\"\",\"potentialAction\":[{\"@type\":\"SearchAction\",\"target\":{\"@type\":\"EntryPoint\",\"urlTemplate\":\"https:\\\/\\\/www.lareserve-gerardmer.fr\\\/de\\\/?s={search_term_string}\"},\"query-input\":{\"@type\":\"PropertyValueSpecification\",\"valueRequired\":true,\"valueName\":\"search_term_string\"}}],\"inLanguage\":\"de-DE\"}]}<\/script>\n<!-- \/ Yoast SEO plugin. -->","yoast_head_json":{"title":"Hotel am Ufer des Sees von G\u00e9rardmer in den Vogesen | La R\u00e9serve","description":"Entdecken Sie das Hotel La R\u00e9serve am Ufer des Sees von G\u00e9rardmer in den Vogesen, ganz in der N\u00e4he der wichtigsten els\u00e4ssischen und lothringischen St\u00e4dte: Nancy, La Bresse, \u00c9pinal, Munster...","robots":{"index":"index","follow":"follow","max-snippet":"max-snippet:-1","max-image-preview":"max-image-preview:large","max-video-preview":"max-video-preview:-1"},"canonical":"https:\/\/www.lareserve-gerardmer.fr\/de\/wie-finden-sie-uns-gerardmer-und-umgebung\/","og_locale":"de_DE","og_type":"article","og_title":"Hotel am Ufer des Sees von G\u00e9rardmer in den Vogesen | La R\u00e9serve","og_description":"Entdecken Sie das Hotel La R\u00e9serve am Ufer des Sees von G\u00e9rardmer in den Vogesen, ganz in der N\u00e4he der wichtigsten els\u00e4ssischen und lothringischen St\u00e4dte: Nancy, La Bresse, \u00c9pinal, Munster...","og_url":"https:\/\/www.lareserve-gerardmer.fr\/de\/wie-finden-sie-uns-gerardmer-und-umgebung\/","og_site_name":"La R\u00e9serve Gerardmer","article_modified_time":"2023-12-12T10:36:05+00:00","twitter_card":"summary_large_image","twitter_misc":{"Gesch\u00e4tzte Lesezeit":"1 Minute"},"schema":{"@context":"https:\/\/schema.org","@graph":[{"@type":"WebPage","@id":"https:\/\/www.lareserve-gerardmer.fr\/de\/wie-finden-sie-uns-gerardmer-und-umgebung\/","url":"https:\/\/www.lareserve-gerardmer.fr\/de\/wie-finden-sie-uns-gerardmer-und-umgebung\/","name":"Hotel am Ufer des Sees von G\u00e9rardmer in den Vogesen | La R\u00e9serve","isPartOf":{"@id":"https:\/\/www.lareserve-gerardmer.fr\/de\/#website"},"datePublished":"2023-10-03T11:44:19+00:00","dateModified":"2023-12-12T10:36:05+00:00","description":"Entdecken Sie das Hotel La R\u00e9serve am Ufer des Sees von G\u00e9rardmer in den Vogesen, ganz in der N\u00e4he der wichtigsten els\u00e4ssischen und lothringischen St\u00e4dte: Nancy, La Bresse, \u00c9pinal, Munster...","breadcrumb":{"@id":"https:\/\/www.lareserve-gerardmer.fr\/de\/wie-finden-sie-uns-gerardmer-und-umgebung\/#breadcrumb"},"inLanguage":"de-DE","potentialAction":[{"@type":"ReadAction","target":["https:\/\/www.lareserve-gerardmer.fr\/de\/wie-finden-sie-uns-gerardmer-und-umgebung\/"]}]},{"@type":"BreadcrumbList","@id":"https:\/\/www.lareserve-gerardmer.fr\/de\/wie-finden-sie-uns-gerardmer-und-umgebung\/#breadcrumb","itemListElement":[{"@type":"ListItem","position":1,"name":"Accueil","item":"https:\/\/www.lareserve-gerardmer.fr\/de\/"},{"@type":"ListItem","position":2,"name":"Wie finden Sie uns? &#8211; G\u00e9rardmer und Umgebung"}]},{"@type":"WebSite","@id":"https:\/\/www.lareserve-gerardmer.fr\/de\/#website","url":"https:\/\/www.lareserve-gerardmer.fr\/de\/","name":"La R\u00e9serve Gerardmer","description":"","potentialAction":[{"@type":"SearchAction","target":{"@type":"EntryPoint","urlTemplate":"https:\/\/www.lareserve-gerardmer.fr\/de\/?s={search_term_string}"},"query-input":{"@type":"PropertyValueSpecification","valueRequired":true,"valueName":"search_term_string"}}],"inLanguage":"de-DE"}]}},"acf":[],"_links":{"self":[{"href":"https:\/\/www.lareserve-gerardmer.fr\/de\/wp-json\/wp\/v2\/pages\/286","targetHints":{"allow":["GET"]}}],"collection":[{"href":"https:\/\/www.lareserve-gerardmer.fr\/de\/wp-json\/wp\/v2\/pages"}],"about":[{"href":"https:\/\/www.lareserve-gerardmer.fr\/de\/wp-json\/wp\/v2\/types\/page"}],"author":[{"embeddable":true,"href":"https:\/\/www.lareserve-gerardmer.fr\/de\/wp-json\/wp\/v2\/users\/16"}],"replies":[{"embeddable":true,"href":"https:\/\/www.lareserve-gerardmer.fr\/de\/wp-json\/wp\/v2\/comments?post=286"}],"version-history":[{"count":0,"href":"https:\/\/www.lareserve-gerardmer.fr\/de\/wp-json\/wp\/v2\/pages\/286\/revisions"}],"wp:attachment":[{"href":"https:\/\/www.lareserve-gerardmer.fr\/de\/wp-json\/wp\/v2\/media?parent=286"}],"curies":[{"name":"wp","href":"https:\/\/api.w.org\/{rel}","templated":true}]}}