{"id":285,"date":"2023-10-03T13:57:53","date_gmt":"2023-10-03T11:57:53","guid":{"rendered":"https:\/\/www.lareserve-gerardmer.fr\/activites-a-gerardmer-et-aux-alentours\/la-voie-verte-et-la-randonnee-a-gerardmer-et-aux-alentours\/"},"modified":"2023-12-12T12:30:25","modified_gmt":"2023-12-12T11:30:25","slug":"lder-gruene-weg-und-das-wandern-in-gerardmer-und-umgebung","status":"publish","type":"page","link":"https:\/\/www.lareserve-gerardmer.fr\/de\/freizeitmoeglichkeiten-in-gerardmer-und-umgebung\/lder-gruene-weg-und-das-wandern-in-gerardmer-und-umgebung\/","title":{"rendered":"Der Gr\u00fcne Weg und das Wandern in G\u00e9rardmer und Umgebung"},"content":{"rendered":"<p style=\"text-align: center;\"><span style=\"font-weight: 400;\">\u00dcber Hunderte von Kilometern erstrecken sich die markierten Wanderwege und Pfade im Naturpark des Vogesenmassivs. Das Hotel <\/span><span style=\"font-weight: 400;\">La R\u00e9serve<\/span><span style=\"font-weight: 400;\"> am Ufer des Sees von G\u00e9rardmer ist daher ein beliebter Ausgangspunkt f\u00fcr Naturrouten und Wanderwege, die f\u00fcr ihre Qualit\u00e4t bekannt sind.<\/span><\/p>\n<p style=\"text-align: center;\"><span style=\"font-weight: 400;\">Der Naturpark des Vogesenmassivs bietet somit verschiedene Arten von Wanderungen, die das Niveau und die W\u00fcnsche eines jeden ber\u00fccksichtigen. So k\u00f6nnen Sie bei einer Landschaftswanderung entlang der Bergk\u00e4mme die Aussichtspunkte bewundern, die Natur kennenlernen oder einen Bauernhof entdecken. Selbstverst\u00e4ndlich k\u00f6nnen Sie die Wege auch mit Hilfe eines Wanderf\u00fchrers begehen. Nordic Walking und Trailrunning vervollst\u00e4ndigen die Wanderoptionen rund um die Wasserf\u00e4lle am <\/span><span style=\"font-weight: 400;\">Saut de la Bourrique<\/span><span style=\"font-weight: 400;\"> oder auf der Entdeckung der <\/span><span style=\"font-weight: 400;\">Tour de la Merelle<\/span><span style=\"font-weight: 400;\">, den Sie besteigen k\u00f6nnen.<\/span><\/p>\n<p style=\"text-align: center;\"><span style=\"font-weight: 400;\">Nat\u00fcrlich gibt es hier auch andere Arten von Wanderwegen wie den ber\u00fchmten Gr\u00fcnen Weg (Voie verte), der aus zwei Wegen besteht, die in Remiremont beginnen und sich 3 km weiter trennen, um auf 30 km dem Moseltal folgend oder auf 21 km dem Moselotte-Tal folgend nach Bussang zu f\u00fchren. Diese von wundersch\u00f6nen Landschaften ges\u00e4umten Strecken werden im Winter zum Langlaufen und im Sommer zum Rollerskifahren genutzt.<\/span><\/p>\n<p style=\"text-align: center;\"><span style=\"font-weight: 400;\">Und alle Wege f\u00fchren sicher nach G\u00e9rardmer!<\/span><\/p>\n","protected":false},"excerpt":{"rendered":"<p>\u00dcber Hunderte von Kilometern erstrecken sich die markierten Wanderwege und Pfade im Naturpark des Vogesenmassivs. Das Hotel La R\u00e9serve am Ufer des Sees von G\u00e9rardmer ist daher ein beliebter Ausgangspunkt f\u00fcr Naturrouten und Wanderwege, die f\u00fcr ihre Qualit\u00e4t bekannt sind. Der Naturpark des Vogesenmassivs bietet somit verschiedene Arten von Wanderungen, die das Niveau und die [&hellip;]<\/p>\n","protected":false},"author":16,"featured_media":0,"parent":280,"menu_order":450,"comment_status":"closed","ping_status":"closed","template":"template-default-2.php","meta":{"footnotes":""},"class_list":["post-285","page","type-page","status-publish","hentry"],"yoast_head":"<!-- This site is optimized with the Yoast SEO plugin v27.3 - https:\/\/yoast.com\/product\/yoast-seo-wordpress\/ -->\n<title>Gr\u00fcner Weg der Vogesen und Wandern G\u00e9rardmer | Hotel La R\u00e9serve<\/title>\n<meta name=\"description\" content=\"Das Hotel La R\u00e9serve empf\u00e4ngt Sie in den Vogesen am Ufer des Sees von G\u00e9rardmer: Gr\u00fcner Weg, Wanderwege, Le Saut de la Bourrique\u2026100% Naturaufenthalt.\" \/>\n<meta name=\"robots\" content=\"index, follow, max-snippet:-1, max-image-preview:large, max-video-preview:-1\" \/>\n<link rel=\"canonical\" href=\"https:\/\/www.lareserve-gerardmer.fr\/de\/freizeitmoeglichkeiten-in-gerardmer-und-umgebung\/lder-gruene-weg-und-das-wandern-in-gerardmer-und-umgebung\/\" \/>\n<meta property=\"og:locale\" content=\"de_DE\" \/>\n<meta property=\"og:type\" content=\"article\" \/>\n<meta property=\"og:title\" content=\"Gr\u00fcner Weg der Vogesen und Wandern G\u00e9rardmer | Hotel La R\u00e9serve\" \/>\n<meta property=\"og:description\" content=\"Das Hotel La R\u00e9serve empf\u00e4ngt Sie in den Vogesen am Ufer des Sees von G\u00e9rardmer: Gr\u00fcner Weg, Wanderwege, Le Saut de la Bourrique\u2026100% Naturaufenthalt.\" \/>\n<meta property=\"og:url\" content=\"https:\/\/www.lareserve-gerardmer.fr\/de\/freizeitmoeglichkeiten-in-gerardmer-und-umgebung\/lder-gruene-weg-und-das-wandern-in-gerardmer-und-umgebung\/\" \/>\n<meta property=\"og:site_name\" content=\"La R\u00e9serve Gerardmer\" \/>\n<meta property=\"article:modified_time\" content=\"2023-12-12T11:30:25+00:00\" \/>\n<meta name=\"twitter:card\" content=\"summary_large_image\" \/>\n<meta name=\"twitter:label1\" content=\"Gesch\u00e4tzte Lesezeit\" \/>\n\t<meta name=\"twitter:data1\" content=\"1 Minute\" \/>\n<script type=\"application\/ld+json\" class=\"yoast-schema-graph\">{\"@context\":\"https:\\\/\\\/schema.org\",\"@graph\":[{\"@type\":\"WebPage\",\"@id\":\"https:\\\/\\\/www.lareserve-gerardmer.fr\\\/de\\\/freizeitmoeglichkeiten-in-gerardmer-und-umgebung\\\/lder-gruene-weg-und-das-wandern-in-gerardmer-und-umgebung\\\/\",\"url\":\"https:\\\/\\\/www.lareserve-gerardmer.fr\\\/de\\\/freizeitmoeglichkeiten-in-gerardmer-und-umgebung\\\/lder-gruene-weg-und-das-wandern-in-gerardmer-und-umgebung\\\/\",\"name\":\"Gr\u00fcner Weg der Vogesen und Wandern G\u00e9rardmer | Hotel La R\u00e9serve\",\"isPartOf\":{\"@id\":\"https:\\\/\\\/www.lareserve-gerardmer.fr\\\/de\\\/#website\"},\"datePublished\":\"2023-10-03T11:57:53+00:00\",\"dateModified\":\"2023-12-12T11:30:25+00:00\",\"description\":\"Das Hotel La R\u00e9serve empf\u00e4ngt Sie in den Vogesen am Ufer des Sees von G\u00e9rardmer: Gr\u00fcner Weg, Wanderwege, Le Saut de la Bourrique\u2026100% Naturaufenthalt.\",\"breadcrumb\":{\"@id\":\"https:\\\/\\\/www.lareserve-gerardmer.fr\\\/de\\\/freizeitmoeglichkeiten-in-gerardmer-und-umgebung\\\/lder-gruene-weg-und-das-wandern-in-gerardmer-und-umgebung\\\/#breadcrumb\"},\"inLanguage\":\"de-DE\",\"potentialAction\":[{\"@type\":\"ReadAction\",\"target\":[\"https:\\\/\\\/www.lareserve-gerardmer.fr\\\/de\\\/freizeitmoeglichkeiten-in-gerardmer-und-umgebung\\\/lder-gruene-weg-und-das-wandern-in-gerardmer-und-umgebung\\\/\"]}]},{\"@type\":\"BreadcrumbList\",\"@id\":\"https:\\\/\\\/www.lareserve-gerardmer.fr\\\/de\\\/freizeitmoeglichkeiten-in-gerardmer-und-umgebung\\\/lder-gruene-weg-und-das-wandern-in-gerardmer-und-umgebung\\\/#breadcrumb\",\"itemListElement\":[{\"@type\":\"ListItem\",\"position\":1,\"name\":\"Accueil\",\"item\":\"https:\\\/\\\/www.lareserve-gerardmer.fr\\\/de\\\/\"},{\"@type\":\"ListItem\",\"position\":2,\"name\":\"Freizeitm\u00f6glichkeiten in G\u00e9rardmer und Umgebung\",\"item\":\"https:\\\/\\\/www.lareserve-gerardmer.fr\\\/de\\\/freizeitmoeglichkeiten-in-gerardmer-und-umgebung\\\/\"},{\"@type\":\"ListItem\",\"position\":3,\"name\":\"Der Gr\u00fcne Weg und das Wandern in G\u00e9rardmer und Umgebung\"}]},{\"@type\":\"WebSite\",\"@id\":\"https:\\\/\\\/www.lareserve-gerardmer.fr\\\/de\\\/#website\",\"url\":\"https:\\\/\\\/www.lareserve-gerardmer.fr\\\/de\\\/\",\"name\":\"La R\u00e9serve Gerardmer\",\"description\":\"\",\"potentialAction\":[{\"@type\":\"SearchAction\",\"target\":{\"@type\":\"EntryPoint\",\"urlTemplate\":\"https:\\\/\\\/www.lareserve-gerardmer.fr\\\/de\\\/?s={search_term_string}\"},\"query-input\":{\"@type\":\"PropertyValueSpecification\",\"valueRequired\":true,\"valueName\":\"search_term_string\"}}],\"inLanguage\":\"de-DE\"}]}<\/script>\n<!-- \/ Yoast SEO plugin. -->","yoast_head_json":{"title":"Gr\u00fcner Weg der Vogesen und Wandern G\u00e9rardmer | Hotel La R\u00e9serve","description":"Das Hotel La R\u00e9serve empf\u00e4ngt Sie in den Vogesen am Ufer des Sees von G\u00e9rardmer: Gr\u00fcner Weg, Wanderwege, Le Saut de la Bourrique\u2026100% Naturaufenthalt.","robots":{"index":"index","follow":"follow","max-snippet":"max-snippet:-1","max-image-preview":"max-image-preview:large","max-video-preview":"max-video-preview:-1"},"canonical":"https:\/\/www.lareserve-gerardmer.fr\/de\/freizeitmoeglichkeiten-in-gerardmer-und-umgebung\/lder-gruene-weg-und-das-wandern-in-gerardmer-und-umgebung\/","og_locale":"de_DE","og_type":"article","og_title":"Gr\u00fcner Weg der Vogesen und Wandern G\u00e9rardmer | Hotel La R\u00e9serve","og_description":"Das Hotel La R\u00e9serve empf\u00e4ngt Sie in den Vogesen am Ufer des Sees von G\u00e9rardmer: Gr\u00fcner Weg, Wanderwege, Le Saut de la Bourrique\u2026100% Naturaufenthalt.","og_url":"https:\/\/www.lareserve-gerardmer.fr\/de\/freizeitmoeglichkeiten-in-gerardmer-und-umgebung\/lder-gruene-weg-und-das-wandern-in-gerardmer-und-umgebung\/","og_site_name":"La R\u00e9serve Gerardmer","article_modified_time":"2023-12-12T11:30:25+00:00","twitter_card":"summary_large_image","twitter_misc":{"Gesch\u00e4tzte Lesezeit":"1 Minute"},"schema":{"@context":"https:\/\/schema.org","@graph":[{"@type":"WebPage","@id":"https:\/\/www.lareserve-gerardmer.fr\/de\/freizeitmoeglichkeiten-in-gerardmer-und-umgebung\/lder-gruene-weg-und-das-wandern-in-gerardmer-und-umgebung\/","url":"https:\/\/www.lareserve-gerardmer.fr\/de\/freizeitmoeglichkeiten-in-gerardmer-und-umgebung\/lder-gruene-weg-und-das-wandern-in-gerardmer-und-umgebung\/","name":"Gr\u00fcner Weg der Vogesen und Wandern G\u00e9rardmer | Hotel La R\u00e9serve","isPartOf":{"@id":"https:\/\/www.lareserve-gerardmer.fr\/de\/#website"},"datePublished":"2023-10-03T11:57:53+00:00","dateModified":"2023-12-12T11:30:25+00:00","description":"Das Hotel La R\u00e9serve empf\u00e4ngt Sie in den Vogesen am Ufer des Sees von G\u00e9rardmer: Gr\u00fcner Weg, Wanderwege, Le Saut de la Bourrique\u2026100% Naturaufenthalt.","breadcrumb":{"@id":"https:\/\/www.lareserve-gerardmer.fr\/de\/freizeitmoeglichkeiten-in-gerardmer-und-umgebung\/lder-gruene-weg-und-das-wandern-in-gerardmer-und-umgebung\/#breadcrumb"},"inLanguage":"de-DE","potentialAction":[{"@type":"ReadAction","target":["https:\/\/www.lareserve-gerardmer.fr\/de\/freizeitmoeglichkeiten-in-gerardmer-und-umgebung\/lder-gruene-weg-und-das-wandern-in-gerardmer-und-umgebung\/"]}]},{"@type":"BreadcrumbList","@id":"https:\/\/www.lareserve-gerardmer.fr\/de\/freizeitmoeglichkeiten-in-gerardmer-und-umgebung\/lder-gruene-weg-und-das-wandern-in-gerardmer-und-umgebung\/#breadcrumb","itemListElement":[{"@type":"ListItem","position":1,"name":"Accueil","item":"https:\/\/www.lareserve-gerardmer.fr\/de\/"},{"@type":"ListItem","position":2,"name":"Freizeitm\u00f6glichkeiten in G\u00e9rardmer und Umgebung","item":"https:\/\/www.lareserve-gerardmer.fr\/de\/freizeitmoeglichkeiten-in-gerardmer-und-umgebung\/"},{"@type":"ListItem","position":3,"name":"Der Gr\u00fcne Weg und das Wandern in G\u00e9rardmer und Umgebung"}]},{"@type":"WebSite","@id":"https:\/\/www.lareserve-gerardmer.fr\/de\/#website","url":"https:\/\/www.lareserve-gerardmer.fr\/de\/","name":"La R\u00e9serve Gerardmer","description":"","potentialAction":[{"@type":"SearchAction","target":{"@type":"EntryPoint","urlTemplate":"https:\/\/www.lareserve-gerardmer.fr\/de\/?s={search_term_string}"},"query-input":{"@type":"PropertyValueSpecification","valueRequired":true,"valueName":"search_term_string"}}],"inLanguage":"de-DE"}]}},"acf":[],"_links":{"self":[{"href":"https:\/\/www.lareserve-gerardmer.fr\/de\/wp-json\/wp\/v2\/pages\/285","targetHints":{"allow":["GET"]}}],"collection":[{"href":"https:\/\/www.lareserve-gerardmer.fr\/de\/wp-json\/wp\/v2\/pages"}],"about":[{"href":"https:\/\/www.lareserve-gerardmer.fr\/de\/wp-json\/wp\/v2\/types\/page"}],"author":[{"embeddable":true,"href":"https:\/\/www.lareserve-gerardmer.fr\/de\/wp-json\/wp\/v2\/users\/16"}],"replies":[{"embeddable":true,"href":"https:\/\/www.lareserve-gerardmer.fr\/de\/wp-json\/wp\/v2\/comments?post=285"}],"version-history":[{"count":0,"href":"https:\/\/www.lareserve-gerardmer.fr\/de\/wp-json\/wp\/v2\/pages\/285\/revisions"}],"up":[{"embeddable":true,"href":"https:\/\/www.lareserve-gerardmer.fr\/de\/wp-json\/wp\/v2\/pages\/280"}],"wp:attachment":[{"href":"https:\/\/www.lareserve-gerardmer.fr\/de\/wp-json\/wp\/v2\/media?parent=285"}],"curies":[{"name":"wp","href":"https:\/\/api.w.org\/{rel}","templated":true}]}}