{"id":284,"date":"2023-10-03T13:57:36","date_gmt":"2023-10-03T11:57:36","guid":{"rendered":"https:\/\/www.lareserve-gerardmer.fr\/activites-a-gerardmer-et-aux-alentours\/le-parc-naturel-du-massif-des-vosges\/"},"modified":"2023-12-12T11:41:15","modified_gmt":"2023-12-12T10:41:15","slug":"der-naturpark-des-vogesenmassivs","status":"publish","type":"page","link":"https:\/\/www.lareserve-gerardmer.fr\/de\/freizeitmoeglichkeiten-in-gerardmer-und-umgebung\/der-naturpark-des-vogesenmassivs\/","title":{"rendered":"Der Naturpark des Vogesenmassivs"},"content":{"rendered":"<p style=\"text-align: center;\"><span style=\"font-weight: 400;\">Der Regionale Naturpark der Ballons des Vosges ist ein absolut au\u00dfergew\u00f6hnliches Waldgebiet, da der Wald fast zwei Drittel seiner Fl\u00e4che bedeckt. Er ist ein wahres Paradies f\u00fcr Wanderer und gleichzeitig der nat\u00fcrliche Rahmen eines wundersch\u00f6nen Kulturerbes. <\/span><\/p>\n<p style=\"text-align: center;\"><span style=\"font-weight: 400;\">Der Park erstreckt sich \u00fcber das Elsass, Lothringen bis in die Franche-Comt\u00e9. G\u00e9rardmer befindet sich also im Herzen dieses gr\u00fcnen Gebiets, das Kultur, Traditionen und Natur miteinander verbindet. G\u00e9rardmer geh\u00f6rt zu den Mitgliedsgemeinden und genie\u00dft daher eine ideale Lage, um die Sch\u00e4tze des Massivs und des Parks zu erkunden. <\/span><\/p>\n<p style=\"text-align: center;\"><span style=\"font-weight: 400;\">Wanderungen, Nordic Walking, Trailrunning, Mountainbiking und Radtourismus, Klettern, Angeln&#8230; unz\u00e4hlige Sport- und Naturaktivit\u00e4ten werden hier angeboten. Der Naturpark der Vogesen beherbergt auf seiner gesamten Fl\u00e4che weitere Wunder, deren Hauptakteure und Erbauer die Menschen sind. So k\u00f6nnen Sie auf Entdeckungsreise gehen und malerische D\u00f6rfer, Schl\u00f6sser, Weinberge und das gesamte kulturelle und gastronomische Erbe, das die Seele der Region ausmacht, kennenlernen. Auch die Freizeit kommt nicht zu kurz; im Abenteuerpark Acro-sph\u00e8re k\u00f6nnen Sie den Wald von seinem Kronendach aus erkunden.<\/span><\/p>\n<p style=\"text-align: center;\"><span style=\"font-weight: 400;\">Das Team des Hotels <\/span><span style=\"font-weight: 400;\">La R\u00e9serve<\/span><span style=\"font-weight: 400;\"> steht Ihnen nat\u00fcrlich zur Seite und empfiehlt Ihnen die besten Reiserouten je nach Jahreszeit und Ihren Erwartungen. Ob allein, mit Freunden oder der Familie, der Naturpark der Ballons des Vosges l\u00e4sst sich in Ihrem eigenen Rhythmus entdecken.<\/span><\/p>\n","protected":false},"excerpt":{"rendered":"<p>Der Regionale Naturpark der Ballons des Vosges ist ein absolut au\u00dfergew\u00f6hnliches Waldgebiet, da der Wald fast zwei Drittel seiner Fl\u00e4che bedeckt. Er ist ein wahres Paradies f\u00fcr Wanderer und gleichzeitig der nat\u00fcrliche Rahmen eines wundersch\u00f6nen Kulturerbes. Der Park erstreckt sich \u00fcber das Elsass, Lothringen bis in die Franche-Comt\u00e9. G\u00e9rardmer befindet sich also im Herzen dieses [&hellip;]<\/p>\n","protected":false},"author":16,"featured_media":0,"parent":280,"menu_order":440,"comment_status":"closed","ping_status":"closed","template":"template-default-2.php","meta":{"footnotes":""},"class_list":["post-284","page","type-page","status-publish","hentry"],"yoast_head":"<!-- This site is optimized with the Yoast SEO plugin v27.3 - https:\/\/yoast.com\/product\/yoast-seo-wordpress\/ -->\n<title>Hotel im Naturpark der Vogesen | Hotel La R\u00e9serve<\/title>\n<meta name=\"description\" content=\"Entdecken Sie das Hotel La R\u00e9serve am Ufer des Sees von G\u00e9rardmer! Eine einzigartige Lage mitten im Naturpark der Vogesen. Skifahren, Wandern, La Bresse, Munster, \u00c9pinal\u2026.\" \/>\n<meta name=\"robots\" content=\"index, follow, max-snippet:-1, max-image-preview:large, max-video-preview:-1\" \/>\n<link rel=\"canonical\" href=\"https:\/\/www.lareserve-gerardmer.fr\/de\/freizeitmoeglichkeiten-in-gerardmer-und-umgebung\/der-naturpark-des-vogesenmassivs\/\" \/>\n<meta property=\"og:locale\" content=\"de_DE\" \/>\n<meta property=\"og:type\" content=\"article\" \/>\n<meta property=\"og:title\" content=\"Hotel im Naturpark der Vogesen | Hotel La R\u00e9serve\" \/>\n<meta property=\"og:description\" content=\"Entdecken Sie das Hotel La R\u00e9serve am Ufer des Sees von G\u00e9rardmer! Eine einzigartige Lage mitten im Naturpark der Vogesen. Skifahren, Wandern, La Bresse, Munster, \u00c9pinal\u2026.\" \/>\n<meta property=\"og:url\" content=\"https:\/\/www.lareserve-gerardmer.fr\/de\/freizeitmoeglichkeiten-in-gerardmer-und-umgebung\/der-naturpark-des-vogesenmassivs\/\" \/>\n<meta property=\"og:site_name\" content=\"La R\u00e9serve Gerardmer\" \/>\n<meta property=\"article:modified_time\" content=\"2023-12-12T10:41:15+00:00\" \/>\n<meta name=\"twitter:card\" content=\"summary_large_image\" \/>\n<meta name=\"twitter:label1\" content=\"Gesch\u00e4tzte Lesezeit\" \/>\n\t<meta name=\"twitter:data1\" content=\"1 Minute\" \/>\n<script type=\"application\/ld+json\" class=\"yoast-schema-graph\">{\"@context\":\"https:\\\/\\\/schema.org\",\"@graph\":[{\"@type\":\"WebPage\",\"@id\":\"https:\\\/\\\/www.lareserve-gerardmer.fr\\\/de\\\/freizeitmoeglichkeiten-in-gerardmer-und-umgebung\\\/der-naturpark-des-vogesenmassivs\\\/\",\"url\":\"https:\\\/\\\/www.lareserve-gerardmer.fr\\\/de\\\/freizeitmoeglichkeiten-in-gerardmer-und-umgebung\\\/der-naturpark-des-vogesenmassivs\\\/\",\"name\":\"Hotel im Naturpark der Vogesen | Hotel La R\u00e9serve\",\"isPartOf\":{\"@id\":\"https:\\\/\\\/www.lareserve-gerardmer.fr\\\/de\\\/#website\"},\"datePublished\":\"2023-10-03T11:57:36+00:00\",\"dateModified\":\"2023-12-12T10:41:15+00:00\",\"description\":\"Entdecken Sie das Hotel La R\u00e9serve am Ufer des Sees von G\u00e9rardmer! Eine einzigartige Lage mitten im Naturpark der Vogesen. Skifahren, Wandern, La Bresse, Munster, \u00c9pinal\u2026.\",\"breadcrumb\":{\"@id\":\"https:\\\/\\\/www.lareserve-gerardmer.fr\\\/de\\\/freizeitmoeglichkeiten-in-gerardmer-und-umgebung\\\/der-naturpark-des-vogesenmassivs\\\/#breadcrumb\"},\"inLanguage\":\"de-DE\",\"potentialAction\":[{\"@type\":\"ReadAction\",\"target\":[\"https:\\\/\\\/www.lareserve-gerardmer.fr\\\/de\\\/freizeitmoeglichkeiten-in-gerardmer-und-umgebung\\\/der-naturpark-des-vogesenmassivs\\\/\"]}]},{\"@type\":\"BreadcrumbList\",\"@id\":\"https:\\\/\\\/www.lareserve-gerardmer.fr\\\/de\\\/freizeitmoeglichkeiten-in-gerardmer-und-umgebung\\\/der-naturpark-des-vogesenmassivs\\\/#breadcrumb\",\"itemListElement\":[{\"@type\":\"ListItem\",\"position\":1,\"name\":\"Accueil\",\"item\":\"https:\\\/\\\/www.lareserve-gerardmer.fr\\\/de\\\/\"},{\"@type\":\"ListItem\",\"position\":2,\"name\":\"Freizeitm\u00f6glichkeiten in G\u00e9rardmer und Umgebung\",\"item\":\"https:\\\/\\\/www.lareserve-gerardmer.fr\\\/de\\\/freizeitmoeglichkeiten-in-gerardmer-und-umgebung\\\/\"},{\"@type\":\"ListItem\",\"position\":3,\"name\":\"Der Naturpark des Vogesenmassivs\"}]},{\"@type\":\"WebSite\",\"@id\":\"https:\\\/\\\/www.lareserve-gerardmer.fr\\\/de\\\/#website\",\"url\":\"https:\\\/\\\/www.lareserve-gerardmer.fr\\\/de\\\/\",\"name\":\"La R\u00e9serve Gerardmer\",\"description\":\"\",\"potentialAction\":[{\"@type\":\"SearchAction\",\"target\":{\"@type\":\"EntryPoint\",\"urlTemplate\":\"https:\\\/\\\/www.lareserve-gerardmer.fr\\\/de\\\/?s={search_term_string}\"},\"query-input\":{\"@type\":\"PropertyValueSpecification\",\"valueRequired\":true,\"valueName\":\"search_term_string\"}}],\"inLanguage\":\"de-DE\"}]}<\/script>\n<!-- \/ Yoast SEO plugin. -->","yoast_head_json":{"title":"Hotel im Naturpark der Vogesen | Hotel La R\u00e9serve","description":"Entdecken Sie das Hotel La R\u00e9serve am Ufer des Sees von G\u00e9rardmer! Eine einzigartige Lage mitten im Naturpark der Vogesen. Skifahren, Wandern, La Bresse, Munster, \u00c9pinal\u2026.","robots":{"index":"index","follow":"follow","max-snippet":"max-snippet:-1","max-image-preview":"max-image-preview:large","max-video-preview":"max-video-preview:-1"},"canonical":"https:\/\/www.lareserve-gerardmer.fr\/de\/freizeitmoeglichkeiten-in-gerardmer-und-umgebung\/der-naturpark-des-vogesenmassivs\/","og_locale":"de_DE","og_type":"article","og_title":"Hotel im Naturpark der Vogesen | Hotel La R\u00e9serve","og_description":"Entdecken Sie das Hotel La R\u00e9serve am Ufer des Sees von G\u00e9rardmer! Eine einzigartige Lage mitten im Naturpark der Vogesen. Skifahren, Wandern, La Bresse, Munster, \u00c9pinal\u2026.","og_url":"https:\/\/www.lareserve-gerardmer.fr\/de\/freizeitmoeglichkeiten-in-gerardmer-und-umgebung\/der-naturpark-des-vogesenmassivs\/","og_site_name":"La R\u00e9serve Gerardmer","article_modified_time":"2023-12-12T10:41:15+00:00","twitter_card":"summary_large_image","twitter_misc":{"Gesch\u00e4tzte Lesezeit":"1 Minute"},"schema":{"@context":"https:\/\/schema.org","@graph":[{"@type":"WebPage","@id":"https:\/\/www.lareserve-gerardmer.fr\/de\/freizeitmoeglichkeiten-in-gerardmer-und-umgebung\/der-naturpark-des-vogesenmassivs\/","url":"https:\/\/www.lareserve-gerardmer.fr\/de\/freizeitmoeglichkeiten-in-gerardmer-und-umgebung\/der-naturpark-des-vogesenmassivs\/","name":"Hotel im Naturpark der Vogesen | Hotel La R\u00e9serve","isPartOf":{"@id":"https:\/\/www.lareserve-gerardmer.fr\/de\/#website"},"datePublished":"2023-10-03T11:57:36+00:00","dateModified":"2023-12-12T10:41:15+00:00","description":"Entdecken Sie das Hotel La R\u00e9serve am Ufer des Sees von G\u00e9rardmer! Eine einzigartige Lage mitten im Naturpark der Vogesen. Skifahren, Wandern, La Bresse, Munster, \u00c9pinal\u2026.","breadcrumb":{"@id":"https:\/\/www.lareserve-gerardmer.fr\/de\/freizeitmoeglichkeiten-in-gerardmer-und-umgebung\/der-naturpark-des-vogesenmassivs\/#breadcrumb"},"inLanguage":"de-DE","potentialAction":[{"@type":"ReadAction","target":["https:\/\/www.lareserve-gerardmer.fr\/de\/freizeitmoeglichkeiten-in-gerardmer-und-umgebung\/der-naturpark-des-vogesenmassivs\/"]}]},{"@type":"BreadcrumbList","@id":"https:\/\/www.lareserve-gerardmer.fr\/de\/freizeitmoeglichkeiten-in-gerardmer-und-umgebung\/der-naturpark-des-vogesenmassivs\/#breadcrumb","itemListElement":[{"@type":"ListItem","position":1,"name":"Accueil","item":"https:\/\/www.lareserve-gerardmer.fr\/de\/"},{"@type":"ListItem","position":2,"name":"Freizeitm\u00f6glichkeiten in G\u00e9rardmer und Umgebung","item":"https:\/\/www.lareserve-gerardmer.fr\/de\/freizeitmoeglichkeiten-in-gerardmer-und-umgebung\/"},{"@type":"ListItem","position":3,"name":"Der Naturpark des Vogesenmassivs"}]},{"@type":"WebSite","@id":"https:\/\/www.lareserve-gerardmer.fr\/de\/#website","url":"https:\/\/www.lareserve-gerardmer.fr\/de\/","name":"La R\u00e9serve Gerardmer","description":"","potentialAction":[{"@type":"SearchAction","target":{"@type":"EntryPoint","urlTemplate":"https:\/\/www.lareserve-gerardmer.fr\/de\/?s={search_term_string}"},"query-input":{"@type":"PropertyValueSpecification","valueRequired":true,"valueName":"search_term_string"}}],"inLanguage":"de-DE"}]}},"acf":[],"_links":{"self":[{"href":"https:\/\/www.lareserve-gerardmer.fr\/de\/wp-json\/wp\/v2\/pages\/284","targetHints":{"allow":["GET"]}}],"collection":[{"href":"https:\/\/www.lareserve-gerardmer.fr\/de\/wp-json\/wp\/v2\/pages"}],"about":[{"href":"https:\/\/www.lareserve-gerardmer.fr\/de\/wp-json\/wp\/v2\/types\/page"}],"author":[{"embeddable":true,"href":"https:\/\/www.lareserve-gerardmer.fr\/de\/wp-json\/wp\/v2\/users\/16"}],"replies":[{"embeddable":true,"href":"https:\/\/www.lareserve-gerardmer.fr\/de\/wp-json\/wp\/v2\/comments?post=284"}],"version-history":[{"count":0,"href":"https:\/\/www.lareserve-gerardmer.fr\/de\/wp-json\/wp\/v2\/pages\/284\/revisions"}],"up":[{"embeddable":true,"href":"https:\/\/www.lareserve-gerardmer.fr\/de\/wp-json\/wp\/v2\/pages\/280"}],"wp:attachment":[{"href":"https:\/\/www.lareserve-gerardmer.fr\/de\/wp-json\/wp\/v2\/media?parent=284"}],"curies":[{"name":"wp","href":"https:\/\/api.w.org\/{rel}","templated":true}]}}