{"id":283,"date":"2023-10-03T13:57:24","date_gmt":"2023-10-03T11:57:24","guid":{"rendered":"https:\/\/www.lareserve-gerardmer.fr\/activites-a-gerardmer-et-aux-alentours\/la-route-des-vins-dalsace\/"},"modified":"2023-12-26T14:50:12","modified_gmt":"2023-12-26T13:50:12","slug":"die-elsaessische-weinstrasse","status":"publish","type":"page","link":"https:\/\/www.lareserve-gerardmer.fr\/de\/freizeitmoeglichkeiten-in-gerardmer-und-umgebung\/die-elsaessische-weinstrasse\/","title":{"rendered":"Die els\u00e4ssische Weinstra\u00dfe"},"content":{"rendered":"<p style=\"text-align: center;\"><span style=\"font-weight: 400;\">Die Els\u00e4ssische Weinstra\u00dfe ist nicht nur ein Weg mit Weing\u00fctern. Sie ist nat\u00fcrlich die Hauptaktivit\u00e4t und \u2013attraktion der Region. Aber es gibt noch viel mehr zu entdecken, und das Team des Hotels <\/span><span style=\"font-weight: 400;\">La R\u00e9serve<\/span><span style=\"font-weight: 400;\"> begleitet und ber\u00e4t Sie gerne bei dieser Entdeckungsreise.<\/span><\/p>\n<p style=\"text-align: center;\"><span style=\"font-weight: 400;\">Die Weinstra\u00dfe, das sind vor allem 170 km Wege, Stra\u00dfen und Pfade, die durch die Weinberge f\u00fchren, um auf ein einzigartiges Kulturerbe zu treffen. Es sind also etwa 50 Routen und Rundwege, die man zu Fu\u00df im Rhythmus der Informationstafeln durchl\u00e4uft, die Ihnen (fast) alles \u00fcber die Arbeit der Winzer erz\u00e4hlen. Die f\u00fcr alle zug\u00e4nglichen, spielerischen Rundg\u00e4nge lassen Sie au\u00dferdem die Sch\u00e4tze des Kulturerbes und der Landschaften der Region entdecken.<\/span><\/p>\n<p style=\"text-align: center;\"><span style=\"font-weight: 400;\">Parallel zum Verlauf der Weinstra\u00dfe k\u00f6nnen Sie auf der V\u00e9loroute auch verschiedene Rundwege und Routen mit dem Fahrrad zur\u00fccklegen, um die Region auf andere Weise zu entdecken. Das Elsass verf\u00fcgt \u00fcber 2500 km Radwege! Das Hotel stellt Ihnen kostenlos Fahrr\u00e4der f\u00fcr die ganze Familie zur Verf\u00fcgung, damit Sie die kulturellen und nat\u00fcrlichen Wunder der Region erkunden k\u00f6nnen.<\/span><\/p>\n<p style=\"text-align: center;\"><span style=\"font-weight: 400;\">Das Team des Hotels hat gute Kontakte zu den Winzern, die auch seine Partner sind. Wir k\u00f6nnen Sie daher bei der Entdeckung der Weinberge beraten und begleiten, indem wir Sie an unsere Favoriten verweisen, um die besten Weine der Region wie Riesling, Gew\u00fcrztraminer oder Pinot Noir zu probieren.<\/span><\/p>\n","protected":false},"excerpt":{"rendered":"<p>Die Els\u00e4ssische Weinstra\u00dfe ist nicht nur ein Weg mit Weing\u00fctern. Sie ist nat\u00fcrlich die Hauptaktivit\u00e4t und \u2013attraktion der Region. Aber es gibt noch viel mehr zu entdecken, und das Team des Hotels La R\u00e9serve begleitet und ber\u00e4t Sie gerne bei dieser Entdeckungsreise. Die Weinstra\u00dfe, das sind vor allem 170 km Wege, Stra\u00dfen und Pfade, die [&hellip;]<\/p>\n","protected":false},"author":16,"featured_media":0,"parent":280,"menu_order":430,"comment_status":"closed","ping_status":"closed","template":"template-default-2.php","meta":{"footnotes":""},"class_list":["post-283","page","type-page","status-publish","hentry"],"yoast_head":"<!-- This site is optimized with the Yoast SEO plugin v27.3 - https:\/\/yoast.com\/product\/yoast-seo-wordpress\/ -->\n<title>Hotel in G\u00e9rardmer an der els\u00e4ssischen Weinstra\u00dfe | Hotel La R\u00e9serve<\/title>\n<meta name=\"description\" content=\"Am Ufer des Sees von G\u00e9rardmer finden Sie das Hotel La R\u00e9serve auf der els\u00e4ssischen Weinstra\u00dfe. Wir f\u00fchren Sie und lassen Sie von den Tipps der Winzer profitieren.\" \/>\n<meta name=\"robots\" content=\"index, follow, max-snippet:-1, max-image-preview:large, max-video-preview:-1\" \/>\n<link rel=\"canonical\" href=\"https:\/\/www.lareserve-gerardmer.fr\/de\/freizeitmoeglichkeiten-in-gerardmer-und-umgebung\/die-elsaessische-weinstrasse\/\" \/>\n<meta property=\"og:locale\" content=\"de_DE\" \/>\n<meta property=\"og:type\" content=\"article\" \/>\n<meta property=\"og:title\" content=\"Hotel in G\u00e9rardmer an der els\u00e4ssischen Weinstra\u00dfe | Hotel La R\u00e9serve\" \/>\n<meta property=\"og:description\" content=\"Am Ufer des Sees von G\u00e9rardmer finden Sie das Hotel La R\u00e9serve auf der els\u00e4ssischen Weinstra\u00dfe. Wir f\u00fchren Sie und lassen Sie von den Tipps der Winzer profitieren.\" \/>\n<meta property=\"og:url\" content=\"https:\/\/www.lareserve-gerardmer.fr\/de\/freizeitmoeglichkeiten-in-gerardmer-und-umgebung\/die-elsaessische-weinstrasse\/\" \/>\n<meta property=\"og:site_name\" content=\"La R\u00e9serve Gerardmer\" \/>\n<meta property=\"article:modified_time\" content=\"2023-12-26T13:50:12+00:00\" \/>\n<meta name=\"twitter:card\" content=\"summary_large_image\" \/>\n<meta name=\"twitter:label1\" content=\"Gesch\u00e4tzte Lesezeit\" \/>\n\t<meta name=\"twitter:data1\" content=\"1 Minute\" \/>\n<script type=\"application\/ld+json\" class=\"yoast-schema-graph\">{\"@context\":\"https:\\\/\\\/schema.org\",\"@graph\":[{\"@type\":\"WebPage\",\"@id\":\"https:\\\/\\\/www.lareserve-gerardmer.fr\\\/de\\\/freizeitmoeglichkeiten-in-gerardmer-und-umgebung\\\/die-elsaessische-weinstrasse\\\/\",\"url\":\"https:\\\/\\\/www.lareserve-gerardmer.fr\\\/de\\\/freizeitmoeglichkeiten-in-gerardmer-und-umgebung\\\/die-elsaessische-weinstrasse\\\/\",\"name\":\"Hotel in G\u00e9rardmer an der els\u00e4ssischen Weinstra\u00dfe | Hotel La R\u00e9serve\",\"isPartOf\":{\"@id\":\"https:\\\/\\\/www.lareserve-gerardmer.fr\\\/de\\\/#website\"},\"datePublished\":\"2023-10-03T11:57:24+00:00\",\"dateModified\":\"2023-12-26T13:50:12+00:00\",\"description\":\"Am Ufer des Sees von G\u00e9rardmer finden Sie das Hotel La R\u00e9serve auf der els\u00e4ssischen Weinstra\u00dfe. Wir f\u00fchren Sie und lassen Sie von den Tipps der Winzer profitieren.\",\"breadcrumb\":{\"@id\":\"https:\\\/\\\/www.lareserve-gerardmer.fr\\\/de\\\/freizeitmoeglichkeiten-in-gerardmer-und-umgebung\\\/die-elsaessische-weinstrasse\\\/#breadcrumb\"},\"inLanguage\":\"de-DE\",\"potentialAction\":[{\"@type\":\"ReadAction\",\"target\":[\"https:\\\/\\\/www.lareserve-gerardmer.fr\\\/de\\\/freizeitmoeglichkeiten-in-gerardmer-und-umgebung\\\/die-elsaessische-weinstrasse\\\/\"]}]},{\"@type\":\"BreadcrumbList\",\"@id\":\"https:\\\/\\\/www.lareserve-gerardmer.fr\\\/de\\\/freizeitmoeglichkeiten-in-gerardmer-und-umgebung\\\/die-elsaessische-weinstrasse\\\/#breadcrumb\",\"itemListElement\":[{\"@type\":\"ListItem\",\"position\":1,\"name\":\"Accueil\",\"item\":\"https:\\\/\\\/www.lareserve-gerardmer.fr\\\/de\\\/\"},{\"@type\":\"ListItem\",\"position\":2,\"name\":\"Freizeitm\u00f6glichkeiten in G\u00e9rardmer und Umgebung\",\"item\":\"https:\\\/\\\/www.lareserve-gerardmer.fr\\\/de\\\/freizeitmoeglichkeiten-in-gerardmer-und-umgebung\\\/\"},{\"@type\":\"ListItem\",\"position\":3,\"name\":\"Die els\u00e4ssische Weinstra\u00dfe\"}]},{\"@type\":\"WebSite\",\"@id\":\"https:\\\/\\\/www.lareserve-gerardmer.fr\\\/de\\\/#website\",\"url\":\"https:\\\/\\\/www.lareserve-gerardmer.fr\\\/de\\\/\",\"name\":\"La R\u00e9serve Gerardmer\",\"description\":\"\",\"potentialAction\":[{\"@type\":\"SearchAction\",\"target\":{\"@type\":\"EntryPoint\",\"urlTemplate\":\"https:\\\/\\\/www.lareserve-gerardmer.fr\\\/de\\\/?s={search_term_string}\"},\"query-input\":{\"@type\":\"PropertyValueSpecification\",\"valueRequired\":true,\"valueName\":\"search_term_string\"}}],\"inLanguage\":\"de-DE\"}]}<\/script>\n<!-- \/ Yoast SEO plugin. -->","yoast_head_json":{"title":"Hotel in G\u00e9rardmer an der els\u00e4ssischen Weinstra\u00dfe | Hotel La R\u00e9serve","description":"Am Ufer des Sees von G\u00e9rardmer finden Sie das Hotel La R\u00e9serve auf der els\u00e4ssischen Weinstra\u00dfe. Wir f\u00fchren Sie und lassen Sie von den Tipps der Winzer profitieren.","robots":{"index":"index","follow":"follow","max-snippet":"max-snippet:-1","max-image-preview":"max-image-preview:large","max-video-preview":"max-video-preview:-1"},"canonical":"https:\/\/www.lareserve-gerardmer.fr\/de\/freizeitmoeglichkeiten-in-gerardmer-und-umgebung\/die-elsaessische-weinstrasse\/","og_locale":"de_DE","og_type":"article","og_title":"Hotel in G\u00e9rardmer an der els\u00e4ssischen Weinstra\u00dfe | Hotel La R\u00e9serve","og_description":"Am Ufer des Sees von G\u00e9rardmer finden Sie das Hotel La R\u00e9serve auf der els\u00e4ssischen Weinstra\u00dfe. Wir f\u00fchren Sie und lassen Sie von den Tipps der Winzer profitieren.","og_url":"https:\/\/www.lareserve-gerardmer.fr\/de\/freizeitmoeglichkeiten-in-gerardmer-und-umgebung\/die-elsaessische-weinstrasse\/","og_site_name":"La R\u00e9serve Gerardmer","article_modified_time":"2023-12-26T13:50:12+00:00","twitter_card":"summary_large_image","twitter_misc":{"Gesch\u00e4tzte Lesezeit":"1 Minute"},"schema":{"@context":"https:\/\/schema.org","@graph":[{"@type":"WebPage","@id":"https:\/\/www.lareserve-gerardmer.fr\/de\/freizeitmoeglichkeiten-in-gerardmer-und-umgebung\/die-elsaessische-weinstrasse\/","url":"https:\/\/www.lareserve-gerardmer.fr\/de\/freizeitmoeglichkeiten-in-gerardmer-und-umgebung\/die-elsaessische-weinstrasse\/","name":"Hotel in G\u00e9rardmer an der els\u00e4ssischen Weinstra\u00dfe | Hotel La R\u00e9serve","isPartOf":{"@id":"https:\/\/www.lareserve-gerardmer.fr\/de\/#website"},"datePublished":"2023-10-03T11:57:24+00:00","dateModified":"2023-12-26T13:50:12+00:00","description":"Am Ufer des Sees von G\u00e9rardmer finden Sie das Hotel La R\u00e9serve auf der els\u00e4ssischen Weinstra\u00dfe. Wir f\u00fchren Sie und lassen Sie von den Tipps der Winzer profitieren.","breadcrumb":{"@id":"https:\/\/www.lareserve-gerardmer.fr\/de\/freizeitmoeglichkeiten-in-gerardmer-und-umgebung\/die-elsaessische-weinstrasse\/#breadcrumb"},"inLanguage":"de-DE","potentialAction":[{"@type":"ReadAction","target":["https:\/\/www.lareserve-gerardmer.fr\/de\/freizeitmoeglichkeiten-in-gerardmer-und-umgebung\/die-elsaessische-weinstrasse\/"]}]},{"@type":"BreadcrumbList","@id":"https:\/\/www.lareserve-gerardmer.fr\/de\/freizeitmoeglichkeiten-in-gerardmer-und-umgebung\/die-elsaessische-weinstrasse\/#breadcrumb","itemListElement":[{"@type":"ListItem","position":1,"name":"Accueil","item":"https:\/\/www.lareserve-gerardmer.fr\/de\/"},{"@type":"ListItem","position":2,"name":"Freizeitm\u00f6glichkeiten in G\u00e9rardmer und Umgebung","item":"https:\/\/www.lareserve-gerardmer.fr\/de\/freizeitmoeglichkeiten-in-gerardmer-und-umgebung\/"},{"@type":"ListItem","position":3,"name":"Die els\u00e4ssische Weinstra\u00dfe"}]},{"@type":"WebSite","@id":"https:\/\/www.lareserve-gerardmer.fr\/de\/#website","url":"https:\/\/www.lareserve-gerardmer.fr\/de\/","name":"La R\u00e9serve Gerardmer","description":"","potentialAction":[{"@type":"SearchAction","target":{"@type":"EntryPoint","urlTemplate":"https:\/\/www.lareserve-gerardmer.fr\/de\/?s={search_term_string}"},"query-input":{"@type":"PropertyValueSpecification","valueRequired":true,"valueName":"search_term_string"}}],"inLanguage":"de-DE"}]}},"acf":[],"_links":{"self":[{"href":"https:\/\/www.lareserve-gerardmer.fr\/de\/wp-json\/wp\/v2\/pages\/283","targetHints":{"allow":["GET"]}}],"collection":[{"href":"https:\/\/www.lareserve-gerardmer.fr\/de\/wp-json\/wp\/v2\/pages"}],"about":[{"href":"https:\/\/www.lareserve-gerardmer.fr\/de\/wp-json\/wp\/v2\/types\/page"}],"author":[{"embeddable":true,"href":"https:\/\/www.lareserve-gerardmer.fr\/de\/wp-json\/wp\/v2\/users\/16"}],"replies":[{"embeddable":true,"href":"https:\/\/www.lareserve-gerardmer.fr\/de\/wp-json\/wp\/v2\/comments?post=283"}],"version-history":[{"count":0,"href":"https:\/\/www.lareserve-gerardmer.fr\/de\/wp-json\/wp\/v2\/pages\/283\/revisions"}],"up":[{"embeddable":true,"href":"https:\/\/www.lareserve-gerardmer.fr\/de\/wp-json\/wp\/v2\/pages\/280"}],"wp:attachment":[{"href":"https:\/\/www.lareserve-gerardmer.fr\/de\/wp-json\/wp\/v2\/media?parent=283"}],"curies":[{"name":"wp","href":"https:\/\/api.w.org\/{rel}","templated":true}]}}