{"id":282,"date":"2023-10-03T13:57:10","date_gmt":"2023-10-03T11:57:10","guid":{"rendered":"https:\/\/www.lareserve-gerardmer.fr\/activites-a-gerardmer-et-aux-alentours\/la-station-de-ski-de-gerardmer\/"},"modified":"2023-12-12T11:39:32","modified_gmt":"2023-12-12T10:39:32","slug":"das-skigebiet-von-gerardmer","status":"publish","type":"page","link":"https:\/\/www.lareserve-gerardmer.fr\/de\/freizeitmoeglichkeiten-in-gerardmer-und-umgebung\/das-skigebiet-von-gerardmer\/","title":{"rendered":"Das Skigebiet von G\u00e9rardmer"},"content":{"rendered":"<p style=\"text-align: center;\">Wenn von Bergen die Rede ist, ist oft von Wintersportarten die Rede! G\u00e9rardmer ist neben La Bresse und La Schlucht einer der wichtigsten Skiorte des Vogesenmassivs und bietet zu jeder Jahreszeit abwechslungsreiche Bergsportaktivit\u00e4ten an.<\/p>\n<p style=\"text-align: center;\">Der Winter ist die bevorzugte Jahreszeit des Alpenmassivs, G\u00e9rardmer, die &#8222;Perle der Vogesen&#8220;, bietet jedoch auch zwei Skigebiete, La Mauselaine und Les Bas-Rupts. Hier werden also zahlreiche Aktivit\u00e4ten angeboten: Nat\u00fcrlich Skifahren, sowohl Alpin- als auch Langlaufski, aber auch Schneeschuhwanderungen, ein Hallenbad und eine Eislaufbahn.<\/p>\n<p style=\"text-align: center;\">Der Ort ist mit dem G\u00fctesiegel \u201eFamille Plus\u201c ausgezeichnet und bietet daher Einrichtungen, Angebote, Dienstleistungen und Animationen, die besonders f\u00fcr Familien, insbesondere mit Kindern, geeignet sind. Er steht den anderen Skiorten in nichts nach, da sich das Skigebiet \u00fcber 40 km und 370 m H\u00f6henunterschied erstreckt. Eine Freude f\u00fcr Gro\u00df und Klein.<\/p>\n<p style=\"text-align: center;\">Das Hotel befindet sich 10 Minuten von den ersten Skipisten entfernt und bietet spezielle Lagerr\u00e4ume f\u00fcr Ihre Skiausr\u00fcstung. Direkt neben dem La R\u00e9serve gibt es einen Shuttle-Service, der die Stadt mit den nahegelegenen Pisten verbindet.<\/p>\n<p style=\"text-align: center;\">Das gesamte Team wartet auf Sie!<\/p>\n","protected":false},"excerpt":{"rendered":"<p>Wenn von Bergen die Rede ist, ist oft von Wintersportarten die Rede! G\u00e9rardmer ist neben La Bresse und La Schlucht einer der wichtigsten Skiorte des Vogesenmassivs und bietet zu jeder Jahreszeit abwechslungsreiche Bergsportaktivit\u00e4ten an. Der Winter ist die bevorzugte Jahreszeit des Alpenmassivs, G\u00e9rardmer, die &#8222;Perle der Vogesen&#8220;, bietet jedoch auch zwei Skigebiete, La Mauselaine und [&hellip;]<\/p>\n","protected":false},"author":16,"featured_media":0,"parent":280,"menu_order":420,"comment_status":"closed","ping_status":"closed","template":"template-default-2.php","meta":{"footnotes":""},"class_list":["post-282","page","type-page","status-publish","hentry"],"yoast_head":"<!-- This site is optimized with the Yoast SEO plugin v27.3 - https:\/\/yoast.com\/product\/yoast-seo-wordpress\/ -->\n<title>Hotel in der N\u00e4he des Skigebiets von G\u00e9rardmer | Hotel La R\u00e9serve<\/title>\n<meta name=\"description\" content=\"Entdecken Sie das Hotel La R\u00e9serve, das nur 10 Minuten von den Skipisten entfernt ist.Kostenloser Shuttle Bus, Lagerung Ihrer Skiausr\u00fcstung: Kleine Extras, die alles ver\u00e4ndern.\" \/>\n<meta name=\"robots\" content=\"index, follow, max-snippet:-1, max-image-preview:large, max-video-preview:-1\" \/>\n<link rel=\"canonical\" href=\"https:\/\/www.lareserve-gerardmer.fr\/de\/freizeitmoeglichkeiten-in-gerardmer-und-umgebung\/das-skigebiet-von-gerardmer\/\" \/>\n<meta property=\"og:locale\" content=\"de_DE\" \/>\n<meta property=\"og:type\" content=\"article\" \/>\n<meta property=\"og:title\" content=\"Hotel in der N\u00e4he des Skigebiets von G\u00e9rardmer | Hotel La R\u00e9serve\" \/>\n<meta property=\"og:description\" content=\"Entdecken Sie das Hotel La R\u00e9serve, das nur 10 Minuten von den Skipisten entfernt ist.Kostenloser Shuttle Bus, Lagerung Ihrer Skiausr\u00fcstung: Kleine Extras, die alles ver\u00e4ndern.\" \/>\n<meta property=\"og:url\" content=\"https:\/\/www.lareserve-gerardmer.fr\/de\/freizeitmoeglichkeiten-in-gerardmer-und-umgebung\/das-skigebiet-von-gerardmer\/\" \/>\n<meta property=\"og:site_name\" content=\"La R\u00e9serve Gerardmer\" \/>\n<meta property=\"article:modified_time\" content=\"2023-12-12T10:39:32+00:00\" \/>\n<meta name=\"twitter:card\" content=\"summary_large_image\" \/>\n<meta name=\"twitter:label1\" content=\"Gesch\u00e4tzte Lesezeit\" \/>\n\t<meta name=\"twitter:data1\" content=\"1 Minute\" \/>\n<script type=\"application\/ld+json\" class=\"yoast-schema-graph\">{\"@context\":\"https:\\\/\\\/schema.org\",\"@graph\":[{\"@type\":\"WebPage\",\"@id\":\"https:\\\/\\\/www.lareserve-gerardmer.fr\\\/de\\\/freizeitmoeglichkeiten-in-gerardmer-und-umgebung\\\/das-skigebiet-von-gerardmer\\\/\",\"url\":\"https:\\\/\\\/www.lareserve-gerardmer.fr\\\/de\\\/freizeitmoeglichkeiten-in-gerardmer-und-umgebung\\\/das-skigebiet-von-gerardmer\\\/\",\"name\":\"Hotel in der N\u00e4he des Skigebiets von G\u00e9rardmer | Hotel La R\u00e9serve\",\"isPartOf\":{\"@id\":\"https:\\\/\\\/www.lareserve-gerardmer.fr\\\/de\\\/#website\"},\"datePublished\":\"2023-10-03T11:57:10+00:00\",\"dateModified\":\"2023-12-12T10:39:32+00:00\",\"description\":\"Entdecken Sie das Hotel La R\u00e9serve, das nur 10 Minuten von den Skipisten entfernt ist.Kostenloser Shuttle Bus, Lagerung Ihrer Skiausr\u00fcstung: Kleine Extras, die alles ver\u00e4ndern.\",\"breadcrumb\":{\"@id\":\"https:\\\/\\\/www.lareserve-gerardmer.fr\\\/de\\\/freizeitmoeglichkeiten-in-gerardmer-und-umgebung\\\/das-skigebiet-von-gerardmer\\\/#breadcrumb\"},\"inLanguage\":\"de-DE\",\"potentialAction\":[{\"@type\":\"ReadAction\",\"target\":[\"https:\\\/\\\/www.lareserve-gerardmer.fr\\\/de\\\/freizeitmoeglichkeiten-in-gerardmer-und-umgebung\\\/das-skigebiet-von-gerardmer\\\/\"]}]},{\"@type\":\"BreadcrumbList\",\"@id\":\"https:\\\/\\\/www.lareserve-gerardmer.fr\\\/de\\\/freizeitmoeglichkeiten-in-gerardmer-und-umgebung\\\/das-skigebiet-von-gerardmer\\\/#breadcrumb\",\"itemListElement\":[{\"@type\":\"ListItem\",\"position\":1,\"name\":\"Accueil\",\"item\":\"https:\\\/\\\/www.lareserve-gerardmer.fr\\\/de\\\/\"},{\"@type\":\"ListItem\",\"position\":2,\"name\":\"Freizeitm\u00f6glichkeiten in G\u00e9rardmer und Umgebung\",\"item\":\"https:\\\/\\\/www.lareserve-gerardmer.fr\\\/de\\\/freizeitmoeglichkeiten-in-gerardmer-und-umgebung\\\/\"},{\"@type\":\"ListItem\",\"position\":3,\"name\":\"Das Skigebiet von G\u00e9rardmer\"}]},{\"@type\":\"WebSite\",\"@id\":\"https:\\\/\\\/www.lareserve-gerardmer.fr\\\/de\\\/#website\",\"url\":\"https:\\\/\\\/www.lareserve-gerardmer.fr\\\/de\\\/\",\"name\":\"La R\u00e9serve Gerardmer\",\"description\":\"\",\"potentialAction\":[{\"@type\":\"SearchAction\",\"target\":{\"@type\":\"EntryPoint\",\"urlTemplate\":\"https:\\\/\\\/www.lareserve-gerardmer.fr\\\/de\\\/?s={search_term_string}\"},\"query-input\":{\"@type\":\"PropertyValueSpecification\",\"valueRequired\":true,\"valueName\":\"search_term_string\"}}],\"inLanguage\":\"de-DE\"}]}<\/script>\n<!-- \/ Yoast SEO plugin. -->","yoast_head_json":{"title":"Hotel in der N\u00e4he des Skigebiets von G\u00e9rardmer | Hotel La R\u00e9serve","description":"Entdecken Sie das Hotel La R\u00e9serve, das nur 10 Minuten von den Skipisten entfernt ist.Kostenloser Shuttle Bus, Lagerung Ihrer Skiausr\u00fcstung: Kleine Extras, die alles ver\u00e4ndern.","robots":{"index":"index","follow":"follow","max-snippet":"max-snippet:-1","max-image-preview":"max-image-preview:large","max-video-preview":"max-video-preview:-1"},"canonical":"https:\/\/www.lareserve-gerardmer.fr\/de\/freizeitmoeglichkeiten-in-gerardmer-und-umgebung\/das-skigebiet-von-gerardmer\/","og_locale":"de_DE","og_type":"article","og_title":"Hotel in der N\u00e4he des Skigebiets von G\u00e9rardmer | Hotel La R\u00e9serve","og_description":"Entdecken Sie das Hotel La R\u00e9serve, das nur 10 Minuten von den Skipisten entfernt ist.Kostenloser Shuttle Bus, Lagerung Ihrer Skiausr\u00fcstung: Kleine Extras, die alles ver\u00e4ndern.","og_url":"https:\/\/www.lareserve-gerardmer.fr\/de\/freizeitmoeglichkeiten-in-gerardmer-und-umgebung\/das-skigebiet-von-gerardmer\/","og_site_name":"La R\u00e9serve Gerardmer","article_modified_time":"2023-12-12T10:39:32+00:00","twitter_card":"summary_large_image","twitter_misc":{"Gesch\u00e4tzte Lesezeit":"1 Minute"},"schema":{"@context":"https:\/\/schema.org","@graph":[{"@type":"WebPage","@id":"https:\/\/www.lareserve-gerardmer.fr\/de\/freizeitmoeglichkeiten-in-gerardmer-und-umgebung\/das-skigebiet-von-gerardmer\/","url":"https:\/\/www.lareserve-gerardmer.fr\/de\/freizeitmoeglichkeiten-in-gerardmer-und-umgebung\/das-skigebiet-von-gerardmer\/","name":"Hotel in der N\u00e4he des Skigebiets von G\u00e9rardmer | Hotel La R\u00e9serve","isPartOf":{"@id":"https:\/\/www.lareserve-gerardmer.fr\/de\/#website"},"datePublished":"2023-10-03T11:57:10+00:00","dateModified":"2023-12-12T10:39:32+00:00","description":"Entdecken Sie das Hotel La R\u00e9serve, das nur 10 Minuten von den Skipisten entfernt ist.Kostenloser Shuttle Bus, Lagerung Ihrer Skiausr\u00fcstung: Kleine Extras, die alles ver\u00e4ndern.","breadcrumb":{"@id":"https:\/\/www.lareserve-gerardmer.fr\/de\/freizeitmoeglichkeiten-in-gerardmer-und-umgebung\/das-skigebiet-von-gerardmer\/#breadcrumb"},"inLanguage":"de-DE","potentialAction":[{"@type":"ReadAction","target":["https:\/\/www.lareserve-gerardmer.fr\/de\/freizeitmoeglichkeiten-in-gerardmer-und-umgebung\/das-skigebiet-von-gerardmer\/"]}]},{"@type":"BreadcrumbList","@id":"https:\/\/www.lareserve-gerardmer.fr\/de\/freizeitmoeglichkeiten-in-gerardmer-und-umgebung\/das-skigebiet-von-gerardmer\/#breadcrumb","itemListElement":[{"@type":"ListItem","position":1,"name":"Accueil","item":"https:\/\/www.lareserve-gerardmer.fr\/de\/"},{"@type":"ListItem","position":2,"name":"Freizeitm\u00f6glichkeiten in G\u00e9rardmer und Umgebung","item":"https:\/\/www.lareserve-gerardmer.fr\/de\/freizeitmoeglichkeiten-in-gerardmer-und-umgebung\/"},{"@type":"ListItem","position":3,"name":"Das Skigebiet von G\u00e9rardmer"}]},{"@type":"WebSite","@id":"https:\/\/www.lareserve-gerardmer.fr\/de\/#website","url":"https:\/\/www.lareserve-gerardmer.fr\/de\/","name":"La R\u00e9serve Gerardmer","description":"","potentialAction":[{"@type":"SearchAction","target":{"@type":"EntryPoint","urlTemplate":"https:\/\/www.lareserve-gerardmer.fr\/de\/?s={search_term_string}"},"query-input":{"@type":"PropertyValueSpecification","valueRequired":true,"valueName":"search_term_string"}}],"inLanguage":"de-DE"}]}},"acf":[],"_links":{"self":[{"href":"https:\/\/www.lareserve-gerardmer.fr\/de\/wp-json\/wp\/v2\/pages\/282","targetHints":{"allow":["GET"]}}],"collection":[{"href":"https:\/\/www.lareserve-gerardmer.fr\/de\/wp-json\/wp\/v2\/pages"}],"about":[{"href":"https:\/\/www.lareserve-gerardmer.fr\/de\/wp-json\/wp\/v2\/types\/page"}],"author":[{"embeddable":true,"href":"https:\/\/www.lareserve-gerardmer.fr\/de\/wp-json\/wp\/v2\/users\/16"}],"replies":[{"embeddable":true,"href":"https:\/\/www.lareserve-gerardmer.fr\/de\/wp-json\/wp\/v2\/comments?post=282"}],"version-history":[{"count":0,"href":"https:\/\/www.lareserve-gerardmer.fr\/de\/wp-json\/wp\/v2\/pages\/282\/revisions"}],"up":[{"embeddable":true,"href":"https:\/\/www.lareserve-gerardmer.fr\/de\/wp-json\/wp\/v2\/pages\/280"}],"wp:attachment":[{"href":"https:\/\/www.lareserve-gerardmer.fr\/de\/wp-json\/wp\/v2\/media?parent=282"}],"curies":[{"name":"wp","href":"https:\/\/api.w.org\/{rel}","templated":true}]}}