{"id":279,"date":"2023-10-03T13:43:26","date_gmt":"2023-10-03T11:43:26","guid":{"rendered":"https:\/\/www.lareserve-gerardmer.fr\/services-et-prestations-de-lhotel\/lounge-bar\/"},"modified":"2023-12-26T14:42:17","modified_gmt":"2023-12-26T13:42:17","slug":"lounge-bar","status":"publish","type":"page","link":"https:\/\/www.lareserve-gerardmer.fr\/de\/services-und-dienstleistungen-im-hotel\/lounge-bar\/","title":{"rendered":"Lounge bar"},"content":{"rendered":"<p style=\"text-align: center;\"><span style=\"font-weight: 400;\">Entspannen Sie sich mit der Familie oder mit Freunden in der Loungebar des Hotels <\/span><span style=\"font-weight: 400;\">La R\u00e9serve<\/span><span style=\"font-weight: 400;\"> in G\u00e9rardmer.<\/span><br \/>\n<span style=\"font-weight: 400;\">In einer gem\u00fctlichen Vintage-Atmosph\u00e4re genie\u00dfen Sie die Bar, die wahre Seele des Hotels, voller Geschichte und Ber\u00fchmtheiten. Gegen\u00fcber dem See von G\u00e9rardmer gelegen, werden Sie hier einen angenehmen Moment verbringen.<\/span><br \/>\n<span style=\"font-weight: 400;\">Eine gro\u00dfe Auswahl an Weinen und Cocktails mit einer K\u00e4seplatte und lokalen Wurstwaren wird Ihnen angeboten.<\/span><\/p>\n","protected":false},"excerpt":{"rendered":"<p>Entspannen Sie sich mit der Familie oder mit Freunden in der Loungebar des Hotels La R\u00e9serve in G\u00e9rardmer. In einer gem\u00fctlichen Vintage-Atmosph\u00e4re genie\u00dfen Sie die Bar, die wahre Seele des Hotels, voller Geschichte und Ber\u00fchmtheiten. Gegen\u00fcber dem See von G\u00e9rardmer gelegen, werden Sie hier einen angenehmen Moment verbringen. Eine gro\u00dfe Auswahl an Weinen und Cocktails [&hellip;]<\/p>\n","protected":false},"author":16,"featured_media":0,"parent":277,"menu_order":320,"comment_status":"closed","ping_status":"closed","template":"template-single-service.php","meta":{"footnotes":""},"class_list":["post-279","page","type-page","status-publish","hentry"],"yoast_head":"<!-- This site is optimized with the Yoast SEO plugin v27.3 - https:\/\/yoast.com\/product\/yoast-seo-wordpress\/ -->\n<title>Lounge bar | Hotel La R\u00e9serve G\u00e9rardmer<\/title>\n<meta name=\"description\" content=\"G\u00f6nnen Sie sich einen Moment in der Lounge Bar des Hotels La R\u00e9serve.Entdecken Sie einen schicken Designort am See von G\u00e9rardmer, um zu entspannnen.\" \/>\n<meta name=\"robots\" content=\"index, follow, max-snippet:-1, max-image-preview:large, max-video-preview:-1\" \/>\n<link rel=\"canonical\" href=\"https:\/\/www.lareserve-gerardmer.fr\/de\/services-und-dienstleistungen-im-hotel\/lounge-bar\/\" \/>\n<meta property=\"og:locale\" content=\"de_DE\" \/>\n<meta property=\"og:type\" content=\"article\" \/>\n<meta property=\"og:title\" content=\"Lounge bar | Hotel La R\u00e9serve G\u00e9rardmer\" \/>\n<meta property=\"og:description\" content=\"G\u00f6nnen Sie sich einen Moment in der Lounge Bar des Hotels La R\u00e9serve.Entdecken Sie einen schicken Designort am See von G\u00e9rardmer, um zu entspannnen.\" \/>\n<meta property=\"og:url\" content=\"https:\/\/www.lareserve-gerardmer.fr\/de\/services-und-dienstleistungen-im-hotel\/lounge-bar\/\" \/>\n<meta property=\"og:site_name\" content=\"La R\u00e9serve Gerardmer\" \/>\n<meta property=\"article:modified_time\" content=\"2023-12-26T13:42:17+00:00\" \/>\n<meta name=\"twitter:card\" content=\"summary_large_image\" \/>\n<script type=\"application\/ld+json\" class=\"yoast-schema-graph\">{\"@context\":\"https:\\\/\\\/schema.org\",\"@graph\":[{\"@type\":\"WebPage\",\"@id\":\"https:\\\/\\\/www.lareserve-gerardmer.fr\\\/de\\\/services-und-dienstleistungen-im-hotel\\\/lounge-bar\\\/\",\"url\":\"https:\\\/\\\/www.lareserve-gerardmer.fr\\\/de\\\/services-und-dienstleistungen-im-hotel\\\/lounge-bar\\\/\",\"name\":\"Lounge bar | Hotel La R\u00e9serve G\u00e9rardmer\",\"isPartOf\":{\"@id\":\"https:\\\/\\\/www.lareserve-gerardmer.fr\\\/de\\\/#website\"},\"datePublished\":\"2023-10-03T11:43:26+00:00\",\"dateModified\":\"2023-12-26T13:42:17+00:00\",\"description\":\"G\u00f6nnen Sie sich einen Moment in der Lounge Bar des Hotels La R\u00e9serve.Entdecken Sie einen schicken Designort am See von G\u00e9rardmer, um zu entspannnen.\",\"breadcrumb\":{\"@id\":\"https:\\\/\\\/www.lareserve-gerardmer.fr\\\/de\\\/services-und-dienstleistungen-im-hotel\\\/lounge-bar\\\/#breadcrumb\"},\"inLanguage\":\"de-DE\",\"potentialAction\":[{\"@type\":\"ReadAction\",\"target\":[\"https:\\\/\\\/www.lareserve-gerardmer.fr\\\/de\\\/services-und-dienstleistungen-im-hotel\\\/lounge-bar\\\/\"]}]},{\"@type\":\"BreadcrumbList\",\"@id\":\"https:\\\/\\\/www.lareserve-gerardmer.fr\\\/de\\\/services-und-dienstleistungen-im-hotel\\\/lounge-bar\\\/#breadcrumb\",\"itemListElement\":[{\"@type\":\"ListItem\",\"position\":1,\"name\":\"Accueil\",\"item\":\"https:\\\/\\\/www.lareserve-gerardmer.fr\\\/de\\\/\"},{\"@type\":\"ListItem\",\"position\":2,\"name\":\"Services und Dienstleistungen im Hotel\",\"item\":\"https:\\\/\\\/www.lareserve-gerardmer.fr\\\/de\\\/services-und-dienstleistungen-im-hotel\\\/\"},{\"@type\":\"ListItem\",\"position\":3,\"name\":\"Lounge bar\"}]},{\"@type\":\"WebSite\",\"@id\":\"https:\\\/\\\/www.lareserve-gerardmer.fr\\\/de\\\/#website\",\"url\":\"https:\\\/\\\/www.lareserve-gerardmer.fr\\\/de\\\/\",\"name\":\"La R\u00e9serve Gerardmer\",\"description\":\"\",\"potentialAction\":[{\"@type\":\"SearchAction\",\"target\":{\"@type\":\"EntryPoint\",\"urlTemplate\":\"https:\\\/\\\/www.lareserve-gerardmer.fr\\\/de\\\/?s={search_term_string}\"},\"query-input\":{\"@type\":\"PropertyValueSpecification\",\"valueRequired\":true,\"valueName\":\"search_term_string\"}}],\"inLanguage\":\"de-DE\"}]}<\/script>\n<!-- \/ Yoast SEO plugin. -->","yoast_head_json":{"title":"Lounge bar | Hotel La R\u00e9serve G\u00e9rardmer","description":"G\u00f6nnen Sie sich einen Moment in der Lounge Bar des Hotels La R\u00e9serve.Entdecken Sie einen schicken Designort am See von G\u00e9rardmer, um zu entspannnen.","robots":{"index":"index","follow":"follow","max-snippet":"max-snippet:-1","max-image-preview":"max-image-preview:large","max-video-preview":"max-video-preview:-1"},"canonical":"https:\/\/www.lareserve-gerardmer.fr\/de\/services-und-dienstleistungen-im-hotel\/lounge-bar\/","og_locale":"de_DE","og_type":"article","og_title":"Lounge bar | Hotel La R\u00e9serve G\u00e9rardmer","og_description":"G\u00f6nnen Sie sich einen Moment in der Lounge Bar des Hotels La R\u00e9serve.Entdecken Sie einen schicken Designort am See von G\u00e9rardmer, um zu entspannnen.","og_url":"https:\/\/www.lareserve-gerardmer.fr\/de\/services-und-dienstleistungen-im-hotel\/lounge-bar\/","og_site_name":"La R\u00e9serve Gerardmer","article_modified_time":"2023-12-26T13:42:17+00:00","twitter_card":"summary_large_image","schema":{"@context":"https:\/\/schema.org","@graph":[{"@type":"WebPage","@id":"https:\/\/www.lareserve-gerardmer.fr\/de\/services-und-dienstleistungen-im-hotel\/lounge-bar\/","url":"https:\/\/www.lareserve-gerardmer.fr\/de\/services-und-dienstleistungen-im-hotel\/lounge-bar\/","name":"Lounge bar | Hotel La R\u00e9serve G\u00e9rardmer","isPartOf":{"@id":"https:\/\/www.lareserve-gerardmer.fr\/de\/#website"},"datePublished":"2023-10-03T11:43:26+00:00","dateModified":"2023-12-26T13:42:17+00:00","description":"G\u00f6nnen Sie sich einen Moment in der Lounge Bar des Hotels La R\u00e9serve.Entdecken Sie einen schicken Designort am See von G\u00e9rardmer, um zu entspannnen.","breadcrumb":{"@id":"https:\/\/www.lareserve-gerardmer.fr\/de\/services-und-dienstleistungen-im-hotel\/lounge-bar\/#breadcrumb"},"inLanguage":"de-DE","potentialAction":[{"@type":"ReadAction","target":["https:\/\/www.lareserve-gerardmer.fr\/de\/services-und-dienstleistungen-im-hotel\/lounge-bar\/"]}]},{"@type":"BreadcrumbList","@id":"https:\/\/www.lareserve-gerardmer.fr\/de\/services-und-dienstleistungen-im-hotel\/lounge-bar\/#breadcrumb","itemListElement":[{"@type":"ListItem","position":1,"name":"Accueil","item":"https:\/\/www.lareserve-gerardmer.fr\/de\/"},{"@type":"ListItem","position":2,"name":"Services und Dienstleistungen im Hotel","item":"https:\/\/www.lareserve-gerardmer.fr\/de\/services-und-dienstleistungen-im-hotel\/"},{"@type":"ListItem","position":3,"name":"Lounge bar"}]},{"@type":"WebSite","@id":"https:\/\/www.lareserve-gerardmer.fr\/de\/#website","url":"https:\/\/www.lareserve-gerardmer.fr\/de\/","name":"La R\u00e9serve Gerardmer","description":"","potentialAction":[{"@type":"SearchAction","target":{"@type":"EntryPoint","urlTemplate":"https:\/\/www.lareserve-gerardmer.fr\/de\/?s={search_term_string}"},"query-input":{"@type":"PropertyValueSpecification","valueRequired":true,"valueName":"search_term_string"}}],"inLanguage":"de-DE"}]}},"acf":[],"_links":{"self":[{"href":"https:\/\/www.lareserve-gerardmer.fr\/de\/wp-json\/wp\/v2\/pages\/279","targetHints":{"allow":["GET"]}}],"collection":[{"href":"https:\/\/www.lareserve-gerardmer.fr\/de\/wp-json\/wp\/v2\/pages"}],"about":[{"href":"https:\/\/www.lareserve-gerardmer.fr\/de\/wp-json\/wp\/v2\/types\/page"}],"author":[{"embeddable":true,"href":"https:\/\/www.lareserve-gerardmer.fr\/de\/wp-json\/wp\/v2\/users\/16"}],"replies":[{"embeddable":true,"href":"https:\/\/www.lareserve-gerardmer.fr\/de\/wp-json\/wp\/v2\/comments?post=279"}],"version-history":[{"count":0,"href":"https:\/\/www.lareserve-gerardmer.fr\/de\/wp-json\/wp\/v2\/pages\/279\/revisions"}],"up":[{"embeddable":true,"href":"https:\/\/www.lareserve-gerardmer.fr\/de\/wp-json\/wp\/v2\/pages\/277"}],"wp:attachment":[{"href":"https:\/\/www.lareserve-gerardmer.fr\/de\/wp-json\/wp\/v2\/media?parent=279"}],"curies":[{"name":"wp","href":"https:\/\/api.w.org\/{rel}","templated":true}]}}