{"id":278,"date":"2023-10-03T13:42:56","date_gmt":"2023-10-03T11:42:56","guid":{"rendered":"https:\/\/www.lareserve-gerardmer.fr\/services-et-prestations-de-lhotel\/espace-bien-etre-piscine-et-spa\/"},"modified":"2023-12-12T11:33:31","modified_gmt":"2023-12-12T10:33:31","slug":"wellnessbereich-swimmingpool-und-spa","status":"publish","type":"page","link":"https:\/\/www.lareserve-gerardmer.fr\/de\/services-und-dienstleistungen-im-hotel\/wellnessbereich-swimmingpool-und-spa\/","title":{"rendered":"Wellnessbereich \u2013 Swimmingpool  und Spa"},"content":{"rendered":"<p style=\"text-align: center;\"><span style=\"font-weight: 400;\">Das Hotel <\/span><span style=\"font-weight: 400;\">La R\u00e9serve<\/span><span style=\"font-weight: 400;\"> setzt alles in Bewegung, um Ihnen demn\u00e4chst einen Wellnessbereich anzubieten. Swimmingpool, Spa mit Hammam und Jacuzzi f\u00fcr einen reinen Moment der Gelassenheit, zu dem unsere G\u00e4ste freien Zugang haben.<\/span><\/p>\n<p style=\"text-align: center;\"><span style=\"font-weight: 400;\">Bis bald!<\/span><\/p>\n","protected":false},"excerpt":{"rendered":"<p>Das Hotel La R\u00e9serve setzt alles in Bewegung, um Ihnen demn\u00e4chst einen Wellnessbereich anzubieten. Swimmingpool, Spa mit Hammam und Jacuzzi f\u00fcr einen reinen Moment der Gelassenheit, zu dem unsere G\u00e4ste freien Zugang haben. Bis bald!<\/p>\n","protected":false},"author":16,"featured_media":0,"parent":277,"menu_order":310,"comment_status":"closed","ping_status":"closed","template":"template-single-service.php","meta":{"footnotes":""},"class_list":["post-278","page","type-page","status-publish","hentry"],"yoast_head":"<!-- This site is optimized with the Yoast SEO plugin v27.3 - https:\/\/yoast.com\/product\/yoast-seo-wordpress\/ -->\n<title>Swimmingpool und Spa \u2013 Wellnessbereich | Hotel La R\u00e9serve G\u00e9rardmer<\/title>\n<meta name=\"description\" content=\"Entdecken Sie demn\u00e4chst den Wellnessbereich des Hotels La R\u00e9serve. Swimmingpool, Spa mit Hammam und Jacuzzi f\u00fcr einen reinen Moment der Gelassenheit, zu dem unsere G\u00e4ste freien Zugang haben.\" \/>\n<meta name=\"robots\" content=\"index, follow, max-snippet:-1, max-image-preview:large, max-video-preview:-1\" \/>\n<link rel=\"canonical\" href=\"https:\/\/www.lareserve-gerardmer.fr\/de\/services-und-dienstleistungen-im-hotel\/wellnessbereich-swimmingpool-und-spa\/\" \/>\n<meta property=\"og:locale\" content=\"de_DE\" \/>\n<meta property=\"og:type\" content=\"article\" \/>\n<meta property=\"og:title\" content=\"Swimmingpool und Spa \u2013 Wellnessbereich | Hotel La R\u00e9serve G\u00e9rardmer\" \/>\n<meta property=\"og:description\" content=\"Entdecken Sie demn\u00e4chst den Wellnessbereich des Hotels La R\u00e9serve. Swimmingpool, Spa mit Hammam und Jacuzzi f\u00fcr einen reinen Moment der Gelassenheit, zu dem unsere G\u00e4ste freien Zugang haben.\" \/>\n<meta property=\"og:url\" content=\"https:\/\/www.lareserve-gerardmer.fr\/de\/services-und-dienstleistungen-im-hotel\/wellnessbereich-swimmingpool-und-spa\/\" \/>\n<meta property=\"og:site_name\" content=\"La R\u00e9serve Gerardmer\" \/>\n<meta property=\"article:modified_time\" content=\"2023-12-12T10:33:31+00:00\" \/>\n<meta name=\"twitter:card\" content=\"summary_large_image\" \/>\n<script type=\"application\/ld+json\" class=\"yoast-schema-graph\">{\"@context\":\"https:\\\/\\\/schema.org\",\"@graph\":[{\"@type\":\"WebPage\",\"@id\":\"https:\\\/\\\/www.lareserve-gerardmer.fr\\\/de\\\/services-und-dienstleistungen-im-hotel\\\/wellnessbereich-swimmingpool-und-spa\\\/\",\"url\":\"https:\\\/\\\/www.lareserve-gerardmer.fr\\\/de\\\/services-und-dienstleistungen-im-hotel\\\/wellnessbereich-swimmingpool-und-spa\\\/\",\"name\":\"Swimmingpool und Spa \u2013 Wellnessbereich | Hotel La R\u00e9serve G\u00e9rardmer\",\"isPartOf\":{\"@id\":\"https:\\\/\\\/www.lareserve-gerardmer.fr\\\/de\\\/#website\"},\"datePublished\":\"2023-10-03T11:42:56+00:00\",\"dateModified\":\"2023-12-12T10:33:31+00:00\",\"description\":\"Entdecken Sie demn\u00e4chst den Wellnessbereich des Hotels La R\u00e9serve. Swimmingpool, Spa mit Hammam und Jacuzzi f\u00fcr einen reinen Moment der Gelassenheit, zu dem unsere G\u00e4ste freien Zugang haben.\",\"breadcrumb\":{\"@id\":\"https:\\\/\\\/www.lareserve-gerardmer.fr\\\/de\\\/services-und-dienstleistungen-im-hotel\\\/wellnessbereich-swimmingpool-und-spa\\\/#breadcrumb\"},\"inLanguage\":\"de-DE\",\"potentialAction\":[{\"@type\":\"ReadAction\",\"target\":[\"https:\\\/\\\/www.lareserve-gerardmer.fr\\\/de\\\/services-und-dienstleistungen-im-hotel\\\/wellnessbereich-swimmingpool-und-spa\\\/\"]}]},{\"@type\":\"BreadcrumbList\",\"@id\":\"https:\\\/\\\/www.lareserve-gerardmer.fr\\\/de\\\/services-und-dienstleistungen-im-hotel\\\/wellnessbereich-swimmingpool-und-spa\\\/#breadcrumb\",\"itemListElement\":[{\"@type\":\"ListItem\",\"position\":1,\"name\":\"Accueil\",\"item\":\"https:\\\/\\\/www.lareserve-gerardmer.fr\\\/de\\\/\"},{\"@type\":\"ListItem\",\"position\":2,\"name\":\"Services und Dienstleistungen im Hotel\",\"item\":\"https:\\\/\\\/www.lareserve-gerardmer.fr\\\/de\\\/services-und-dienstleistungen-im-hotel\\\/\"},{\"@type\":\"ListItem\",\"position\":3,\"name\":\"Wellnessbereich \u2013 Swimmingpool und Spa\"}]},{\"@type\":\"WebSite\",\"@id\":\"https:\\\/\\\/www.lareserve-gerardmer.fr\\\/de\\\/#website\",\"url\":\"https:\\\/\\\/www.lareserve-gerardmer.fr\\\/de\\\/\",\"name\":\"La R\u00e9serve Gerardmer\",\"description\":\"\",\"potentialAction\":[{\"@type\":\"SearchAction\",\"target\":{\"@type\":\"EntryPoint\",\"urlTemplate\":\"https:\\\/\\\/www.lareserve-gerardmer.fr\\\/de\\\/?s={search_term_string}\"},\"query-input\":{\"@type\":\"PropertyValueSpecification\",\"valueRequired\":true,\"valueName\":\"search_term_string\"}}],\"inLanguage\":\"de-DE\"}]}<\/script>\n<!-- \/ Yoast SEO plugin. -->","yoast_head_json":{"title":"Swimmingpool und Spa \u2013 Wellnessbereich | Hotel La R\u00e9serve G\u00e9rardmer","description":"Entdecken Sie demn\u00e4chst den Wellnessbereich des Hotels La R\u00e9serve. Swimmingpool, Spa mit Hammam und Jacuzzi f\u00fcr einen reinen Moment der Gelassenheit, zu dem unsere G\u00e4ste freien Zugang haben.","robots":{"index":"index","follow":"follow","max-snippet":"max-snippet:-1","max-image-preview":"max-image-preview:large","max-video-preview":"max-video-preview:-1"},"canonical":"https:\/\/www.lareserve-gerardmer.fr\/de\/services-und-dienstleistungen-im-hotel\/wellnessbereich-swimmingpool-und-spa\/","og_locale":"de_DE","og_type":"article","og_title":"Swimmingpool und Spa \u2013 Wellnessbereich | Hotel La R\u00e9serve G\u00e9rardmer","og_description":"Entdecken Sie demn\u00e4chst den Wellnessbereich des Hotels La R\u00e9serve. Swimmingpool, Spa mit Hammam und Jacuzzi f\u00fcr einen reinen Moment der Gelassenheit, zu dem unsere G\u00e4ste freien Zugang haben.","og_url":"https:\/\/www.lareserve-gerardmer.fr\/de\/services-und-dienstleistungen-im-hotel\/wellnessbereich-swimmingpool-und-spa\/","og_site_name":"La R\u00e9serve Gerardmer","article_modified_time":"2023-12-12T10:33:31+00:00","twitter_card":"summary_large_image","schema":{"@context":"https:\/\/schema.org","@graph":[{"@type":"WebPage","@id":"https:\/\/www.lareserve-gerardmer.fr\/de\/services-und-dienstleistungen-im-hotel\/wellnessbereich-swimmingpool-und-spa\/","url":"https:\/\/www.lareserve-gerardmer.fr\/de\/services-und-dienstleistungen-im-hotel\/wellnessbereich-swimmingpool-und-spa\/","name":"Swimmingpool und Spa \u2013 Wellnessbereich | Hotel La R\u00e9serve G\u00e9rardmer","isPartOf":{"@id":"https:\/\/www.lareserve-gerardmer.fr\/de\/#website"},"datePublished":"2023-10-03T11:42:56+00:00","dateModified":"2023-12-12T10:33:31+00:00","description":"Entdecken Sie demn\u00e4chst den Wellnessbereich des Hotels La R\u00e9serve. Swimmingpool, Spa mit Hammam und Jacuzzi f\u00fcr einen reinen Moment der Gelassenheit, zu dem unsere G\u00e4ste freien Zugang haben.","breadcrumb":{"@id":"https:\/\/www.lareserve-gerardmer.fr\/de\/services-und-dienstleistungen-im-hotel\/wellnessbereich-swimmingpool-und-spa\/#breadcrumb"},"inLanguage":"de-DE","potentialAction":[{"@type":"ReadAction","target":["https:\/\/www.lareserve-gerardmer.fr\/de\/services-und-dienstleistungen-im-hotel\/wellnessbereich-swimmingpool-und-spa\/"]}]},{"@type":"BreadcrumbList","@id":"https:\/\/www.lareserve-gerardmer.fr\/de\/services-und-dienstleistungen-im-hotel\/wellnessbereich-swimmingpool-und-spa\/#breadcrumb","itemListElement":[{"@type":"ListItem","position":1,"name":"Accueil","item":"https:\/\/www.lareserve-gerardmer.fr\/de\/"},{"@type":"ListItem","position":2,"name":"Services und Dienstleistungen im Hotel","item":"https:\/\/www.lareserve-gerardmer.fr\/de\/services-und-dienstleistungen-im-hotel\/"},{"@type":"ListItem","position":3,"name":"Wellnessbereich \u2013 Swimmingpool und Spa"}]},{"@type":"WebSite","@id":"https:\/\/www.lareserve-gerardmer.fr\/de\/#website","url":"https:\/\/www.lareserve-gerardmer.fr\/de\/","name":"La R\u00e9serve Gerardmer","description":"","potentialAction":[{"@type":"SearchAction","target":{"@type":"EntryPoint","urlTemplate":"https:\/\/www.lareserve-gerardmer.fr\/de\/?s={search_term_string}"},"query-input":{"@type":"PropertyValueSpecification","valueRequired":true,"valueName":"search_term_string"}}],"inLanguage":"de-DE"}]}},"acf":[],"_links":{"self":[{"href":"https:\/\/www.lareserve-gerardmer.fr\/de\/wp-json\/wp\/v2\/pages\/278","targetHints":{"allow":["GET"]}}],"collection":[{"href":"https:\/\/www.lareserve-gerardmer.fr\/de\/wp-json\/wp\/v2\/pages"}],"about":[{"href":"https:\/\/www.lareserve-gerardmer.fr\/de\/wp-json\/wp\/v2\/types\/page"}],"author":[{"embeddable":true,"href":"https:\/\/www.lareserve-gerardmer.fr\/de\/wp-json\/wp\/v2\/users\/16"}],"replies":[{"embeddable":true,"href":"https:\/\/www.lareserve-gerardmer.fr\/de\/wp-json\/wp\/v2\/comments?post=278"}],"version-history":[{"count":0,"href":"https:\/\/www.lareserve-gerardmer.fr\/de\/wp-json\/wp\/v2\/pages\/278\/revisions"}],"up":[{"embeddable":true,"href":"https:\/\/www.lareserve-gerardmer.fr\/de\/wp-json\/wp\/v2\/pages\/277"}],"wp:attachment":[{"href":"https:\/\/www.lareserve-gerardmer.fr\/de\/wp-json\/wp\/v2\/media?parent=278"}],"curies":[{"name":"wp","href":"https:\/\/api.w.org\/{rel}","templated":true}]}}