{"id":276,"date":"2023-10-03T13:41:21","date_gmt":"2023-10-03T11:41:21","guid":{"rendered":"https:\/\/www.lareserve-gerardmer.fr\/nos-chambres-de-charme-au-design-contemporain\/chambres-quadruple-confort-avec-vue-sur-le-lac\/"},"modified":"2023-12-12T12:14:50","modified_gmt":"2023-12-12T11:14:50","slug":"vierbettzimmer-komfort","status":"publish","type":"page","link":"https:\/\/www.lareserve-gerardmer.fr\/de\/unsere-charmanten-zimmer-mit-zeitgenoessischem-design\/vierbettzimmer-komfort\/","title":{"rendered":"Vierbettzimmer Komfort"},"content":{"rendered":"<p style=\"text-align: center;\"><span style=\"font-weight: 400;\">Wir bieten Ihnen diese 32 m\u00b2 gro\u00dfen Vierbettzimmer Komfort, die sich im ersten und zweiten Stock des Hotels befinden und ideal sind, wenn Sie mit der Familie oder mit Freunden reisen. Sie sind geschmackvoll in einem zeitgen\u00f6ssischen Design-Stil eingerichtet und die ideale L\u00f6sung f\u00fcr einen entspannten und komfortablen Aufenthalt mit mehreren Personen.<\/span><\/p>\n<p style=\"text-align: center;\"><span style=\"font-weight: 400;\">Diese ger\u00e4umigen Zimmer sind mit einem 180 cm breiten Doppelbett und zwei 90 cm breiten Einzelbetten, einem Schreibtisch und einem eigenen Badezimmer mit Badewanne und\/oder Dusche ausgestattet. Der Flachbildfernseher und der WLAN-Anschluss mit kostenlosem Zugang vervollst\u00e4ndigen ihre funktionale Einrichtung.<\/span><\/p>\n<p style=\"text-align: center;\"><span style=\"font-weight: 400;\">Dank seiner modernen und an die Anzahl der Reisenden angepassten Einrichtung ist das Vierbettzimmer ideal f\u00fcr einen Aufenthalt mit allem Komfort in unserem Hotel.<\/span><\/p>\n<p style=\"text-align: center;\"><strong>Die kleinen Extras<\/strong> : <span style=\"font-weight: 400;\">Einige Zimmer verf\u00fcgen \u00fcber einen Blick auf den See von G\u00e9rardmer und einen privaten Balkon.<\/span><\/p>\n","protected":false},"excerpt":{"rendered":"<p>Wir bieten Ihnen diese 32 m\u00b2 gro\u00dfen Vierbettzimmer Komfort, die sich im ersten und zweiten Stock des Hotels befinden und ideal sind, wenn Sie mit der Familie oder mit Freunden reisen. Sie sind geschmackvoll in einem zeitgen\u00f6ssischen Design-Stil eingerichtet und die ideale L\u00f6sung f\u00fcr einen entspannten und komfortablen Aufenthalt mit mehreren Personen. Diese ger\u00e4umigen Zimmer [&hellip;]<\/p>\n","protected":false},"author":16,"featured_media":0,"parent":270,"menu_order":260,"comment_status":"closed","ping_status":"closed","template":"template-single-room.php","meta":{"footnotes":""},"class_list":["post-276","page","type-page","status-publish","hentry"],"yoast_head":"<!-- This site is optimized with the Yoast SEO plugin v27.3 - https:\/\/yoast.com\/product\/yoast-seo-wordpress\/ -->\n<title>Familien-Vierbettzimmer in G\u00e9rardmer in der N\u00e4he des Sees | Hotel La R\u00e9serve<\/title>\n<meta name=\"description\" content=\"Ob mit der Familie oder mit Freunden, das Hotel La R\u00e9serve bietet Ihnen Vierbettzimmer Komfort, einige davon mit Blick auf den See von G\u00e9rardmer. Reservierung online oder telefonisch.\" \/>\n<meta name=\"robots\" content=\"index, follow, max-snippet:-1, max-image-preview:large, max-video-preview:-1\" \/>\n<link rel=\"canonical\" href=\"https:\/\/www.lareserve-gerardmer.fr\/de\/unsere-charmanten-zimmer-mit-zeitgenoessischem-design\/vierbettzimmer-komfort\/\" \/>\n<meta property=\"og:locale\" content=\"de_DE\" \/>\n<meta property=\"og:type\" content=\"article\" \/>\n<meta property=\"og:title\" content=\"Familien-Vierbettzimmer in G\u00e9rardmer in der N\u00e4he des Sees | Hotel La R\u00e9serve\" \/>\n<meta property=\"og:description\" content=\"Ob mit der Familie oder mit Freunden, das Hotel La R\u00e9serve bietet Ihnen Vierbettzimmer Komfort, einige davon mit Blick auf den See von G\u00e9rardmer. Reservierung online oder telefonisch.\" \/>\n<meta property=\"og:url\" content=\"https:\/\/www.lareserve-gerardmer.fr\/de\/unsere-charmanten-zimmer-mit-zeitgenoessischem-design\/vierbettzimmer-komfort\/\" \/>\n<meta property=\"og:site_name\" content=\"La R\u00e9serve Gerardmer\" \/>\n<meta property=\"article:modified_time\" content=\"2023-12-12T11:14:50+00:00\" \/>\n<meta name=\"twitter:card\" content=\"summary_large_image\" \/>\n<meta name=\"twitter:label1\" content=\"Gesch\u00e4tzte Lesezeit\" \/>\n\t<meta name=\"twitter:data1\" content=\"1 Minute\" \/>\n<script type=\"application\/ld+json\" class=\"yoast-schema-graph\">{\"@context\":\"https:\\\/\\\/schema.org\",\"@graph\":[{\"@type\":\"WebPage\",\"@id\":\"https:\\\/\\\/www.lareserve-gerardmer.fr\\\/de\\\/unsere-charmanten-zimmer-mit-zeitgenoessischem-design\\\/vierbettzimmer-komfort\\\/\",\"url\":\"https:\\\/\\\/www.lareserve-gerardmer.fr\\\/de\\\/unsere-charmanten-zimmer-mit-zeitgenoessischem-design\\\/vierbettzimmer-komfort\\\/\",\"name\":\"Familien-Vierbettzimmer in G\u00e9rardmer in der N\u00e4he des Sees | Hotel La R\u00e9serve\",\"isPartOf\":{\"@id\":\"https:\\\/\\\/www.lareserve-gerardmer.fr\\\/de\\\/#website\"},\"datePublished\":\"2023-10-03T11:41:21+00:00\",\"dateModified\":\"2023-12-12T11:14:50+00:00\",\"description\":\"Ob mit der Familie oder mit Freunden, das Hotel La R\u00e9serve bietet Ihnen Vierbettzimmer Komfort, einige davon mit Blick auf den See von G\u00e9rardmer. Reservierung online oder telefonisch.\",\"breadcrumb\":{\"@id\":\"https:\\\/\\\/www.lareserve-gerardmer.fr\\\/de\\\/unsere-charmanten-zimmer-mit-zeitgenoessischem-design\\\/vierbettzimmer-komfort\\\/#breadcrumb\"},\"inLanguage\":\"de-DE\",\"potentialAction\":[{\"@type\":\"ReadAction\",\"target\":[\"https:\\\/\\\/www.lareserve-gerardmer.fr\\\/de\\\/unsere-charmanten-zimmer-mit-zeitgenoessischem-design\\\/vierbettzimmer-komfort\\\/\"]}]},{\"@type\":\"BreadcrumbList\",\"@id\":\"https:\\\/\\\/www.lareserve-gerardmer.fr\\\/de\\\/unsere-charmanten-zimmer-mit-zeitgenoessischem-design\\\/vierbettzimmer-komfort\\\/#breadcrumb\",\"itemListElement\":[{\"@type\":\"ListItem\",\"position\":1,\"name\":\"Accueil\",\"item\":\"https:\\\/\\\/www.lareserve-gerardmer.fr\\\/de\\\/\"},{\"@type\":\"ListItem\",\"position\":2,\"name\":\"Unsere charmanten Zimmer mit zeitgen\u00f6ssischem Design\",\"item\":\"https:\\\/\\\/www.lareserve-gerardmer.fr\\\/de\\\/unsere-charmanten-zimmer-mit-zeitgenoessischem-design\\\/\"},{\"@type\":\"ListItem\",\"position\":3,\"name\":\"Vierbettzimmer Komfort\"}]},{\"@type\":\"WebSite\",\"@id\":\"https:\\\/\\\/www.lareserve-gerardmer.fr\\\/de\\\/#website\",\"url\":\"https:\\\/\\\/www.lareserve-gerardmer.fr\\\/de\\\/\",\"name\":\"La R\u00e9serve Gerardmer\",\"description\":\"\",\"potentialAction\":[{\"@type\":\"SearchAction\",\"target\":{\"@type\":\"EntryPoint\",\"urlTemplate\":\"https:\\\/\\\/www.lareserve-gerardmer.fr\\\/de\\\/?s={search_term_string}\"},\"query-input\":{\"@type\":\"PropertyValueSpecification\",\"valueRequired\":true,\"valueName\":\"search_term_string\"}}],\"inLanguage\":\"de-DE\"}]}<\/script>\n<!-- \/ Yoast SEO plugin. -->","yoast_head_json":{"title":"Familien-Vierbettzimmer in G\u00e9rardmer in der N\u00e4he des Sees | Hotel La R\u00e9serve","description":"Ob mit der Familie oder mit Freunden, das Hotel La R\u00e9serve bietet Ihnen Vierbettzimmer Komfort, einige davon mit Blick auf den See von G\u00e9rardmer. Reservierung online oder telefonisch.","robots":{"index":"index","follow":"follow","max-snippet":"max-snippet:-1","max-image-preview":"max-image-preview:large","max-video-preview":"max-video-preview:-1"},"canonical":"https:\/\/www.lareserve-gerardmer.fr\/de\/unsere-charmanten-zimmer-mit-zeitgenoessischem-design\/vierbettzimmer-komfort\/","og_locale":"de_DE","og_type":"article","og_title":"Familien-Vierbettzimmer in G\u00e9rardmer in der N\u00e4he des Sees | Hotel La R\u00e9serve","og_description":"Ob mit der Familie oder mit Freunden, das Hotel La R\u00e9serve bietet Ihnen Vierbettzimmer Komfort, einige davon mit Blick auf den See von G\u00e9rardmer. Reservierung online oder telefonisch.","og_url":"https:\/\/www.lareserve-gerardmer.fr\/de\/unsere-charmanten-zimmer-mit-zeitgenoessischem-design\/vierbettzimmer-komfort\/","og_site_name":"La R\u00e9serve Gerardmer","article_modified_time":"2023-12-12T11:14:50+00:00","twitter_card":"summary_large_image","twitter_misc":{"Gesch\u00e4tzte Lesezeit":"1 Minute"},"schema":{"@context":"https:\/\/schema.org","@graph":[{"@type":"WebPage","@id":"https:\/\/www.lareserve-gerardmer.fr\/de\/unsere-charmanten-zimmer-mit-zeitgenoessischem-design\/vierbettzimmer-komfort\/","url":"https:\/\/www.lareserve-gerardmer.fr\/de\/unsere-charmanten-zimmer-mit-zeitgenoessischem-design\/vierbettzimmer-komfort\/","name":"Familien-Vierbettzimmer in G\u00e9rardmer in der N\u00e4he des Sees | Hotel La R\u00e9serve","isPartOf":{"@id":"https:\/\/www.lareserve-gerardmer.fr\/de\/#website"},"datePublished":"2023-10-03T11:41:21+00:00","dateModified":"2023-12-12T11:14:50+00:00","description":"Ob mit der Familie oder mit Freunden, das Hotel La R\u00e9serve bietet Ihnen Vierbettzimmer Komfort, einige davon mit Blick auf den See von G\u00e9rardmer. Reservierung online oder telefonisch.","breadcrumb":{"@id":"https:\/\/www.lareserve-gerardmer.fr\/de\/unsere-charmanten-zimmer-mit-zeitgenoessischem-design\/vierbettzimmer-komfort\/#breadcrumb"},"inLanguage":"de-DE","potentialAction":[{"@type":"ReadAction","target":["https:\/\/www.lareserve-gerardmer.fr\/de\/unsere-charmanten-zimmer-mit-zeitgenoessischem-design\/vierbettzimmer-komfort\/"]}]},{"@type":"BreadcrumbList","@id":"https:\/\/www.lareserve-gerardmer.fr\/de\/unsere-charmanten-zimmer-mit-zeitgenoessischem-design\/vierbettzimmer-komfort\/#breadcrumb","itemListElement":[{"@type":"ListItem","position":1,"name":"Accueil","item":"https:\/\/www.lareserve-gerardmer.fr\/de\/"},{"@type":"ListItem","position":2,"name":"Unsere charmanten Zimmer mit zeitgen\u00f6ssischem Design","item":"https:\/\/www.lareserve-gerardmer.fr\/de\/unsere-charmanten-zimmer-mit-zeitgenoessischem-design\/"},{"@type":"ListItem","position":3,"name":"Vierbettzimmer Komfort"}]},{"@type":"WebSite","@id":"https:\/\/www.lareserve-gerardmer.fr\/de\/#website","url":"https:\/\/www.lareserve-gerardmer.fr\/de\/","name":"La R\u00e9serve Gerardmer","description":"","potentialAction":[{"@type":"SearchAction","target":{"@type":"EntryPoint","urlTemplate":"https:\/\/www.lareserve-gerardmer.fr\/de\/?s={search_term_string}"},"query-input":{"@type":"PropertyValueSpecification","valueRequired":true,"valueName":"search_term_string"}}],"inLanguage":"de-DE"}]}},"acf":[],"_links":{"self":[{"href":"https:\/\/www.lareserve-gerardmer.fr\/de\/wp-json\/wp\/v2\/pages\/276","targetHints":{"allow":["GET"]}}],"collection":[{"href":"https:\/\/www.lareserve-gerardmer.fr\/de\/wp-json\/wp\/v2\/pages"}],"about":[{"href":"https:\/\/www.lareserve-gerardmer.fr\/de\/wp-json\/wp\/v2\/types\/page"}],"author":[{"embeddable":true,"href":"https:\/\/www.lareserve-gerardmer.fr\/de\/wp-json\/wp\/v2\/users\/16"}],"replies":[{"embeddable":true,"href":"https:\/\/www.lareserve-gerardmer.fr\/de\/wp-json\/wp\/v2\/comments?post=276"}],"version-history":[{"count":0,"href":"https:\/\/www.lareserve-gerardmer.fr\/de\/wp-json\/wp\/v2\/pages\/276\/revisions"}],"up":[{"embeddable":true,"href":"https:\/\/www.lareserve-gerardmer.fr\/de\/wp-json\/wp\/v2\/pages\/270"}],"wp:attachment":[{"href":"https:\/\/www.lareserve-gerardmer.fr\/de\/wp-json\/wp\/v2\/media?parent=276"}],"curies":[{"name":"wp","href":"https:\/\/api.w.org\/{rel}","templated":true}]}}