{"id":275,"date":"2023-10-03T13:40:47","date_gmt":"2023-10-03T11:40:47","guid":{"rendered":"https:\/\/www.lareserve-gerardmer.fr\/nos-chambres-de-charme-au-design-contemporain\/chambres-triple-confort\/"},"modified":"2023-12-12T12:14:02","modified_gmt":"2023-12-12T11:14:02","slug":"dreibettzimmer-komfort","status":"publish","type":"page","link":"https:\/\/www.lareserve-gerardmer.fr\/de\/unsere-charmanten-zimmer-mit-zeitgenoessischem-design\/dreibettzimmer-komfort\/","title":{"rendered":"Dreibettzimmer  Komfort"},"content":{"rendered":"<p style=\"text-align: center;\"><span style=\"font-weight: 400;\">F\u00fcr einen Aufenthalt mit der Familie oder mit Freunden bieten wir Ihnen diese 26 m\u00b2 gro\u00dfen Dreibettzimmer Komfort im ersten und zweiten Stock des Hotels an. Sie sind in einem funktionalen und modernen Stil eingerichtet und passen sich perfekt Ihren W\u00fcnschen und Bed\u00fcrfnissen an.<\/span><\/p>\n<p style=\"text-align: center;\"><span style=\"font-weight: 400;\">Die Zimmer sind ger\u00e4umig und verf\u00fcgen \u00fcber ein Doppelbett (160 cm) und ein Einzelbett (90 cm) von exzellenter Qualit\u00e4t, einen Schreibtisch, angepasste Ablagem\u00f6bel und ein eigenes Badezimmer mit Badewanne und\/oder Dusche. Bei Ihrer Ankunft finden Sie ein Willkommenstablett mit einem Wasserkocher f\u00fcr Tee und\/oder Kaffee, einen Flachbildfernseher und kostenlosen WLAN-Zugang vor.<\/span><\/p>\n<p style=\"text-align: center;\"><span style=\"font-weight: 400;\">Dank seiner modernen Einrichtung und einer hochwertigen Ausstattung bietet das Dreibettzimmer einen Aufenthalt mit allem Komfort in einer warmen und modernen Atmosph\u00e4re.<\/span><\/p>\n<p style=\"text-align: center;\"><strong><b>Die kleinen Extras<\/b> : <\/strong><span style=\"font-weight: 400;\">Ein ger\u00e4umiges Zimmer mit 26 m\u00b2 f\u00fcr mehr Komfort.<\/span><\/p>\n","protected":false},"excerpt":{"rendered":"<p>F\u00fcr einen Aufenthalt mit der Familie oder mit Freunden bieten wir Ihnen diese 26 m\u00b2 gro\u00dfen Dreibettzimmer Komfort im ersten und zweiten Stock des Hotels an. Sie sind in einem funktionalen und modernen Stil eingerichtet und passen sich perfekt Ihren W\u00fcnschen und Bed\u00fcrfnissen an. Die Zimmer sind ger\u00e4umig und verf\u00fcgen \u00fcber ein Doppelbett (160 cm) [&hellip;]<\/p>\n","protected":false},"author":16,"featured_media":0,"parent":270,"menu_order":250,"comment_status":"closed","ping_status":"closed","template":"template-single-room.php","meta":{"footnotes":""},"class_list":["post-275","page","type-page","status-publish","hentry"],"yoast_head":"<!-- This site is optimized with the Yoast SEO plugin v27.3 - https:\/\/yoast.com\/product\/yoast-seo-wordpress\/ -->\n<title>Familien-Dreibettzimmer in G\u00e9rardmer in der N\u00e4he des Sees | Hotel La R\u00e9serve<\/title>\n<meta name=\"description\" content=\"Entdecken Sie mit der Familie oder mit Freunden die Dreibettzimmer des Hotels La R\u00e9serve, von denen einige einen Blick auf den See von G\u00e9rardmer. Reservierung online oder telefonisch.\" \/>\n<meta name=\"robots\" content=\"index, follow, max-snippet:-1, max-image-preview:large, max-video-preview:-1\" \/>\n<link rel=\"canonical\" href=\"https:\/\/www.lareserve-gerardmer.fr\/de\/unsere-charmanten-zimmer-mit-zeitgenoessischem-design\/dreibettzimmer-komfort\/\" \/>\n<meta property=\"og:locale\" content=\"de_DE\" \/>\n<meta property=\"og:type\" content=\"article\" \/>\n<meta property=\"og:title\" content=\"Familien-Dreibettzimmer in G\u00e9rardmer in der N\u00e4he des Sees | Hotel La R\u00e9serve\" \/>\n<meta property=\"og:description\" content=\"Entdecken Sie mit der Familie oder mit Freunden die Dreibettzimmer des Hotels La R\u00e9serve, von denen einige einen Blick auf den See von G\u00e9rardmer. Reservierung online oder telefonisch.\" \/>\n<meta property=\"og:url\" content=\"https:\/\/www.lareserve-gerardmer.fr\/de\/unsere-charmanten-zimmer-mit-zeitgenoessischem-design\/dreibettzimmer-komfort\/\" \/>\n<meta property=\"og:site_name\" content=\"La R\u00e9serve Gerardmer\" \/>\n<meta property=\"article:modified_time\" content=\"2023-12-12T11:14:02+00:00\" \/>\n<meta name=\"twitter:card\" content=\"summary_large_image\" \/>\n<meta name=\"twitter:label1\" content=\"Gesch\u00e4tzte Lesezeit\" \/>\n\t<meta name=\"twitter:data1\" content=\"1 Minute\" \/>\n<script type=\"application\/ld+json\" class=\"yoast-schema-graph\">{\"@context\":\"https:\\\/\\\/schema.org\",\"@graph\":[{\"@type\":\"WebPage\",\"@id\":\"https:\\\/\\\/www.lareserve-gerardmer.fr\\\/de\\\/unsere-charmanten-zimmer-mit-zeitgenoessischem-design\\\/dreibettzimmer-komfort\\\/\",\"url\":\"https:\\\/\\\/www.lareserve-gerardmer.fr\\\/de\\\/unsere-charmanten-zimmer-mit-zeitgenoessischem-design\\\/dreibettzimmer-komfort\\\/\",\"name\":\"Familien-Dreibettzimmer in G\u00e9rardmer in der N\u00e4he des Sees | Hotel La R\u00e9serve\",\"isPartOf\":{\"@id\":\"https:\\\/\\\/www.lareserve-gerardmer.fr\\\/de\\\/#website\"},\"datePublished\":\"2023-10-03T11:40:47+00:00\",\"dateModified\":\"2023-12-12T11:14:02+00:00\",\"description\":\"Entdecken Sie mit der Familie oder mit Freunden die Dreibettzimmer des Hotels La R\u00e9serve, von denen einige einen Blick auf den See von G\u00e9rardmer. Reservierung online oder telefonisch.\",\"breadcrumb\":{\"@id\":\"https:\\\/\\\/www.lareserve-gerardmer.fr\\\/de\\\/unsere-charmanten-zimmer-mit-zeitgenoessischem-design\\\/dreibettzimmer-komfort\\\/#breadcrumb\"},\"inLanguage\":\"de-DE\",\"potentialAction\":[{\"@type\":\"ReadAction\",\"target\":[\"https:\\\/\\\/www.lareserve-gerardmer.fr\\\/de\\\/unsere-charmanten-zimmer-mit-zeitgenoessischem-design\\\/dreibettzimmer-komfort\\\/\"]}]},{\"@type\":\"BreadcrumbList\",\"@id\":\"https:\\\/\\\/www.lareserve-gerardmer.fr\\\/de\\\/unsere-charmanten-zimmer-mit-zeitgenoessischem-design\\\/dreibettzimmer-komfort\\\/#breadcrumb\",\"itemListElement\":[{\"@type\":\"ListItem\",\"position\":1,\"name\":\"Accueil\",\"item\":\"https:\\\/\\\/www.lareserve-gerardmer.fr\\\/de\\\/\"},{\"@type\":\"ListItem\",\"position\":2,\"name\":\"Unsere charmanten Zimmer mit zeitgen\u00f6ssischem Design\",\"item\":\"https:\\\/\\\/www.lareserve-gerardmer.fr\\\/de\\\/unsere-charmanten-zimmer-mit-zeitgenoessischem-design\\\/\"},{\"@type\":\"ListItem\",\"position\":3,\"name\":\"Dreibettzimmer Komfort\"}]},{\"@type\":\"WebSite\",\"@id\":\"https:\\\/\\\/www.lareserve-gerardmer.fr\\\/de\\\/#website\",\"url\":\"https:\\\/\\\/www.lareserve-gerardmer.fr\\\/de\\\/\",\"name\":\"La R\u00e9serve Gerardmer\",\"description\":\"\",\"potentialAction\":[{\"@type\":\"SearchAction\",\"target\":{\"@type\":\"EntryPoint\",\"urlTemplate\":\"https:\\\/\\\/www.lareserve-gerardmer.fr\\\/de\\\/?s={search_term_string}\"},\"query-input\":{\"@type\":\"PropertyValueSpecification\",\"valueRequired\":true,\"valueName\":\"search_term_string\"}}],\"inLanguage\":\"de-DE\"}]}<\/script>\n<!-- \/ Yoast SEO plugin. -->","yoast_head_json":{"title":"Familien-Dreibettzimmer in G\u00e9rardmer in der N\u00e4he des Sees | Hotel La R\u00e9serve","description":"Entdecken Sie mit der Familie oder mit Freunden die Dreibettzimmer des Hotels La R\u00e9serve, von denen einige einen Blick auf den See von G\u00e9rardmer. Reservierung online oder telefonisch.","robots":{"index":"index","follow":"follow","max-snippet":"max-snippet:-1","max-image-preview":"max-image-preview:large","max-video-preview":"max-video-preview:-1"},"canonical":"https:\/\/www.lareserve-gerardmer.fr\/de\/unsere-charmanten-zimmer-mit-zeitgenoessischem-design\/dreibettzimmer-komfort\/","og_locale":"de_DE","og_type":"article","og_title":"Familien-Dreibettzimmer in G\u00e9rardmer in der N\u00e4he des Sees | Hotel La R\u00e9serve","og_description":"Entdecken Sie mit der Familie oder mit Freunden die Dreibettzimmer des Hotels La R\u00e9serve, von denen einige einen Blick auf den See von G\u00e9rardmer. Reservierung online oder telefonisch.","og_url":"https:\/\/www.lareserve-gerardmer.fr\/de\/unsere-charmanten-zimmer-mit-zeitgenoessischem-design\/dreibettzimmer-komfort\/","og_site_name":"La R\u00e9serve Gerardmer","article_modified_time":"2023-12-12T11:14:02+00:00","twitter_card":"summary_large_image","twitter_misc":{"Gesch\u00e4tzte Lesezeit":"1 Minute"},"schema":{"@context":"https:\/\/schema.org","@graph":[{"@type":"WebPage","@id":"https:\/\/www.lareserve-gerardmer.fr\/de\/unsere-charmanten-zimmer-mit-zeitgenoessischem-design\/dreibettzimmer-komfort\/","url":"https:\/\/www.lareserve-gerardmer.fr\/de\/unsere-charmanten-zimmer-mit-zeitgenoessischem-design\/dreibettzimmer-komfort\/","name":"Familien-Dreibettzimmer in G\u00e9rardmer in der N\u00e4he des Sees | Hotel La R\u00e9serve","isPartOf":{"@id":"https:\/\/www.lareserve-gerardmer.fr\/de\/#website"},"datePublished":"2023-10-03T11:40:47+00:00","dateModified":"2023-12-12T11:14:02+00:00","description":"Entdecken Sie mit der Familie oder mit Freunden die Dreibettzimmer des Hotels La R\u00e9serve, von denen einige einen Blick auf den See von G\u00e9rardmer. Reservierung online oder telefonisch.","breadcrumb":{"@id":"https:\/\/www.lareserve-gerardmer.fr\/de\/unsere-charmanten-zimmer-mit-zeitgenoessischem-design\/dreibettzimmer-komfort\/#breadcrumb"},"inLanguage":"de-DE","potentialAction":[{"@type":"ReadAction","target":["https:\/\/www.lareserve-gerardmer.fr\/de\/unsere-charmanten-zimmer-mit-zeitgenoessischem-design\/dreibettzimmer-komfort\/"]}]},{"@type":"BreadcrumbList","@id":"https:\/\/www.lareserve-gerardmer.fr\/de\/unsere-charmanten-zimmer-mit-zeitgenoessischem-design\/dreibettzimmer-komfort\/#breadcrumb","itemListElement":[{"@type":"ListItem","position":1,"name":"Accueil","item":"https:\/\/www.lareserve-gerardmer.fr\/de\/"},{"@type":"ListItem","position":2,"name":"Unsere charmanten Zimmer mit zeitgen\u00f6ssischem Design","item":"https:\/\/www.lareserve-gerardmer.fr\/de\/unsere-charmanten-zimmer-mit-zeitgenoessischem-design\/"},{"@type":"ListItem","position":3,"name":"Dreibettzimmer Komfort"}]},{"@type":"WebSite","@id":"https:\/\/www.lareserve-gerardmer.fr\/de\/#website","url":"https:\/\/www.lareserve-gerardmer.fr\/de\/","name":"La R\u00e9serve Gerardmer","description":"","potentialAction":[{"@type":"SearchAction","target":{"@type":"EntryPoint","urlTemplate":"https:\/\/www.lareserve-gerardmer.fr\/de\/?s={search_term_string}"},"query-input":{"@type":"PropertyValueSpecification","valueRequired":true,"valueName":"search_term_string"}}],"inLanguage":"de-DE"}]}},"acf":[],"_links":{"self":[{"href":"https:\/\/www.lareserve-gerardmer.fr\/de\/wp-json\/wp\/v2\/pages\/275","targetHints":{"allow":["GET"]}}],"collection":[{"href":"https:\/\/www.lareserve-gerardmer.fr\/de\/wp-json\/wp\/v2\/pages"}],"about":[{"href":"https:\/\/www.lareserve-gerardmer.fr\/de\/wp-json\/wp\/v2\/types\/page"}],"author":[{"embeddable":true,"href":"https:\/\/www.lareserve-gerardmer.fr\/de\/wp-json\/wp\/v2\/users\/16"}],"replies":[{"embeddable":true,"href":"https:\/\/www.lareserve-gerardmer.fr\/de\/wp-json\/wp\/v2\/comments?post=275"}],"version-history":[{"count":0,"href":"https:\/\/www.lareserve-gerardmer.fr\/de\/wp-json\/wp\/v2\/pages\/275\/revisions"}],"up":[{"embeddable":true,"href":"https:\/\/www.lareserve-gerardmer.fr\/de\/wp-json\/wp\/v2\/pages\/270"}],"wp:attachment":[{"href":"https:\/\/www.lareserve-gerardmer.fr\/de\/wp-json\/wp\/v2\/media?parent=275"}],"curies":[{"name":"wp","href":"https:\/\/api.w.org\/{rel}","templated":true}]}}