{"id":273,"date":"2023-10-03T13:40:30","date_gmt":"2023-10-03T11:40:30","guid":{"rendered":"https:\/\/www.lareserve-gerardmer.fr\/nos-chambres-de-charme-au-design-contemporain\/chambres-double-confort-avec-vue-sur-le-lac\/"},"modified":"2023-12-12T12:50:41","modified_gmt":"2023-12-12T11:50:41","slug":"doppelzimmer-komfort-mit-blick-auf-den-see","status":"publish","type":"page","link":"https:\/\/www.lareserve-gerardmer.fr\/de\/unsere-charmanten-zimmer-mit-zeitgenoessischem-design\/doppelzimmer-komfort-mit-blick-auf-den-see\/","title":{"rendered":"Doppelzimmer Komfort mit Blick auf den See"},"content":{"rendered":"<p style=\"text-align: center;\"><span style=\"font-weight: 400;\">Unsere Doppelzimmer Komfort sind ideal f\u00fcr einen Aufenthalt zu zweit oder f\u00fcr eine Gesch\u00e4ftsreise und bieten Ihnen einen einzigartigen Moment der Entspannung und des Wohlbefindens.<\/span><\/p>\n<p style=\"text-align: center;\"><span style=\"font-weight: 400;\">Sie sind ger\u00e4umig und bieten einen 21 bis 33 m\u00b2 gro\u00dfen Wohnraum, der in einem modernen Design-Stil eingerichtet ist. Die Zimmer dieser Kategorie befinden sich im 1. und 2. Stock des Hotels, die mit einem Aufzug erreichbar sind, und haben alle einen atemberaubenden Blick auf den See von G\u00e9rardmer.<\/span><\/p>\n<p style=\"text-align: center;\"><span style=\"font-weight: 400;\">Jedes Zimmer ist mit einem hochwertigen 160 oder 180 cm breiten Bett, einem Schreibtisch und einem eigenen Badezimmer mit Badewanne und\/oder Dusche ausgestattet.\u00a0 Mit Flachbildfernseher und kostenlosem WLAN-Zugang bieten wir Ihnen hier einen Raum, der zur Entspannung und Ruhe einl\u00e4dt.<\/span><\/p>\n<p style=\"text-align: center;\"><strong><b>Die kleinen Extras<\/b> : <\/strong><span style=\"font-weight: 400;\">Der Blick auf den See von G\u00e9rardmer, eine Fl\u00e4che von 21 bis 33 m\u00b2.<\/span><\/p>\n","protected":false},"excerpt":{"rendered":"<p>Unsere Doppelzimmer Komfort sind ideal f\u00fcr einen Aufenthalt zu zweit oder f\u00fcr eine Gesch\u00e4ftsreise und bieten Ihnen einen einzigartigen Moment der Entspannung und des Wohlbefindens. Sie sind ger\u00e4umig und bieten einen 21 bis 33 m\u00b2 gro\u00dfen Wohnraum, der in einem modernen Design-Stil eingerichtet ist. Die Zimmer dieser Kategorie befinden sich im 1. und 2. Stock [&hellip;]<\/p>\n","protected":false},"author":16,"featured_media":0,"parent":270,"menu_order":230,"comment_status":"closed","ping_status":"closed","template":"template-single-room.php","meta":{"footnotes":""},"class_list":["post-273","page","type-page","status-publish","hentry"],"yoast_head":"<!-- This site is optimized with the Yoast SEO plugin v27.3 - https:\/\/yoast.com\/product\/yoast-seo-wordpress\/ -->\n<title>Doppelzimmer in G\u00e9rardmer, Blick auf den See | Hotel La R\u00e9serve<\/title>\n<meta name=\"description\" content=\"Das Hotel La R\u00e9serve bietet Ihnen Doppelzimmer Komfort in modernem Design mit Blick auf den See von G\u00e9rardmer. Online-Reservierung oder telefonisch.\" \/>\n<meta name=\"robots\" content=\"index, follow, max-snippet:-1, max-image-preview:large, max-video-preview:-1\" \/>\n<link rel=\"canonical\" href=\"https:\/\/www.lareserve-gerardmer.fr\/de\/unsere-charmanten-zimmer-mit-zeitgenoessischem-design\/doppelzimmer-komfort-mit-blick-auf-den-see\/\" \/>\n<meta property=\"og:locale\" content=\"de_DE\" \/>\n<meta property=\"og:type\" content=\"article\" \/>\n<meta property=\"og:title\" content=\"Doppelzimmer in G\u00e9rardmer, Blick auf den See | Hotel La R\u00e9serve\" \/>\n<meta property=\"og:description\" content=\"Das Hotel La R\u00e9serve bietet Ihnen Doppelzimmer Komfort in modernem Design mit Blick auf den See von G\u00e9rardmer. Online-Reservierung oder telefonisch.\" \/>\n<meta property=\"og:url\" content=\"https:\/\/www.lareserve-gerardmer.fr\/de\/unsere-charmanten-zimmer-mit-zeitgenoessischem-design\/doppelzimmer-komfort-mit-blick-auf-den-see\/\" \/>\n<meta property=\"og:site_name\" content=\"La R\u00e9serve Gerardmer\" \/>\n<meta property=\"article:modified_time\" content=\"2023-12-12T11:50:41+00:00\" \/>\n<meta name=\"twitter:card\" content=\"summary_large_image\" \/>\n<meta name=\"twitter:label1\" content=\"Gesch\u00e4tzte Lesezeit\" \/>\n\t<meta name=\"twitter:data1\" content=\"1 Minute\" \/>\n<script type=\"application\/ld+json\" class=\"yoast-schema-graph\">{\"@context\":\"https:\\\/\\\/schema.org\",\"@graph\":[{\"@type\":\"WebPage\",\"@id\":\"https:\\\/\\\/www.lareserve-gerardmer.fr\\\/de\\\/unsere-charmanten-zimmer-mit-zeitgenoessischem-design\\\/doppelzimmer-komfort-mit-blick-auf-den-see\\\/\",\"url\":\"https:\\\/\\\/www.lareserve-gerardmer.fr\\\/de\\\/unsere-charmanten-zimmer-mit-zeitgenoessischem-design\\\/doppelzimmer-komfort-mit-blick-auf-den-see\\\/\",\"name\":\"Doppelzimmer in G\u00e9rardmer, Blick auf den See | Hotel La R\u00e9serve\",\"isPartOf\":{\"@id\":\"https:\\\/\\\/www.lareserve-gerardmer.fr\\\/de\\\/#website\"},\"datePublished\":\"2023-10-03T11:40:30+00:00\",\"dateModified\":\"2023-12-12T11:50:41+00:00\",\"description\":\"Das Hotel La R\u00e9serve bietet Ihnen Doppelzimmer Komfort in modernem Design mit Blick auf den See von G\u00e9rardmer. Online-Reservierung oder telefonisch.\",\"breadcrumb\":{\"@id\":\"https:\\\/\\\/www.lareserve-gerardmer.fr\\\/de\\\/unsere-charmanten-zimmer-mit-zeitgenoessischem-design\\\/doppelzimmer-komfort-mit-blick-auf-den-see\\\/#breadcrumb\"},\"inLanguage\":\"de-DE\",\"potentialAction\":[{\"@type\":\"ReadAction\",\"target\":[\"https:\\\/\\\/www.lareserve-gerardmer.fr\\\/de\\\/unsere-charmanten-zimmer-mit-zeitgenoessischem-design\\\/doppelzimmer-komfort-mit-blick-auf-den-see\\\/\"]}]},{\"@type\":\"BreadcrumbList\",\"@id\":\"https:\\\/\\\/www.lareserve-gerardmer.fr\\\/de\\\/unsere-charmanten-zimmer-mit-zeitgenoessischem-design\\\/doppelzimmer-komfort-mit-blick-auf-den-see\\\/#breadcrumb\",\"itemListElement\":[{\"@type\":\"ListItem\",\"position\":1,\"name\":\"Accueil\",\"item\":\"https:\\\/\\\/www.lareserve-gerardmer.fr\\\/de\\\/\"},{\"@type\":\"ListItem\",\"position\":2,\"name\":\"Unsere charmanten Zimmer mit zeitgen\u00f6ssischem Design\",\"item\":\"https:\\\/\\\/www.lareserve-gerardmer.fr\\\/de\\\/unsere-charmanten-zimmer-mit-zeitgenoessischem-design\\\/\"},{\"@type\":\"ListItem\",\"position\":3,\"name\":\"Doppelzimmer Komfort mit Blick auf den See\"}]},{\"@type\":\"WebSite\",\"@id\":\"https:\\\/\\\/www.lareserve-gerardmer.fr\\\/de\\\/#website\",\"url\":\"https:\\\/\\\/www.lareserve-gerardmer.fr\\\/de\\\/\",\"name\":\"La R\u00e9serve Gerardmer\",\"description\":\"\",\"potentialAction\":[{\"@type\":\"SearchAction\",\"target\":{\"@type\":\"EntryPoint\",\"urlTemplate\":\"https:\\\/\\\/www.lareserve-gerardmer.fr\\\/de\\\/?s={search_term_string}\"},\"query-input\":{\"@type\":\"PropertyValueSpecification\",\"valueRequired\":true,\"valueName\":\"search_term_string\"}}],\"inLanguage\":\"de-DE\"}]}<\/script>\n<!-- \/ Yoast SEO plugin. -->","yoast_head_json":{"title":"Doppelzimmer in G\u00e9rardmer, Blick auf den See | Hotel La R\u00e9serve","description":"Das Hotel La R\u00e9serve bietet Ihnen Doppelzimmer Komfort in modernem Design mit Blick auf den See von G\u00e9rardmer. Online-Reservierung oder telefonisch.","robots":{"index":"index","follow":"follow","max-snippet":"max-snippet:-1","max-image-preview":"max-image-preview:large","max-video-preview":"max-video-preview:-1"},"canonical":"https:\/\/www.lareserve-gerardmer.fr\/de\/unsere-charmanten-zimmer-mit-zeitgenoessischem-design\/doppelzimmer-komfort-mit-blick-auf-den-see\/","og_locale":"de_DE","og_type":"article","og_title":"Doppelzimmer in G\u00e9rardmer, Blick auf den See | Hotel La R\u00e9serve","og_description":"Das Hotel La R\u00e9serve bietet Ihnen Doppelzimmer Komfort in modernem Design mit Blick auf den See von G\u00e9rardmer. Online-Reservierung oder telefonisch.","og_url":"https:\/\/www.lareserve-gerardmer.fr\/de\/unsere-charmanten-zimmer-mit-zeitgenoessischem-design\/doppelzimmer-komfort-mit-blick-auf-den-see\/","og_site_name":"La R\u00e9serve Gerardmer","article_modified_time":"2023-12-12T11:50:41+00:00","twitter_card":"summary_large_image","twitter_misc":{"Gesch\u00e4tzte Lesezeit":"1 Minute"},"schema":{"@context":"https:\/\/schema.org","@graph":[{"@type":"WebPage","@id":"https:\/\/www.lareserve-gerardmer.fr\/de\/unsere-charmanten-zimmer-mit-zeitgenoessischem-design\/doppelzimmer-komfort-mit-blick-auf-den-see\/","url":"https:\/\/www.lareserve-gerardmer.fr\/de\/unsere-charmanten-zimmer-mit-zeitgenoessischem-design\/doppelzimmer-komfort-mit-blick-auf-den-see\/","name":"Doppelzimmer in G\u00e9rardmer, Blick auf den See | Hotel La R\u00e9serve","isPartOf":{"@id":"https:\/\/www.lareserve-gerardmer.fr\/de\/#website"},"datePublished":"2023-10-03T11:40:30+00:00","dateModified":"2023-12-12T11:50:41+00:00","description":"Das Hotel La R\u00e9serve bietet Ihnen Doppelzimmer Komfort in modernem Design mit Blick auf den See von G\u00e9rardmer. Online-Reservierung oder telefonisch.","breadcrumb":{"@id":"https:\/\/www.lareserve-gerardmer.fr\/de\/unsere-charmanten-zimmer-mit-zeitgenoessischem-design\/doppelzimmer-komfort-mit-blick-auf-den-see\/#breadcrumb"},"inLanguage":"de-DE","potentialAction":[{"@type":"ReadAction","target":["https:\/\/www.lareserve-gerardmer.fr\/de\/unsere-charmanten-zimmer-mit-zeitgenoessischem-design\/doppelzimmer-komfort-mit-blick-auf-den-see\/"]}]},{"@type":"BreadcrumbList","@id":"https:\/\/www.lareserve-gerardmer.fr\/de\/unsere-charmanten-zimmer-mit-zeitgenoessischem-design\/doppelzimmer-komfort-mit-blick-auf-den-see\/#breadcrumb","itemListElement":[{"@type":"ListItem","position":1,"name":"Accueil","item":"https:\/\/www.lareserve-gerardmer.fr\/de\/"},{"@type":"ListItem","position":2,"name":"Unsere charmanten Zimmer mit zeitgen\u00f6ssischem Design","item":"https:\/\/www.lareserve-gerardmer.fr\/de\/unsere-charmanten-zimmer-mit-zeitgenoessischem-design\/"},{"@type":"ListItem","position":3,"name":"Doppelzimmer Komfort mit Blick auf den See"}]},{"@type":"WebSite","@id":"https:\/\/www.lareserve-gerardmer.fr\/de\/#website","url":"https:\/\/www.lareserve-gerardmer.fr\/de\/","name":"La R\u00e9serve Gerardmer","description":"","potentialAction":[{"@type":"SearchAction","target":{"@type":"EntryPoint","urlTemplate":"https:\/\/www.lareserve-gerardmer.fr\/de\/?s={search_term_string}"},"query-input":{"@type":"PropertyValueSpecification","valueRequired":true,"valueName":"search_term_string"}}],"inLanguage":"de-DE"}]}},"acf":[],"_links":{"self":[{"href":"https:\/\/www.lareserve-gerardmer.fr\/de\/wp-json\/wp\/v2\/pages\/273","targetHints":{"allow":["GET"]}}],"collection":[{"href":"https:\/\/www.lareserve-gerardmer.fr\/de\/wp-json\/wp\/v2\/pages"}],"about":[{"href":"https:\/\/www.lareserve-gerardmer.fr\/de\/wp-json\/wp\/v2\/types\/page"}],"author":[{"embeddable":true,"href":"https:\/\/www.lareserve-gerardmer.fr\/de\/wp-json\/wp\/v2\/users\/16"}],"replies":[{"embeddable":true,"href":"https:\/\/www.lareserve-gerardmer.fr\/de\/wp-json\/wp\/v2\/comments?post=273"}],"version-history":[{"count":0,"href":"https:\/\/www.lareserve-gerardmer.fr\/de\/wp-json\/wp\/v2\/pages\/273\/revisions"}],"up":[{"embeddable":true,"href":"https:\/\/www.lareserve-gerardmer.fr\/de\/wp-json\/wp\/v2\/pages\/270"}],"wp:attachment":[{"href":"https:\/\/www.lareserve-gerardmer.fr\/de\/wp-json\/wp\/v2\/media?parent=273"}],"curies":[{"name":"wp","href":"https:\/\/api.w.org\/{rel}","templated":true}]}}