{"id":269,"date":"2023-10-03T13:04:00","date_gmt":"2023-10-03T11:04:00","guid":{"rendered":"https:\/\/www.lareserve-gerardmer.fr\/page-d-exemple\/"},"modified":"2023-12-12T12:47:20","modified_gmt":"2023-12-12T11:47:20","slug":"page-d-exemple","status":"publish","type":"page","link":"https:\/\/www.lareserve-gerardmer.fr\/de\/","title":{"rendered":"H\u00f4tel La R\u00e9serve &#8211; See von G\u00e9rardmer"},"content":{"rendered":"<p style=\"text-align: center;\"><span style=\"font-weight: 400;\">Unser Hotel liegt ideal am Ufer des Sees von G\u00e9rardmer, der <\/span><span style=\"font-weight: 400;\">Perle der Vogesen<\/span><span style=\"font-weight: 400;\">, und empf\u00e4ngt Sie inmitten der Natur f\u00fcr einen entspannenden und wohltuenden Zwischenstopp. Unser Hotel ist eine wahre Oase der Ruhe mit zeitgen\u00f6ssischem und schickem Charme und bietet Ihnen einen Aufenthalt im Einklang mit unseren Werten und Traditionen, die Qualit\u00e4t, Komfort und R\u00fccksicht auf Ihre Ruhe miteinander verbinden. Unsere Teams bereiten Ihnen das ganze Jahr \u00fcber einen herzlichen Empfang.<\/span><\/p>\n","protected":false},"excerpt":{"rendered":"<p>Unser Hotel liegt ideal am Ufer des Sees von G\u00e9rardmer, der Perle der Vogesen, und empf\u00e4ngt Sie inmitten der Natur f\u00fcr einen entspannenden und wohltuenden Zwischenstopp. Unser Hotel ist eine wahre Oase der Ruhe mit zeitgen\u00f6ssischem und schickem Charme und bietet Ihnen einen Aufenthalt im Einklang mit unseren Werten und Traditionen, die Qualit\u00e4t, Komfort und [&hellip;]<\/p>\n","protected":false},"author":76,"featured_media":0,"parent":0,"menu_order":10,"comment_status":"closed","ping_status":"closed","template":"","meta":{"footnotes":""},"class_list":["post-269","page","type-page","status-publish","hentry"],"yoast_head":"<!-- This site is optimized with the Yoast SEO plugin v27.3 - https:\/\/yoast.com\/product\/yoast-seo-wordpress\/ -->\n<title>Charmantes Hotel am See von G\u00e9rardmer | Hotel La R\u00e9serve<\/title>\n<meta name=\"description\" content=\"Entdecken Sie La R\u00e9serve, ein charmantes Hotel am Ufer des Sees von G\u00e9rardmer, einem sehr naturbelassenen Ort in den Vogesen. 22 Zimmer, in der N\u00e4he des Stadtzentrums, der Skipisten und der Aktivit\u00e4ten in der Umgebung.\" \/>\n<meta name=\"robots\" content=\"index, follow, max-snippet:-1, max-image-preview:large, max-video-preview:-1\" \/>\n<link rel=\"canonical\" href=\"https:\/\/www.lareserve-gerardmer.fr\/de\/\" \/>\n<meta property=\"og:locale\" content=\"de_DE\" \/>\n<meta property=\"og:type\" content=\"article\" \/>\n<meta property=\"og:title\" content=\"Charmantes Hotel am See von G\u00e9rardmer | Hotel La R\u00e9serve\" \/>\n<meta property=\"og:description\" content=\"Entdecken Sie La R\u00e9serve, ein charmantes Hotel am Ufer des Sees von G\u00e9rardmer, einem sehr naturbelassenen Ort in den Vogesen. 22 Zimmer, in der N\u00e4he des Stadtzentrums, der Skipisten und der Aktivit\u00e4ten in der Umgebung.\" \/>\n<meta property=\"og:url\" content=\"https:\/\/www.lareserve-gerardmer.fr\/de\/\" \/>\n<meta property=\"og:site_name\" content=\"La R\u00e9serve Gerardmer\" \/>\n<meta property=\"article:modified_time\" content=\"2023-12-12T11:47:20+00:00\" \/>\n<meta name=\"twitter:card\" content=\"summary_large_image\" \/>\n<script type=\"application\/ld+json\" class=\"yoast-schema-graph\">{\"@context\":\"https:\\\/\\\/schema.org\",\"@graph\":[{\"@type\":\"WebPage\",\"@id\":\"https:\\\/\\\/www.lareserve-gerardmer.fr\\\/de\\\/\",\"url\":\"https:\\\/\\\/www.lareserve-gerardmer.fr\\\/de\\\/\",\"name\":\"Charmantes Hotel am See von G\u00e9rardmer | Hotel La R\u00e9serve\",\"isPartOf\":{\"@id\":\"https:\\\/\\\/www.lareserve-gerardmer.fr\\\/de\\\/#website\"},\"datePublished\":\"2023-10-03T11:04:00+00:00\",\"dateModified\":\"2023-12-12T11:47:20+00:00\",\"description\":\"Entdecken Sie La R\u00e9serve, ein charmantes Hotel am Ufer des Sees von G\u00e9rardmer, einem sehr naturbelassenen Ort in den Vogesen. 22 Zimmer, in der N\u00e4he des Stadtzentrums, der Skipisten und der Aktivit\u00e4ten in der Umgebung.\",\"breadcrumb\":{\"@id\":\"https:\\\/\\\/www.lareserve-gerardmer.fr\\\/de\\\/#breadcrumb\"},\"inLanguage\":\"de-DE\",\"potentialAction\":[{\"@type\":\"ReadAction\",\"target\":[\"https:\\\/\\\/www.lareserve-gerardmer.fr\\\/de\\\/\"]}]},{\"@type\":\"BreadcrumbList\",\"@id\":\"https:\\\/\\\/www.lareserve-gerardmer.fr\\\/de\\\/#breadcrumb\",\"itemListElement\":[{\"@type\":\"ListItem\",\"position\":1,\"name\":\"Accueil\",\"item\":\"https:\\\/\\\/www.lareserve-gerardmer.fr\\\/de\\\/\"},{\"@type\":\"ListItem\",\"position\":2,\"name\":\"H\u00f4tel La R\u00e9serve &#8211; See von G\u00e9rardmer\"}]},{\"@type\":\"WebSite\",\"@id\":\"https:\\\/\\\/www.lareserve-gerardmer.fr\\\/de\\\/#website\",\"url\":\"https:\\\/\\\/www.lareserve-gerardmer.fr\\\/de\\\/\",\"name\":\"La R\u00e9serve Gerardmer\",\"description\":\"\",\"potentialAction\":[{\"@type\":\"SearchAction\",\"target\":{\"@type\":\"EntryPoint\",\"urlTemplate\":\"https:\\\/\\\/www.lareserve-gerardmer.fr\\\/de\\\/?s={search_term_string}\"},\"query-input\":{\"@type\":\"PropertyValueSpecification\",\"valueRequired\":true,\"valueName\":\"search_term_string\"}}],\"inLanguage\":\"de-DE\"}]}<\/script>\n<!-- \/ Yoast SEO plugin. -->","yoast_head_json":{"title":"Charmantes Hotel am See von G\u00e9rardmer | Hotel La R\u00e9serve","description":"Entdecken Sie La R\u00e9serve, ein charmantes Hotel am Ufer des Sees von G\u00e9rardmer, einem sehr naturbelassenen Ort in den Vogesen. 22 Zimmer, in der N\u00e4he des Stadtzentrums, der Skipisten und der Aktivit\u00e4ten in der Umgebung.","robots":{"index":"index","follow":"follow","max-snippet":"max-snippet:-1","max-image-preview":"max-image-preview:large","max-video-preview":"max-video-preview:-1"},"canonical":"https:\/\/www.lareserve-gerardmer.fr\/de\/","og_locale":"de_DE","og_type":"article","og_title":"Charmantes Hotel am See von G\u00e9rardmer | Hotel La R\u00e9serve","og_description":"Entdecken Sie La R\u00e9serve, ein charmantes Hotel am Ufer des Sees von G\u00e9rardmer, einem sehr naturbelassenen Ort in den Vogesen. 22 Zimmer, in der N\u00e4he des Stadtzentrums, der Skipisten und der Aktivit\u00e4ten in der Umgebung.","og_url":"https:\/\/www.lareserve-gerardmer.fr\/de\/","og_site_name":"La R\u00e9serve Gerardmer","article_modified_time":"2023-12-12T11:47:20+00:00","twitter_card":"summary_large_image","schema":{"@context":"https:\/\/schema.org","@graph":[{"@type":"WebPage","@id":"https:\/\/www.lareserve-gerardmer.fr\/de\/","url":"https:\/\/www.lareserve-gerardmer.fr\/de\/","name":"Charmantes Hotel am See von G\u00e9rardmer | Hotel La R\u00e9serve","isPartOf":{"@id":"https:\/\/www.lareserve-gerardmer.fr\/de\/#website"},"datePublished":"2023-10-03T11:04:00+00:00","dateModified":"2023-12-12T11:47:20+00:00","description":"Entdecken Sie La R\u00e9serve, ein charmantes Hotel am Ufer des Sees von G\u00e9rardmer, einem sehr naturbelassenen Ort in den Vogesen. 22 Zimmer, in der N\u00e4he des Stadtzentrums, der Skipisten und der Aktivit\u00e4ten in der Umgebung.","breadcrumb":{"@id":"https:\/\/www.lareserve-gerardmer.fr\/de\/#breadcrumb"},"inLanguage":"de-DE","potentialAction":[{"@type":"ReadAction","target":["https:\/\/www.lareserve-gerardmer.fr\/de\/"]}]},{"@type":"BreadcrumbList","@id":"https:\/\/www.lareserve-gerardmer.fr\/de\/#breadcrumb","itemListElement":[{"@type":"ListItem","position":1,"name":"Accueil","item":"https:\/\/www.lareserve-gerardmer.fr\/de\/"},{"@type":"ListItem","position":2,"name":"H\u00f4tel La R\u00e9serve &#8211; See von G\u00e9rardmer"}]},{"@type":"WebSite","@id":"https:\/\/www.lareserve-gerardmer.fr\/de\/#website","url":"https:\/\/www.lareserve-gerardmer.fr\/de\/","name":"La R\u00e9serve Gerardmer","description":"","potentialAction":[{"@type":"SearchAction","target":{"@type":"EntryPoint","urlTemplate":"https:\/\/www.lareserve-gerardmer.fr\/de\/?s={search_term_string}"},"query-input":{"@type":"PropertyValueSpecification","valueRequired":true,"valueName":"search_term_string"}}],"inLanguage":"de-DE"}]}},"acf":[],"_links":{"self":[{"href":"https:\/\/www.lareserve-gerardmer.fr\/de\/wp-json\/wp\/v2\/pages\/269","targetHints":{"allow":["GET"]}}],"collection":[{"href":"https:\/\/www.lareserve-gerardmer.fr\/de\/wp-json\/wp\/v2\/pages"}],"about":[{"href":"https:\/\/www.lareserve-gerardmer.fr\/de\/wp-json\/wp\/v2\/types\/page"}],"author":[{"embeddable":true,"href":"https:\/\/www.lareserve-gerardmer.fr\/de\/wp-json\/wp\/v2\/users\/76"}],"replies":[{"embeddable":true,"href":"https:\/\/www.lareserve-gerardmer.fr\/de\/wp-json\/wp\/v2\/comments?post=269"}],"version-history":[{"count":0,"href":"https:\/\/www.lareserve-gerardmer.fr\/de\/wp-json\/wp\/v2\/pages\/269\/revisions"}],"wp:attachment":[{"href":"https:\/\/www.lareserve-gerardmer.fr\/de\/wp-json\/wp\/v2\/media?parent=269"}],"curies":[{"name":"wp","href":"https:\/\/api.w.org\/{rel}","templated":true}]}}